{"id":3361,"date":"2024-01-25T08:35:03","date_gmt":"2024-01-25T01:35:03","guid":{"rendered":"https:\/\/demo9.thuythu.vn\/reeco\/?post_type=product&#038;p=3361"},"modified":"2024-01-25T08:39:21","modified_gmt":"2024-01-25T01:39:21","slug":"he-thong-phan-tich-ro-ri-tu-dong-hieu-suat-cao-hiden-las","status":"publish","type":"product","link":"https:\/\/demo9.thuythu.vn\/reeco\/san-pham\/he-thong-phan-tich-ro-ri-tu-dong-hieu-suat-cao-hiden-las\/","title":{"rendered":"H\u1ec7 th\u1ed1ng ph\u00e2n t\u00edch r\u00f2 r\u1ec9 t\u1ef1 \u0111\u1ed9ng hi\u1ec7u su\u1ea5t cao Hiden LAS"},"content":{"rendered":"","protected":false},"excerpt":{"rendered":"<ul>\n<li>Model: Hiden LAS<\/li>\n<li>Manufacturer: Hiden Analytical<\/li>\n<\/ul>\n<p data-sourcepos=\"1:1-1:212\">H\u1ec7 th\u1ed1ng Hiden LAS \u0111\u01b0\u1ee3c thi\u1ebft k\u1ebf \u0111\u1ec3 ph\u00e2n t\u00edch t\u1ed1c \u0111\u1ed9 r\u00f2 r\u1ec9 t\u1eeb c\u00e1c g\u00f3i k\u00edn nh\u01b0 b\u00ecnh ga mini v\u00e0 pin di \u0111\u1ed9ng. N\u00f3 c\u00f3 th\u1ec3 ph\u00e2n t\u00edch nhi\u1ec1u lo\u1ea1i kh\u00ed n\u1ea1p kh\u00e1c nhau, trong \u0111\u00f3 c\u00e1c lo\u1ea1i kh\u00ed \u0111i\u1ec3n h\u00ecnh bao g\u1ed3m He, Ar v\u00e0 CO2.<\/p>\n<p data-sourcepos=\"3:1-3:92\">H\u1ec7 th\u1ed1ng t\u1ef1 \u0111\u1ed9ng cung c\u1ea5p ph\u00e2n t\u00edch qua\/kh\u00f4ng \u0111\u1ea1t d\u1ef1a tr\u00ean m\u1ee9c r\u00f2 r\u1ec9 t\u1ed1i thi\u1ec3u \u0111\u00e3 ch\u1ec9 \u0111\u1ecbnh.<\/p>\n<p data-sourcepos=\"5:1-5:15\"><strong>C\u00e1c t\u00ednh n\u0103ng:<\/strong><\/p>\n<ul data-sourcepos=\"7:1-12:0\">\n<li data-sourcepos=\"7:1-7:20\">Ho\u1ea1t \u0111\u1ed9ng t\u1ef1 \u0111\u1ed9ng<\/li>\n<li data-sourcepos=\"8:1-8:16\">Hi\u1ec7u su\u1ea5t cao<\/li>\n<li data-sourcepos=\"9:1-9:44\">Ph\u01b0\u01a1ng ph\u00e1p ki\u1ec3m tra kh\u00f4, kh\u00f4ng nhi\u1ec5m b\u1ea9n<\/li>\n<li data-sourcepos=\"10:1-10:14\">\u0110\u1ed9 nh\u1ea1y cao<\/li>\n<li data-sourcepos=\"11:1-12:0\">Ki\u1ec3m tra kh\u00f4ng ph\u00e1 h\u1ee7y<\/li>\n<\/ul>\n<p data-sourcepos=\"13:1-13:10\"><strong>\u1ee8ng d\u1ee5ng:<\/strong><\/p>\n<ul data-sourcepos=\"15:1-18:0\">\n<li data-sourcepos=\"15:1-15:16\">Ph\u00e2n t\u00edch kh\u00ed<\/li>\n<li data-sourcepos=\"16:1-16:46\">Ph\u00e2n t\u00edch kh\u00ed d\u01b0 &amp; qu\u00e1 tr\u00ecnh ch\u00e2n kh\u00f4ng<\/li>\n<li data-sourcepos=\"17:1-18:0\">Ch\u1ea5t b\u00e1n d\u1eabn<\/li>\n<\/ul>\n","protected":false},"featured_media":3362,"comment_status":"open","ping_status":"closed","template":"","meta":[],"product_cat":[15],"product_tag":[],"acf":[],"lang":"vi","translations":{"vi":3361,"en":3363},"pll_sync_post":[],"_links":{"self":[{"href":"https:\/\/demo9.thuythu.vn\/reeco\/wp-json\/wp\/v2\/product\/3361"}],"collection":[{"href":"https:\/\/demo9.thuythu.vn\/reeco\/wp-json\/wp\/v2\/product"}],"about":[{"href":"https:\/\/demo9.thuythu.vn\/reeco\/wp-json\/wp\/v2\/types\/product"}],"replies":[{"embeddable":true,"href":"https:\/\/demo9.thuythu.vn\/reeco\/wp-json\/wp\/v2\/comments?post=3361"}],"wp:featuredmedia":[{"embeddable":true,"href":"https:\/\/demo9.thuythu.vn\/reeco\/wp-json\/wp\/v2\/media\/3362"}],"wp:attachment":[{"href":"https:\/\/demo9.thuythu.vn\/reeco\/wp-json\/wp\/v2\/media?parent=3361"}],"wp:term":[{"taxonomy":"product_cat","embeddable":true,"href":"https:\/\/demo9.thuythu.vn\/reeco\/wp-json\/wp\/v2\/product_cat?post=3361"},{"taxonomy":"product_tag","embeddable":true,"href":"https:\/\/demo9.thuythu.vn\/reeco\/wp-json\/wp\/v2\/product_tag?post=3361"}],"curies":[{"name":"wp","href":"https:\/\/api.w.org\/{rel}","templated":true}]}}