{"id":3343,"date":"2024-01-24T16:23:25","date_gmt":"2024-01-24T09:23:25","guid":{"rendered":"https:\/\/demo9.thuythu.vn\/reeco\/?post_type=product&#038;p=3343"},"modified":"2024-01-24T16:27:25","modified_gmt":"2024-01-24T09:27:25","slug":"autosims","status":"publish","type":"product","link":"https:\/\/demo9.thuythu.vn\/reeco\/san-pham\/autosims\/","title":{"rendered":"AutoSIMS"},"content":{"rendered":"","protected":false},"excerpt":{"rendered":"<ul>\n<li>Model: AutoSIMS<\/li>\n<li>Manufacturer: Hiden Analytical<\/li>\n<\/ul>\n<p data-sourcepos=\"3:1-3:370\">Hiden Analytical \u0111\u00e3 ph\u00e1t tri\u1ec3n h\u1ec7 th\u1ed1ng ph\u00e2n t\u00edch b\u1ec1 m\u1eb7t t\u1ef1 \u0111\u1ed9ng ho\u00e0n to\u00e0n trong AutoSIMS, m\u1ed9t m\u00e1y \u0111o ph\u1ed5 kh\u1ed1i ion th\u1ee9 c\u1ea5p (SIMS) s\u00e1ng t\u1ea1o c\u00f3 th\u1ec3 th\u1ef1c hi\u1ec7n c\u00e1c ph\u00e2n t\u00edch th\u00f4ng th\u01b0\u1eddng v\u00e0 l\u1eb7p \u0111i l\u1eb7p l\u1ea1i m\u00e0 kh\u00f4ng c\u1ea7n gi\u00e1m s\u00e1t. V\u1edbi b\u00e0n XY t\u1ef1 \u0111\u1ed9ng ho\u00e0n to\u00e0n v\u00e0 gi\u00e1 \u0111\u1ee1 m\u1edf r\u1ed9ng, AutoSIMS c\u1ee7a Hiden c\u00f3 th\u1ec3 ch\u1ea1y h\u00e0ng tr\u0103m quy tr\u00ecnh m\u1ed9t ng\u00e0y trong ho\u1ea1t \u0111\u1ed9ng 24\/7 kh\u00f4ng ng\u1eebng ngh\u1ec9.<\/p>\n<p data-sourcepos=\"5:1-5:13\"><strong>\u0110\u1eb7c \u0111i\u1ec3m:<\/strong><\/p>\n<ul data-sourcepos=\"7:1-22:0\">\n<li data-sourcepos=\"7:1-7:48\">Ph\u00e2n t\u00edch t\u1ef1 \u0111\u1ed9ng kh\u00f4ng c\u1ea7n gi\u00e1m s\u00e1t nhi\u1ec1u m\u1eabu<\/li>\n<li data-sourcepos=\"8:1-8:20\">K\u00edch th\u01b0\u1edbc nh\u1ecf g\u1ecdn<\/li>\n<li data-sourcepos=\"9:1-9:42\">B\u1ed1 tr\u00ed th\u00e2n thi\u1ec7n v\u1edbi ng\u01b0\u1eddi d\u00f9ng d\u1ec5 d\u00e0ng<\/li>\n<li data-sourcepos=\"10:1-10:23\">D\u00f2 s\u00e2u theo chi\u1ec1u s\u00e2u<\/li>\n<li data-sourcepos=\"11:1-11:44\">Ch\u1ec9 y\u00eau c\u1ea7u ngu\u1ed3n \u0111i\u1ec7n m\u1ed9t pha (d\u01b0\u1edbi 10 A)<\/li>\n<li data-sourcepos=\"12:1-12:20\">SIMS d\u01b0\u01a1ng v\u00e0 SNMS<\/li>\n<li data-sourcepos=\"13:1-13:21\">Thi\u1ebft k\u1ebf xe di \u0111\u1ed9ng<\/li>\n<li data-sourcepos=\"14:1-14:28\">M\u00f4 h\u00ecnh h\u00f3a v\u00e0 h\u00ecnh \u1ea3nh 3D<\/li>\n<li data-sourcepos=\"15:1-15:10\">Ph\u1ed5 kh\u1ed1i<\/li>\n<li data-sourcepos=\"16:1-16:19\">Ph\u00e2n t\u00edch \u0111\u1ed3ng v\u1ecb<\/li>\n<li data-sourcepos=\"17:1-17:49\">C\u00e1c th\u00f4ng s\u1ed1 c\u00f3 th\u1ec3 \u0111\u01b0\u1ee3c ch\u1ec9 \u0111\u1ecbnh qua b\u1ea3ng t\u00ednh<\/li>\n<li data-sourcepos=\"18:1-18:32\">\u0110\u1ed9 ph\u00e2n gi\u1ea3i chi\u1ec1u s\u00e2u nanomet<\/li>\n<li data-sourcepos=\"19:1-19:51\">B\u1ea3o tr\u00ec theo m\u00f4 \u0111un \u0111\u1ec3 c\u00f3 th\u1eddi gian ho\u1ea1t \u0111\u1ed9ng cao<\/li>\n<li data-sourcepos=\"20:1-20:32\">S\u00fang ion oxy \u0111\u1ec3 ph\u00e2n t\u00edch nh\u1ea1y<\/li>\n<li data-sourcepos=\"21:1-22:0\">Gi\u00e1 \u0111\u1ee1 m\u1eabu ki\u1ec3u b\u0103ng cassette c\u00f3 th\u1ec3 t\u00f9y ch\u1ec9nh<\/li>\n<\/ul>\n<p data-sourcepos=\"23:1-23:13\"><strong>\u1ee8ng d\u1ee5ng:<\/strong><\/p>\n<ul data-sourcepos=\"25:1-29:0\">\n<li data-sourcepos=\"25:1-25:15\">Nhi\u1ec5m silicon<\/li>\n<li data-sourcepos=\"26:1-26:38\">T\u1ebf b\u00e0o n\u0103ng l\u01b0\u1ee3ng m\u1eb7t tr\u1eddi linh ho\u1ea1t<\/li>\n<li data-sourcepos=\"27:1-27:18\">Stent ph\u1eabu thu\u1eadt<\/li>\n<li data-sourcepos=\"28:1-29:0\">V\u1eadt li\u1ec7u \u0111i\u1ec7n t\u1eed<\/li>\n<\/ul>\n","protected":false},"featured_media":3344,"comment_status":"open","ping_status":"closed","template":"","meta":[],"product_cat":[15],"product_tag":[],"acf":[],"lang":"vi","translations":{"vi":3343,"en":3345},"pll_sync_post":[],"_links":{"self":[{"href":"https:\/\/demo9.thuythu.vn\/reeco\/wp-json\/wp\/v2\/product\/3343"}],"collection":[{"href":"https:\/\/demo9.thuythu.vn\/reeco\/wp-json\/wp\/v2\/product"}],"about":[{"href":"https:\/\/demo9.thuythu.vn\/reeco\/wp-json\/wp\/v2\/types\/product"}],"replies":[{"embeddable":true,"href":"https:\/\/demo9.thuythu.vn\/reeco\/wp-json\/wp\/v2\/comments?post=3343"}],"wp:featuredmedia":[{"embeddable":true,"href":"https:\/\/demo9.thuythu.vn\/reeco\/wp-json\/wp\/v2\/media\/3344"}],"wp:attachment":[{"href":"https:\/\/demo9.thuythu.vn\/reeco\/wp-json\/wp\/v2\/media?parent=3343"}],"wp:term":[{"taxonomy":"product_cat","embeddable":true,"href":"https:\/\/demo9.thuythu.vn\/reeco\/wp-json\/wp\/v2\/product_cat?post=3343"},{"taxonomy":"product_tag","embeddable":true,"href":"https:\/\/demo9.thuythu.vn\/reeco\/wp-json\/wp\/v2\/product_tag?post=3343"}],"curies":[{"name":"wp","href":"https:\/\/api.w.org\/{rel}","templated":true}]}}