{"id":3339,"date":"2024-01-24T15:59:20","date_gmt":"2024-01-24T08:59:20","guid":{"rendered":"https:\/\/demo9.thuythu.vn\/reeco\/?post_type=product&#038;p=3339"},"modified":"2024-01-24T16:05:35","modified_gmt":"2024-01-24T09:05:35","slug":"may-phan-tich-hap-thu-khi-hon-hop-dong-luc-iga-003","status":"publish","type":"product","link":"https:\/\/demo9.thuythu.vn\/reeco\/san-pham\/may-phan-tich-hap-thu-khi-hon-hop-dong-luc-iga-003\/","title":{"rendered":"M\u00e1y ph\u00e2n t\u00edch h\u1ea5p th\u1ee5 kh\u00ed h\u1ed7n h\u1ee3p \u0111\u1ed9ng l\u1ef1c IGA-003"},"content":{"rendered":"","protected":false},"excerpt":{"rendered":"<ul>\n<li>Model: IGA-003<\/li>\n<li>Manufacturer: Hiden Isochema<\/li>\n<\/ul>\n<div>\n<p data-sourcepos=\"5:1-5:433\">IGA-003 l\u00e0 m\u1ed9t m\u00e1y ph\u00e2n t\u00edch h\u1ea5p th\u1ee5 kh\u00ed \u0111\u1ed9ng l\u1ef1c h\u1ecdc t\u00edch h\u1ee3p nhi\u1ec1u \u0111\u1ea7u v\u00e0o c\u00f3 th\u1ec3 \u0111i\u1ec1u khi\u1ec3n v\u1edbi kh\u1ea3 n\u0103ng ki\u1ec3m so\u00e1t k\u1ebft h\u1ee3p \u00e1p su\u1ea5t v\u00e0 l\u01b0u l\u01b0\u1ee3ng, \u0111\u1ed3ng th\u1eddi t\u00edch h\u1ee3p kh\u1ed1i ph\u1ed5. S\u1eed d\u1ee5ng m\u1ed9t vi c\u00e2n si\u00eau nh\u1ea1y, IGA-003 \u0111o s\u1ef1 thay \u0111\u1ed5i kh\u1ed1i l\u01b0\u1ee3ng m\u1eabu theo nhi\u1ec7t \u0111\u1ed9, \u00e1p su\u1ea5t v\u00e0 th\u00e0nh ph\u1ea7n kh\u00ed. Ph\u01b0\u01a1ng ph\u00e1p IGA \u0111\u1ed9c \u0111\u00e1o ph\u00e2n t\u00edch d\u1eef li\u1ec7u tr\u1ecdng l\u01b0\u1ee3ng theo th\u1eddi gian th\u1ef1c \u0111\u1ec3 x\u00e1c \u0111\u1ecbnh c\u00e1c th\u00f4ng s\u1ed1 \u0111\u1ed9ng h\u1ecdc v\u00e0 \u0111\u1ed3ng th\u1eddi d\u1ef1 \u0111o\u00e1n c\u00e2n b\u1eb1ng h\u1ea5p th\u1ee5.<\/p>\n<p data-sourcepos=\"7:1-7:19\"><strong>T\u00ednh n\u0103ng ch\u00ednh<\/strong><\/p>\n<ul data-sourcepos=\"9:1-14:0\">\n<li data-sourcepos=\"9:1-9:97\">Ho\u00e0n to\u00e0n c\u00f3 th\u1ec3 l\u1eadp tr\u00ecnh v\u1edbi kh\u1ea3 n\u0103ng \u0111i\u1ec1u khi\u1ec3n k\u1ebft h\u1ee3p \u00e1p su\u1ea5t, l\u01b0u l\u01b0\u1ee3ng v\u00e0 th\u00e0nh ph\u1ea7n kh\u00ed<\/li>\n<li data-sourcepos=\"10:1-10:34\">T\u00f9y ch\u1ecdn t\u00edch h\u1ee3p m\u00f4-\u0111un t\u1ea1o h\u01a1i<\/li>\n<li data-sourcepos=\"11:1-11:34\">Nhi\u1ec7t \u0111\u1ed9 m\u1eabu t\u1eeb 77 K \u0111\u1ebfn 1000 \u00b0C<\/li>\n<li data-sourcepos=\"12:1-12:64\">Ho\u00e0n to\u00e0n c\u00f3 th\u1ec3 l\u1eadp tr\u00ecnh \u0111\u1ec3 ph\u00e1t tri\u1ec3n ph\u01b0\u01a1ng ph\u00e1p ti\u00ean ti\u1ebfn<\/li>\n<li data-sourcepos=\"13:1-14:0\">T\u00f9y ch\u1ecdn kh\u1ed1i ph\u1ed5 quadrupole t\u00edch h\u1ee3p ho\u00e0n to\u00e0n \u0111\u1ec3 ph\u00e2n t\u00edch kh\u00ed tho\u00e1t ra (EGA)<\/li>\n<\/ul>\n<p>&nbsp;<\/p>\n<\/div>\n","protected":false},"featured_media":3340,"comment_status":"open","ping_status":"closed","template":"","meta":[],"product_cat":[15],"product_tag":[],"acf":[],"lang":"vi","translations":{"vi":3339,"en":3342},"pll_sync_post":[],"_links":{"self":[{"href":"https:\/\/demo9.thuythu.vn\/reeco\/wp-json\/wp\/v2\/product\/3339"}],"collection":[{"href":"https:\/\/demo9.thuythu.vn\/reeco\/wp-json\/wp\/v2\/product"}],"about":[{"href":"https:\/\/demo9.thuythu.vn\/reeco\/wp-json\/wp\/v2\/types\/product"}],"replies":[{"embeddable":true,"href":"https:\/\/demo9.thuythu.vn\/reeco\/wp-json\/wp\/v2\/comments?post=3339"}],"wp:featuredmedia":[{"embeddable":true,"href":"https:\/\/demo9.thuythu.vn\/reeco\/wp-json\/wp\/v2\/media\/3340"}],"wp:attachment":[{"href":"https:\/\/demo9.thuythu.vn\/reeco\/wp-json\/wp\/v2\/media?parent=3339"}],"wp:term":[{"taxonomy":"product_cat","embeddable":true,"href":"https:\/\/demo9.thuythu.vn\/reeco\/wp-json\/wp\/v2\/product_cat?post=3339"},{"taxonomy":"product_tag","embeddable":true,"href":"https:\/\/demo9.thuythu.vn\/reeco\/wp-json\/wp\/v2\/product_tag?post=3339"}],"curies":[{"name":"wp","href":"https:\/\/api.w.org\/{rel}","templated":true}]}}