{"id":3334,"date":"2024-01-24T15:45:27","date_gmt":"2024-01-24T08:45:27","guid":{"rendered":"https:\/\/demo9.thuythu.vn\/reeco\/?post_type=product&#038;p=3334"},"modified":"2024-01-24T15:47:40","modified_gmt":"2024-01-24T08:47:40","slug":"tpd-workstation","status":"publish","type":"product","link":"https:\/\/demo9.thuythu.vn\/reeco\/san-pham\/tpd-workstation\/","title":{"rendered":"TPD Workstation"},"content":{"rendered":"","protected":false},"excerpt":{"rendered":"<ul>\n<li>Model: TPD Workstation<\/li>\n<li>Manufacturer: Hiden Analytical<\/li>\n<\/ul>\n<p data-sourcepos=\"1:1-1:412\">TPD Workstation l\u00e0 m\u1ed9t h\u1ec7 th\u1ed1ng th\u00ed nghi\u1ec7m ho\u00e0n ch\u1ec9nh cho c\u00e1c nghi\u00ean c\u1ee9u gi\u1ea3i h\u1ea5p nhi\u1ec7t \u0111\u01b0\u1ee3c l\u1eadp tr\u00ecnh UHV (TPD). Thi\u1ebft b\u1ecb ph\u00e2n t\u00edch kh\u1ed1i l\u01b0\u1ee3ng ba b\u1ed9 l\u1ecdc \u0111\u01b0\u1ee3c c\u1ea5u h\u00ecnh v\u1edbi m\u1ed9t l\u1edbp ph\u1ee7 l\u00e0m m\u00e1t, mang l\u1ea1i cho m\u00e1y ph\u00e2n t\u00edch \u0111\u1ed9 nh\u1ea1y t\u1ed1i \u01b0u v\u1edbi m\u1ee9c \u0111\u00f3ng g\u00f3p n\u1ec1n t\u1ed1i thi\u1ec3u cho c\u00e1c s\u1ea3n ph\u1ea9m gi\u1ea3i h\u1ea5p t\u1eeb m\u1eabu. M\u1ed9t kh\u00f3a n\u1ea1p m\u1eabu nhanh v\u1edbi c\u01a1 ch\u1ebf chuy\u1ec3n m\u1eabu \u0111\u01b0\u1ee3c bao g\u1ed3m \u0111\u1ec3 cung c\u1ea5p kh\u1ea3 n\u0103ng thay \u0111\u1ed5i m\u1eabu nhanh ch\u00f3ng.<\/p>\n<p data-sourcepos=\"3:1-3:14\"><strong>\u0110\u1eb7c tr\u01b0ng:<\/strong><\/p>\n<ul data-sourcepos=\"5:1-13:0\">\n<li data-sourcepos=\"5:1-5:102\">M\u00e1y ph\u00e2n t\u00edch kh\u1ed1i l\u01b0\u1ee3ng Hiden 3F PIC cho kh\u1ea3 n\u0103ng thu th\u1eadp d\u1eef li\u1ec7u nhanh (&gt; 500 \u0111i\u1ec3m d\u1eef li\u1ec7u\/gi\u00e2y).<\/li>\n<li data-sourcepos=\"6:1-6:62\">\u0110\u1ed9 nh\u1ea1y cao &#8211; ch\u1ec9 c\u1ea7n m\u1ed9t m\u1eabu 1 cm2 \u0111\u1ec3 ph\u00e2n t\u00edch ho\u00e0n ch\u1ec9nh.<\/li>\n<li data-sourcepos=\"7:1-7:50\">Bu\u1ed3ng UHV \u0111a c\u1ed5ng \u0111\u1ec3 g\u1eafn th\u00eam c\u00e1c thi\u1ebft b\u1ecb kh\u00e1c.<\/li>\n<li data-sourcepos=\"8:1-8:80\">C\u01a1 ch\u1ebf chuy\u1ec3n m\u1eabu tuy\u1ebfn t\u00ednh v\u00e0 kh\u00f3a n\u1ea1p, bao g\u1ed3m van c\u1ed5ng v\u00e0 c\u1eeda s\u1ed5 quan s\u00e1t.<\/li>\n<li data-sourcepos=\"9:1-9:30\">Gi\u01b0\u1eddng gia nhi\u1ec7t \u0111\u1ebfn 1000\u00b0C.<\/li>\n<li data-sourcepos=\"10:1-10:66\">H\u1ec7 truy\u1ec1n \u0111\u1ed9ng Z c\u1ee7a b\u00e0n gia nhi\u1ec7t \u0111\u1ec3 \u0111\u1ecbnh v\u1ecb m\u1eabu\/m\u00e1y d\u00f2 t\u1ed1i \u01b0u.<\/li>\n<li data-sourcepos=\"11:1-11:30\">V\u1ecf nung n\u00f3ng (t\u1ed1i \u0111a 150\u00b0C).<\/li>\n<li data-sourcepos=\"12:1-13:0\">Ki\u1ec3m so\u00e1t ph\u1ea7n m\u1ec1m t\u00edch h\u1ee3p c\u00e1c giao th\u1ee9c th\u1eed nghi\u1ec7m, bao g\u1ed3m c\u00e1c l\u1ec7nh gia nhi\u1ec7t \u0111a giai \u0111o\u1ea1n.<\/li>\n<\/ul>\n<p data-sourcepos=\"14:1-14:13\"><strong>\u1ee8ng d\u1ee5ng:<\/strong><\/p>\n<ul data-sourcepos=\"16:1-22:0\">\n<li data-sourcepos=\"16:1-16:9\">X\u00fac t\u00e1c<\/li>\n<li data-sourcepos=\"17:1-17:20\">MS ph\u00e2n t\u00edch nhi\u1ec7t<\/li>\n<li data-sourcepos=\"18:1-18:17\">Khoa h\u1ecdc b\u1ec1 m\u1eb7t<\/li>\n<li data-sourcepos=\"19:1-19:18\">Ph\u00e2n t\u00edch b\u1ec1 m\u1eb7t<\/li>\n<li data-sourcepos=\"20:1-20:16\">C\u00f4ng ngh\u1ec7 nano<\/li>\n<li data-sourcepos=\"21:1-22:0\">Pin nhi\u00ean li\u1ec7u<\/li>\n<\/ul>\n","protected":false},"featured_media":3337,"comment_status":"open","ping_status":"closed","template":"","meta":[],"product_cat":[15],"product_tag":[],"acf":[],"lang":"vi","translations":{"vi":3334,"en":3338},"pll_sync_post":[],"_links":{"self":[{"href":"https:\/\/demo9.thuythu.vn\/reeco\/wp-json\/wp\/v2\/product\/3334"}],"collection":[{"href":"https:\/\/demo9.thuythu.vn\/reeco\/wp-json\/wp\/v2\/product"}],"about":[{"href":"https:\/\/demo9.thuythu.vn\/reeco\/wp-json\/wp\/v2\/types\/product"}],"replies":[{"embeddable":true,"href":"https:\/\/demo9.thuythu.vn\/reeco\/wp-json\/wp\/v2\/comments?post=3334"}],"wp:featuredmedia":[{"embeddable":true,"href":"https:\/\/demo9.thuythu.vn\/reeco\/wp-json\/wp\/v2\/media\/3337"}],"wp:attachment":[{"href":"https:\/\/demo9.thuythu.vn\/reeco\/wp-json\/wp\/v2\/media?parent=3334"}],"wp:term":[{"taxonomy":"product_cat","embeddable":true,"href":"https:\/\/demo9.thuythu.vn\/reeco\/wp-json\/wp\/v2\/product_cat?post=3334"},{"taxonomy":"product_tag","embeddable":true,"href":"https:\/\/demo9.thuythu.vn\/reeco\/wp-json\/wp\/v2\/product_tag?post=3334"}],"curies":[{"name":"wp","href":"https:\/\/api.w.org\/{rel}","templated":true}]}}