{"id":3328,"date":"2024-01-24T15:27:39","date_gmt":"2024-01-24T08:27:39","guid":{"rendered":"https:\/\/demo9.thuythu.vn\/reeco\/?post_type=product&#038;p=3328"},"modified":"2024-01-24T15:31:18","modified_gmt":"2024-01-24T08:31:18","slug":"ig5c","status":"publish","type":"product","link":"https:\/\/demo9.thuythu.vn\/reeco\/san-pham\/ig5c\/","title":{"rendered":"IG5C"},"content":{"rendered":"","protected":false},"excerpt":{"rendered":"<ul>\n<li>Model: IG5C<\/li>\n<li>Manufacturer: Hiden Analytical<\/li>\n<\/ul>\n<p data-sourcepos=\"3:1-3:253\">IG5C s\u1edf h\u1eefu ngu\u1ed3n ion h\u00f3a b\u1ec1 m\u1eb7t c\u00f4ng su\u1ea5t th\u1ea5p, \u0111\u1ed9 s\u00e1ng cao k\u1ebft h\u1ee3p v\u1edbi c\u1ed9t ion nh\u1ecf g\u1ecdn, mang \u0111\u1ebfn hi\u1ec7u su\u1ea5t v\u01b0\u1ee3t tr\u1ed9i trong m\u1ed9t thi\u1ebft b\u1ecb nh\u1ecf. H\u1ec7 th\u1ed1ng s\u00fang ion \u0111\u01b0\u1ee3c thi\u1ebft k\u1ebf l\u00e0 ngu\u1ed3n ion ch\u00ednh cho m\u1ecdi \u1ee9ng d\u1ee5ng SIMS, bao g\u1ed3m SIMS \u0111\u1ed9ng, t\u0129nh v\u00e0 h\u00ecnh \u1ea3nh.<\/p>\n<p data-sourcepos=\"5:1-5:21\"><strong>\u0110\u1eb7c \u0111i\u1ec3m n\u1ed5i b\u1eadt:<\/strong><\/p>\n<ul data-sourcepos=\"7:1-12:0\">\n<li data-sourcepos=\"7:1-7:41\">K\u00edch th\u01b0\u1edbc \u0111i\u1ec3m b\u1eafn t\u1ed1i thi\u1ec3u 20 Micron<\/li>\n<li data-sourcepos=\"8:1-8:22\">M\u1eadt \u0111\u1ed9 d\u00f2ng \u0111i\u1ec7n cao<\/li>\n<li data-sourcepos=\"9:1-9:18\">X\u1ea3 kh\u00ed trung h\u00f2a<\/li>\n<li data-sourcepos=\"10:1-10:63\">Ngu\u1ed3n ion h\u00f3a b\u1ec1 m\u1eb7t \u1ed5n \u0111\u1ecbnh trong kh\u00f4ng kh\u00ed, c\u00f3 th\u1ec3 thay th\u1ebf<\/li>\n<li data-sourcepos=\"11:1-12:0\">C\u1ed5ng k\u1ebft n\u1ed1i m\u1eb7t b\u00edch Conflat DN-35-CF<\/li>\n<\/ul>\n<p data-sourcepos=\"13:1-13:13\"><strong>\u1ee8ng d\u1ee5ng:<\/strong><\/p>\n<ul data-sourcepos=\"15:1-17:0\">\n<li data-sourcepos=\"15:1-15:29\">M\u00e0ng m\u1ecfng l\u1edbp ph\u1ee7 quang h\u1ecdc<\/li>\n<li data-sourcepos=\"16:1-17:0\">V\u1eadt li\u1ec7u \u0111i\u1ec7n t\u1eed<\/li>\n<\/ul>\n","protected":false},"featured_media":3330,"comment_status":"open","ping_status":"closed","template":"","meta":[],"product_cat":[15],"product_tag":[],"acf":[],"lang":"vi","translations":{"vi":3328,"en":3332},"pll_sync_post":[],"_links":{"self":[{"href":"https:\/\/demo9.thuythu.vn\/reeco\/wp-json\/wp\/v2\/product\/3328"}],"collection":[{"href":"https:\/\/demo9.thuythu.vn\/reeco\/wp-json\/wp\/v2\/product"}],"about":[{"href":"https:\/\/demo9.thuythu.vn\/reeco\/wp-json\/wp\/v2\/types\/product"}],"replies":[{"embeddable":true,"href":"https:\/\/demo9.thuythu.vn\/reeco\/wp-json\/wp\/v2\/comments?post=3328"}],"wp:featuredmedia":[{"embeddable":true,"href":"https:\/\/demo9.thuythu.vn\/reeco\/wp-json\/wp\/v2\/media\/3330"}],"wp:attachment":[{"href":"https:\/\/demo9.thuythu.vn\/reeco\/wp-json\/wp\/v2\/media?parent=3328"}],"wp:term":[{"taxonomy":"product_cat","embeddable":true,"href":"https:\/\/demo9.thuythu.vn\/reeco\/wp-json\/wp\/v2\/product_cat?post=3328"},{"taxonomy":"product_tag","embeddable":true,"href":"https:\/\/demo9.thuythu.vn\/reeco\/wp-json\/wp\/v2\/product_tag?post=3328"}],"curies":[{"name":"wp","href":"https:\/\/api.w.org\/{rel}","templated":true}]}}