{"id":3324,"date":"2024-01-24T15:15:52","date_gmt":"2024-01-24T08:15:52","guid":{"rendered":"https:\/\/demo9.thuythu.vn\/reeco\/?post_type=product&#038;p=3324"},"modified":"2024-01-24T15:18:41","modified_gmt":"2024-01-24T08:18:41","slug":"spacims","status":"publish","type":"product","link":"https:\/\/demo9.thuythu.vn\/reeco\/san-pham\/spacims\/","title":{"rendered":"SpaciMS"},"content":{"rendered":"","protected":false},"excerpt":{"rendered":"<ul>\n<li>Model: Spaci-MS<\/li>\n<li>Manufacturer: Hiden Analytical<\/li>\n<\/ul>\n<p data-sourcepos=\"1:1-1:369\">Spaci-MS cho ph\u00e9p x\u00e1c \u0111\u1ecbnh c\u1ea3 th\u00e0nh ph\u1ea7n theo h\u01b0\u1edbng t\u1ecfa ra v\u00e0 d\u1ecdc tr\u1ee5c c\u1ee7a ch\u1ea5t x\u00fac t\u00e1c, c\u00f9ng v\u1edbi c\u00e1c ph\u00e2n b\u1ed1 nhi\u1ec7t \u0111\u1ed9 theo kh\u00f4ng gian v\u00e0 th\u1eddi gian v\u1edbi \u0111\u1ed9 ph\u00e2n gi\u1ea3i cao v\u00e0 \u00edt g\u00e2y nhi\u1ec5u lo\u1ea1n \u0111\u1ebfn d\u00f2ng ch\u1ea3y ho\u1eb7c nhi\u1ec7t \u0111\u1ed9. H\u1ec7 th\u1ed1ng \u0111a \u0111\u1ea7u v\u00e0o 16 k\u00eanh \u0111\u01b0\u1ee3c k\u1ebft h\u1ee3p v\u1edbi m\u00e1y ph\u1ed5 kh\u1ed1i chuy\u1ec3n d\u1ecbch nhanh Hiden \u0111\u1ec3 t\u1ef1 \u0111\u1ed9ng v\u00e0 nhanh ch\u00f3ng l\u1eadp b\u1ea3n \u0111\u1ed3 ph\u00e2n b\u1ed1 nhi\u1ec7t \u0111\u1ed9 v\u00e0 th\u00e0nh ph\u1ea7n.<\/p>\n<p data-sourcepos=\"1:1-1:369\"><strong>T\u00ednh n\u0103ng<\/strong><\/p>\n<ul>\n<li data-sourcepos=\"1:1-1:369\">H\u1ec7 th\u1ed1ng \u0111\u1ea7u v\u00e0o mao qu\u1ea3n 16 k\u00eanh<\/li>\n<li data-sourcepos=\"1:1-1:369\">Ki\u1ec3m so\u00e1t b\u1eb1ng ph\u1ea7n m\u1ec1m v\u1ecb tr\u00ed d\u00f2ng l\u1ea5y m\u1eabu<\/li>\n<li data-sourcepos=\"1:1-1:369\">Ch\u1ebf Z-Drive \u0111\u1ec3 \u0111\u1ecbnh v\u1ecb c\u00e1c v\u1ecb tr\u00ed \u0111\u1ea7u v\u00e0o<\/li>\n<li data-sourcepos=\"1:1-1:369\">C\u1ea3m bi\u1ebfn nhi\u1ec7t \u0111\u1ed9 c\u1eb7p nhi\u1ec7t \u0111i\u1ec7n \u0111\u1ec3 \u0111o nhi\u1ec7t \u0111\u1ed9 t\u1ea1i \u0111i\u1ec3m l\u1ea5y m\u1eabu<\/li>\n<li data-sourcepos=\"1:1-1:369\">\u00cdt x\u00e2m l\u1ea5n<\/li>\n<li data-sourcepos=\"1:1-1:369\">B\u1ea3n \u0111\u1ed3 3D th\u00e0nh ph\u1ea7n kh\u00ed trong l\u00f2 ph\u1ea3n \u1ee9ng<\/li>\n<li data-sourcepos=\"1:1-1:369\">Ph\u00e2n b\u1ed1 th\u1eddi gian cao<\/li>\n<\/ul>\n<p data-sourcepos=\"3:1-3:9\"><strong>\u1ee8ng d\u1ee5ng:<\/strong><\/p>\n<ul data-sourcepos=\"5:1-6:0\">\n<li data-sourcepos=\"5:1-6:0\">X\u00fac t\u00e1c<\/li>\n<\/ul>\n","protected":false},"featured_media":3326,"comment_status":"open","ping_status":"closed","template":"","meta":[],"product_cat":[15],"product_tag":[],"acf":[],"lang":"vi","translations":{"vi":3324,"en":3327},"pll_sync_post":[],"_links":{"self":[{"href":"https:\/\/demo9.thuythu.vn\/reeco\/wp-json\/wp\/v2\/product\/3324"}],"collection":[{"href":"https:\/\/demo9.thuythu.vn\/reeco\/wp-json\/wp\/v2\/product"}],"about":[{"href":"https:\/\/demo9.thuythu.vn\/reeco\/wp-json\/wp\/v2\/types\/product"}],"replies":[{"embeddable":true,"href":"https:\/\/demo9.thuythu.vn\/reeco\/wp-json\/wp\/v2\/comments?post=3324"}],"wp:featuredmedia":[{"embeddable":true,"href":"https:\/\/demo9.thuythu.vn\/reeco\/wp-json\/wp\/v2\/media\/3326"}],"wp:attachment":[{"href":"https:\/\/demo9.thuythu.vn\/reeco\/wp-json\/wp\/v2\/media?parent=3324"}],"wp:term":[{"taxonomy":"product_cat","embeddable":true,"href":"https:\/\/demo9.thuythu.vn\/reeco\/wp-json\/wp\/v2\/product_cat?post=3324"},{"taxonomy":"product_tag","embeddable":true,"href":"https:\/\/demo9.thuythu.vn\/reeco\/wp-json\/wp\/v2\/product_tag?post=3324"}],"curies":[{"name":"wp","href":"https:\/\/api.w.org\/{rel}","templated":true}]}}