{"id":3312,"date":"2024-01-24T14:57:31","date_gmt":"2024-01-24T07:57:31","guid":{"rendered":"https:\/\/demo9.thuythu.vn\/reeco\/?post_type=product&#038;p=3312"},"modified":"2024-01-24T15:03:14","modified_gmt":"2024-01-24T08:03:14","slug":"sims-workstation","status":"publish","type":"product","link":"https:\/\/demo9.thuythu.vn\/reeco\/san-pham\/sims-workstation\/","title":{"rendered":"SIMS Workstation"},"content":{"rendered":"","protected":false},"excerpt":{"rendered":"<ul>\n<li>Model: SIMS Workstation<\/li>\n<li>Manufacturer: Hiden Analytical<\/li>\n<\/ul>\n<p>SIMS Workstation l\u00e0 thi\u1ebft b\u1ecb linh ho\u1ea1t, c\u00f3 \u0111\u1ed9 nh\u1ea1y c\u1ef1c cao, s\u1eed d\u1ee5ng ph\u00e9p tr\u1eafc ph\u1ed5 kh\u1ed1i ion th\u1ee9 c\u1ea5p (SIMS) \u1edf c\u1ea3 hai ch\u1ebf \u0111\u1ed9 \u0111\u1ed9ng v\u00e0 t\u0129nh. V\u1edbi kh\u1ea3 n\u0103ng ph\u00e1t hi\u1ec7n c\u1ea3 ion th\u1ee9 c\u1ea5p d\u01b0\u01a1ng (+ve) v\u00e0 ion th\u1ee9 c\u1ea5p \u00e2m (-ve), SIMS Workstation l\u00e0 m\u1ed9t gi\u1ea3i ph\u00e1p to\u00e0n di\u1ec7n cho c\u00e1c \u1ee9ng d\u1ee5ng ph\u00e2n t\u00edch th\u00e0nh ph\u1ea7n v\u00e0 \u0111\u1ed9 s\u00e2u \u0111\u1ecbnh h\u00ecnh c\u1ee7a nhi\u1ec1u lo\u1ea1i v\u1eadt li\u1ec7u bao g\u1ed3m: polyme, si\u00eau d\u1eabn, b\u00e1n d\u1eabn, h\u1ee3p kim , l\u1edbp ph\u1ee7 quang h\u1ecdc v\u00e0 ch\u1ea5t \u0111i\u1ec7n m\u00f4i.<\/p>\n<p><strong>\u01afu \u0111i\u1ec3m:<\/strong><\/p>\n<ul>\n<li>C\u00f3 th\u1ec3 ph\u00e1t hi\u1ec7n \u0111\u01b0\u1ee3c t\u1ea5t c\u1ea3 c\u00e1c nguy\u00ean t\u1ed1 v\u00e0 \u0111\u1ed3ng v\u1ecb c\u1ee7a ch\u00fang<\/li>\n<li>\u0110\u1ed9 nh\u1ea1y cao, gi\u1edbi h\u1ea1n ph\u00e1t hi\u1ec7n r\u1ed9ng (c\u00f3 th\u1ec3 ph\u00e1t hi\u1ec7n t\u1edbi ppb)<\/li>\n<li>T\u01b0 \u0111\u1ed9ng c\u0103n ch\u1ec9nh kh\u1ed1i l\u01b0\u1ee3ng cho hi\u1ec7u su\u1ea5t SIMS t\u1ed1i \u01b0u<\/li>\n<\/ul>\n<p><strong>\u1ee8ng d\u1ee5ng:<\/strong><\/p>\n<p style=\"text-align: justify;\">SIMS th\u01b0\u1eddng \u0111\u01b0\u1ee3c \u1ee9ng d\u1ee5ng \u0111\u1ec3 ph\u00e2n t\u00edch b\u1ec1 m\u1eb7t v\u1eadt li\u1ec7u, bao g\u1ed3m:<\/p>\n<ul>\n<li style=\"text-align: justify;\">K\u1ef9 thu\u1eadt m\u00e0ng m\u1ecfng, c\u00f4ng ngh\u1ec7 nano<\/li>\n<li style=\"text-align: justify;\">Ph\u00e2n t\u00edch c\u00e1c ch\u1ea5t pha t\u1ea1p (th\u00e0nh ph\u1ea7n, \u0111\u1ed9 s\u00e2u ph\u00e2n t\u00e1n) trong v\u1eadt li\u1ec7u b\u00e1n d\u1eabn.<\/li>\n<li style=\"text-align: justify;\">\u00a0Ph\u00e2n t\u00edch khuy\u1ebft t\u1eadt\/ l\u1ed7i trong pin m\u1eb7t tr\u1eddi linh ho\u1ea1t.<\/li>\n<li style=\"text-align: justify;\">Ph\u00e2n bi\u1ec7t c\u00e1c \u0111\u1ed3ng v\u1ecb.<\/li>\n<li style=\"text-align: justify;\">Ph\u00e2n t\u00edch th\u00e0nh ph\u1ea7n b\u1ec1 m\u1eb7t c\u00e1c stent ph\u1eabu thu\u1eadt.<\/li>\n<li style=\"text-align: justify;\">Ph\u00e2n t\u00edch th\u00e0nh ph\u1ea7n nhi\u00ean li\u1ec7u h\u1ea1t nh\u00e2n.<\/li>\n<li style=\"text-align: justify;\">Ph\u00e1t hi\u1ec7n th\u00e0nh ph\u1ea7n t\u1ea1p trong thu\u1ed1c, ph\u00e2n t\u00edch qu\u00e1 tr\u00ecnh ph\u00e2n h\u1ee7y l\u1edbp m\u00e0ng bao b\u1ecdc ngo\u00e0i thu\u1ed1c.<\/li>\n<\/ul>\n","protected":false},"featured_media":3322,"comment_status":"open","ping_status":"closed","template":"","meta":[],"product_cat":[15],"product_tag":[],"acf":[],"lang":"vi","translations":{"vi":3312,"en":3323},"pll_sync_post":[],"_links":{"self":[{"href":"https:\/\/demo9.thuythu.vn\/reeco\/wp-json\/wp\/v2\/product\/3312"}],"collection":[{"href":"https:\/\/demo9.thuythu.vn\/reeco\/wp-json\/wp\/v2\/product"}],"about":[{"href":"https:\/\/demo9.thuythu.vn\/reeco\/wp-json\/wp\/v2\/types\/product"}],"replies":[{"embeddable":true,"href":"https:\/\/demo9.thuythu.vn\/reeco\/wp-json\/wp\/v2\/comments?post=3312"}],"wp:featuredmedia":[{"embeddable":true,"href":"https:\/\/demo9.thuythu.vn\/reeco\/wp-json\/wp\/v2\/media\/3322"}],"wp:attachment":[{"href":"https:\/\/demo9.thuythu.vn\/reeco\/wp-json\/wp\/v2\/media?parent=3312"}],"wp:term":[{"taxonomy":"product_cat","embeddable":true,"href":"https:\/\/demo9.thuythu.vn\/reeco\/wp-json\/wp\/v2\/product_cat?post=3312"},{"taxonomy":"product_tag","embeddable":true,"href":"https:\/\/demo9.thuythu.vn\/reeco\/wp-json\/wp\/v2\/product_tag?post=3312"}],"curies":[{"name":"wp","href":"https:\/\/api.w.org\/{rel}","templated":true}]}}