{"id":3307,"date":"2024-01-24T14:33:54","date_gmt":"2024-01-24T07:33:54","guid":{"rendered":"https:\/\/demo9.thuythu.vn\/reeco\/?post_type=product&#038;p=3307"},"modified":"2024-01-24T14:39:53","modified_gmt":"2024-01-24T07:39:53","slug":"qga-2-0","status":"publish","type":"product","link":"https:\/\/demo9.thuythu.vn\/reeco\/san-pham\/qga-2-0\/","title":{"rendered":"QGA 2.0"},"content":{"rendered":"","protected":false},"excerpt":{"rendered":"<ul>\n<li>Model: QGA 2.0<\/li>\n<li>Manufacturer: Hiden Analytical<\/li>\n<\/ul>\n<p data-sourcepos=\"1:1-1:376\">H\u1ec7 th\u1ed1ng ph\u00e2n t\u00edch kh\u00ed \u0111\u1ecbnh l\u01b0\u1ee3ng th\u1ebf h\u1ec7 m\u1edbi d\u00e0nh cho c\u1ea3 c\u00e1c nh\u00e0 nghi\u00ean c\u1ee9u h\u1ecdc thu\u1eadt v\u00e0 c\u00f4ng nghi\u1ec7p. H\u1ec7 th\u1ed1ng m\u1edbi n\u00e0y \u0111\u01b0\u1ee3c x\u00e2y d\u1ef1ng d\u1ef1a tr\u00ean n\u1ec1n t\u1ea3ng v\u1eefng ch\u1eafc c\u1ee7a h\u1ec7 th\u1ed1ng QGA ban \u0111\u1ea7u, k\u1ebft h\u1ee3p nh\u1eefng c\u1ea3i ti\u1ebfn \u0111\u00e1ng k\u1ec3 \u0111\u1ec3 n\u00e2ng cao hi\u1ec7u su\u1ea5t v\u00e0 t\u00ednh d\u1ec5 s\u1eed d\u1ee5ng. QGA 2.0 nh\u1eb9 h\u01a1n, th\u00e2n thi\u1ec7n v\u1edbi ng\u01b0\u1eddi d\u00f9ng h\u01a1n, th\u00e2n thi\u1ec7n v\u1edbi m\u00f4i tr\u01b0\u1eddng v\u00e0 \u0111\u01b0\u1ee3c t\u00edch h\u1ee3p c\u00e1c t\u00ednh n\u0103ng m\u1ea1nh m\u1ebd.<\/p>\n<p data-sourcepos=\"3:1-3:13\"><strong>\u0110\u1eb7c \u0111i\u1ec3m:<\/strong><\/p>\n<ul data-sourcepos=\"5:1-14:0\">\n<li data-sourcepos=\"5:1-5:41\">Kh\u1edfi \u0111\u1ed9ng \u0111\u01a1n gi\u1ea3n &#8211; ch\u1ec9 c\u1ea7n 1 n\u00fat nh\u1ea5n<\/li>\n<li data-sourcepos=\"6:1-6:32\">H\u1ec7 th\u1ed1ng \u0111i\u1ec7n t\u1eed m\u1edbi ti\u00ean ti\u1ebfn<\/li>\n<li data-sourcepos=\"7:1-7:47\">\u0110a n\u0103ng &#8211; T\u01b0\u01a1ng th\u00edch v\u1edbi nhi\u1ec1u lo\u1ea1i c\u1ed5ng n\u1ea1p<\/li>\n<li data-sourcepos=\"8:1-8:44\">\u0110\u01b0\u1ee3c t\u1ed1i \u01b0u h\u00f3a &#8211; D\u00e0nh cho ph\u00e2n t\u00edch hydro<\/li>\n<li data-sourcepos=\"9:1-9:40\">T\u1ed1c \u0111\u1ed9 &#8211; L\u00ean \u0111\u1ebfn 1000 ph\u00e9p \u0111o m\u1ed7i gi\u00e2y<\/li>\n<li data-sourcepos=\"10:1-10:40\">Giao di\u1ec7n ph\u1ea7n m\u1ec1m tr\u1ef1c quan &#8211; QGA 2.0<\/li>\n<li data-sourcepos=\"11:1-11:35\">G\u1ecdn g\u00e0ng &#8211; K\u00edch th\u01b0\u1edbc nh\u1ecf h\u01a1n 42%<\/li>\n<li data-sourcepos=\"12:1-12:19\">Nh\u1eb9 &#8211; Nh\u1eb9 h\u01a1n 26%<\/li>\n<li data-sourcepos=\"13:1-14:0\">B\u1ec1n v\u1eefng &#8211; S\u1eed d\u1ee5ng \u00edt nguy\u00ean li\u1ec7u h\u01a1n trong qu\u00e1 tr\u00ecnh x\u00e2y d\u1ef1ng<\/li>\n<\/ul>\n<p><strong>\u1ee8ng d\u1ee5ng<\/strong><\/p>\n<ul>\n<li>Thu gi\u1eef Carbon<\/li>\n<li>Ph\u00e2n t\u00edch Hydro<\/li>\n<li>Gi\u00e1m s\u00e1t m\u00f4i tr\u01b0\u1eddng<\/li>\n<li>S\u1ea3n xu\u1ea5t v\u00e0 l\u01b0u tr\u1eef kh\u00ed<\/li>\n<li>Nghi\u00ean c\u1ee9u pin nhi\u00ean li\u1ec7u<\/li>\n<li>Ph\u00e2n t\u00edch kh\u00ed tinh khi\u1ebft cao<\/li>\n<li>Ph\u00e2n t\u00edch kh\u00ed th\u1ea3i l\u00ean men<\/li>\n<li>Ph\u00e2n t\u00edch nhi\u1ec7t<\/li>\n<\/ul>\n","protected":false},"featured_media":3309,"comment_status":"open","ping_status":"closed","template":"","meta":[],"product_cat":[15],"product_tag":[],"acf":[],"lang":"vi","translations":{"vi":3307,"en":3311},"pll_sync_post":[],"_links":{"self":[{"href":"https:\/\/demo9.thuythu.vn\/reeco\/wp-json\/wp\/v2\/product\/3307"}],"collection":[{"href":"https:\/\/demo9.thuythu.vn\/reeco\/wp-json\/wp\/v2\/product"}],"about":[{"href":"https:\/\/demo9.thuythu.vn\/reeco\/wp-json\/wp\/v2\/types\/product"}],"replies":[{"embeddable":true,"href":"https:\/\/demo9.thuythu.vn\/reeco\/wp-json\/wp\/v2\/comments?post=3307"}],"wp:featuredmedia":[{"embeddable":true,"href":"https:\/\/demo9.thuythu.vn\/reeco\/wp-json\/wp\/v2\/media\/3309"}],"wp:attachment":[{"href":"https:\/\/demo9.thuythu.vn\/reeco\/wp-json\/wp\/v2\/media?parent=3307"}],"wp:term":[{"taxonomy":"product_cat","embeddable":true,"href":"https:\/\/demo9.thuythu.vn\/reeco\/wp-json\/wp\/v2\/product_cat?post=3307"},{"taxonomy":"product_tag","embeddable":true,"href":"https:\/\/demo9.thuythu.vn\/reeco\/wp-json\/wp\/v2\/product_tag?post=3307"}],"curies":[{"name":"wp","href":"https:\/\/api.w.org\/{rel}","templated":true}]}}