{"id":3298,"date":"2024-01-24T13:56:48","date_gmt":"2024-01-24T06:56:48","guid":{"rendered":"https:\/\/demo9.thuythu.vn\/reeco\/?post_type=product&#038;p=3298"},"modified":"2024-01-24T14:01:37","modified_gmt":"2024-01-24T07:01:37","slug":"may-phan-tich-lo-xop-tu-dong-abr","status":"publish","type":"product","link":"https:\/\/demo9.thuythu.vn\/reeco\/san-pham\/may-phan-tich-lo-xop-tu-dong-abr\/","title":{"rendered":"M\u00e1y ph\u00e2n t\u00edch l\u1ed7 x\u1ed1p t\u1ef1 \u0111\u1ed9ng ABR"},"content":{"rendered":"","protected":false},"excerpt":{"rendered":"<ul>\n<li>Model: ABR<\/li>\n<li>Manufacturer: Hiden Isochema<\/li>\n<\/ul>\n<div><strong>\u0110\u1eb7c \u0111i\u1ec3m<\/strong><\/div>\n<div>\n<ul>\n<li style=\"font-weight: 400;\" aria-level=\"1\"><span style=\"font-weight: 400;\">Ph\u00e2n t\u00edch l\u1ed7 x\u1ed1p ho\u00e0n to\u00e0n t\u1ef1 \u0111\u1ed9ng<\/span><\/li>\n<li style=\"font-weight: 400;\" aria-level=\"1\"><span style=\"font-weight: 400;\">T\u1ed1i \u01b0u h\u00f3a k\u00edch th\u01b0\u1edbc m\u1eabu theo quy m\u00f4 nghi\u00ean c\u1ee9u v\u1edbi c\u1ee1 \u0111\u1ec7m t\u1eeb 2 \u0111\u1ebfn 20 cc<\/span><\/li>\n<li style=\"font-weight: 400;\" aria-level=\"1\"><span style=\"font-weight: 400;\">Chuy\u1ec3n m\u1ea1ch t\u1ef1 \u0111\u1ed9ng v\u1edbi th\u00ear t\u00edch ch\u1ebft c\u1ef1c th\u1ea5p (kh\u00ed l\u00e0m s\u1ea1ch\/ h\u1ed7n h\u1ee3p qu\u00e1 tr\u00ecnh)<\/span><\/li>\n<li style=\"font-weight: 400;\" aria-level=\"1\"><span style=\"font-weight: 400;\">T\u00f9y ch\u1ecdn cho c\u1ea3 ho\u1ea1t \u0111\u1ed9ng kh\u00ed, h\u01a1i \u0111\u01a1n v\u00e0 \u0111a th\u00e0nh ph\u1ea7n<\/span><\/li>\n<li style=\"font-weight: 400;\" aria-level=\"1\"><span style=\"font-weight: 400;\">T\u00f9y chon n\u00e2ng c\u1ea5p \u00e1p cao (50 bar)<\/span><\/li>\n<li style=\"font-weight: 400;\" aria-level=\"1\"><span style=\"font-weight: 400;\">T\u00edch h\u1ee3p to\u00e0n di\u1ec7n v\u00e0 ch\u1eb7t ch\u1ebd v\u1edbi m\u00e1y kh\u1ed1i ph\u1ed5<\/span><\/li>\n<\/ul>\n<\/div>\n","protected":false},"featured_media":3299,"comment_status":"open","ping_status":"closed","template":"","meta":[],"product_cat":[15],"product_tag":[],"acf":[],"lang":"vi","translations":{"vi":3298,"en":3301},"pll_sync_post":[],"_links":{"self":[{"href":"https:\/\/demo9.thuythu.vn\/reeco\/wp-json\/wp\/v2\/product\/3298"}],"collection":[{"href":"https:\/\/demo9.thuythu.vn\/reeco\/wp-json\/wp\/v2\/product"}],"about":[{"href":"https:\/\/demo9.thuythu.vn\/reeco\/wp-json\/wp\/v2\/types\/product"}],"replies":[{"embeddable":true,"href":"https:\/\/demo9.thuythu.vn\/reeco\/wp-json\/wp\/v2\/comments?post=3298"}],"wp:featuredmedia":[{"embeddable":true,"href":"https:\/\/demo9.thuythu.vn\/reeco\/wp-json\/wp\/v2\/media\/3299"}],"wp:attachment":[{"href":"https:\/\/demo9.thuythu.vn\/reeco\/wp-json\/wp\/v2\/media?parent=3298"}],"wp:term":[{"taxonomy":"product_cat","embeddable":true,"href":"https:\/\/demo9.thuythu.vn\/reeco\/wp-json\/wp\/v2\/product_cat?post=3298"},{"taxonomy":"product_tag","embeddable":true,"href":"https:\/\/demo9.thuythu.vn\/reeco\/wp-json\/wp\/v2\/product_tag?post=3298"}],"curies":[{"name":"wp","href":"https:\/\/api.w.org\/{rel}","templated":true}]}}