{"id":3294,"date":"2024-01-24T13:35:47","date_gmt":"2024-01-24T06:35:47","guid":{"rendered":"https:\/\/demo9.thuythu.vn\/reeco\/?post_type=product&#038;p=3294"},"modified":"2024-01-24T13:38:05","modified_gmt":"2024-01-24T06:38:05","slug":"maxim","status":"publish","type":"product","link":"https:\/\/demo9.thuythu.vn\/reeco\/san-pham\/maxim\/","title":{"rendered":"MAXIM"},"content":{"rendered":"","protected":false},"excerpt":{"rendered":"<ul>\n<li>Model: MAXIM<\/li>\n<li>Manufacturer: Hiden Analytical<\/li>\n<\/ul>\n<p data-sourcepos=\"1:1-1:41\"><strong>D\u00c0NH CHO PH\u00c2N T\u00cdCH B\u1ec0 M\u1eb6T<\/strong><\/p>\n<p data-sourcepos=\"3:1-3:406\"><strong>M\u00e1y ph\u00e2n t\u00edch kh\u1ed1i ph\u1ed5 ion th\u1ee9 c\u1ea5p Hiden MAXIM<\/strong> l\u00e0 m\u1ed9t thi\u1ebft b\u1ecb hi\u1ec7n \u0111\u1ea1i chuy\u00ean d\u1ee5ng cho vi\u1ec7c ph\u00e2n t\u00edch th\u00e0nh ph\u1ea7n nguy\u00ean t\u1ed1 v\u00e0 \u0111\u1ed3ng v\u1ecb c\u1ee7a b\u1ec1 m\u1eb7t v\u1eadt li\u1ec7u. N\u00f3 ho\u1ea1t \u0111\u1ed9ng b\u1eb1ng c\u00e1ch b\u1eafn ph\u00e1 b\u1ec1 m\u1eb7t b\u1eb1ng m\u1ed9t ch\u00f9m ion s\u01a1 c\u1ea5p, sau \u0111\u00f3 \u0111o kh\u1ed1i l\u01b0\u1ee3ng c\u1ee7a c\u00e1c ion th\u1ee9 c\u1ea5p \u0111\u01b0\u1ee3c gi\u1ea3i ph\u00f3ng. \u0110i\u1ec1u n\u00e0y cho ph\u00e9p c\u00e1c nh\u00e0 khoa h\u1ecdc x\u00e1c \u0111\u1ecbnh c\u00e1c nguy\u00ean t\u1ed1 v\u00e0 \u0111\u1ed3ng v\u1ecb c\u00f3 m\u1eb7t tr\u00ean b\u1ec1 m\u1eb7t, c\u0169ng nh\u01b0 t\u1ef7 l\u1ec7 t\u01b0\u01a1ng \u0111\u1ed1i c\u1ee7a ch\u00fang.<\/p>\n<p data-sourcepos=\"5:1-5:41\"><strong>H\u1ec7 th\u1ed1ng m\u00e1y ph\u00e2n t\u00edch MAXIM bao g\u1ed3m:<\/strong><\/p>\n<ul>\n<li data-sourcepos=\"7:1-7:71\">B\u1ed9 l\u1ecdc n\u0103ng l\u01b0\u1ee3ng t\u00edch h\u1ee3p \u0111\u1ec3 ch\u1ea5p nh\u1eadn ion \u1edf g\u00f3c 30\u00b0 so v\u1edbi tr\u1ee5c d\u00f2.<\/li>\n<li data-sourcepos=\"8:1-8:43\">Quang h\u1ecdc chi\u1ebft xu\u1ea5t SIMS truy\u1ec1n qua cao.<\/li>\n<li data-sourcepos=\"9:1-9:17\">B\u1ed9 l\u1ecdc kh\u1ed1i ba.<\/li>\n<li data-sourcepos=\"10:1-10:18\">B\u1ed9 \u0111\u1ebfm ion xung.<\/li>\n<li data-sourcepos=\"11:1-12:0\">B\u1ed9 \u0111i\u1ec1u khi\u1ec3n \u0111i\u1ec7n t\u1eed.<\/li>\n<\/ul>\n<p><strong>\u1ee8ng d\u1ee5ng:<\/strong><\/p>\n<ul>\n<li>Stent ph\u1eabu thu\u1eadt<\/li>\n<li>T\u1ebf b\u00e0o n\u0103ng l\u01b0\u1ee3ng m\u1eb7t linh ho\u1ea1t<\/li>\n<\/ul>\n","protected":false},"featured_media":3296,"comment_status":"open","ping_status":"closed","template":"","meta":[],"product_cat":[15],"product_tag":[],"acf":[],"lang":"vi","translations":{"vi":3294,"en":3297},"pll_sync_post":[],"_links":{"self":[{"href":"https:\/\/demo9.thuythu.vn\/reeco\/wp-json\/wp\/v2\/product\/3294"}],"collection":[{"href":"https:\/\/demo9.thuythu.vn\/reeco\/wp-json\/wp\/v2\/product"}],"about":[{"href":"https:\/\/demo9.thuythu.vn\/reeco\/wp-json\/wp\/v2\/types\/product"}],"replies":[{"embeddable":true,"href":"https:\/\/demo9.thuythu.vn\/reeco\/wp-json\/wp\/v2\/comments?post=3294"}],"wp:featuredmedia":[{"embeddable":true,"href":"https:\/\/demo9.thuythu.vn\/reeco\/wp-json\/wp\/v2\/media\/3296"}],"wp:attachment":[{"href":"https:\/\/demo9.thuythu.vn\/reeco\/wp-json\/wp\/v2\/media?parent=3294"}],"wp:term":[{"taxonomy":"product_cat","embeddable":true,"href":"https:\/\/demo9.thuythu.vn\/reeco\/wp-json\/wp\/v2\/product_cat?post=3294"},{"taxonomy":"product_tag","embeddable":true,"href":"https:\/\/demo9.thuythu.vn\/reeco\/wp-json\/wp\/v2\/product_tag?post=3294"}],"curies":[{"name":"wp","href":"https:\/\/api.w.org\/{rel}","templated":true}]}}