{"id":3287,"date":"2024-01-24T11:57:03","date_gmt":"2024-01-24T04:57:03","guid":{"rendered":"https:\/\/demo9.thuythu.vn\/reeco\/?post_type=product&#038;p=3287"},"modified":"2024-01-24T11:58:56","modified_gmt":"2024-01-24T04:58:56","slug":"idp-idp-1000-series","status":"publish","type":"product","link":"https:\/\/demo9.thuythu.vn\/reeco\/san-pham\/idp-idp-1000-series\/","title":{"rendered":"IDP \/ IDP 1000 Series"},"content":{"rendered":"","protected":false},"excerpt":{"rendered":"<ul>\n<li>Model: IDP \/ IDP 1000 Series<\/li>\n<li>Manufacturer: Hiden Analytical<\/li>\n<\/ul>\n<p data-sourcepos=\"3:1-3:251\"><strong>Hiden IDP (\u1ed0ng d\u00f2 gi\u1ea3i h\u1ea5p th\u1ee5 ion)<\/strong> \u0111\u01b0\u1ee3c thi\u1ebft k\u1ebf \u0111\u1ec3 ph\u00e2n t\u00edch tr\u1ef1c ti\u1ebfp c\u00e1c ion n\u0103ng l\u01b0\u1ee3ng th\u1ea5p t\u1eeb c\u00e1c k\u1ef9 thu\u1eadt khoa h\u1ecdc b\u1ec1 m\u1eb7t UHV. C\u00e1c \u1ee9ng d\u1ee5ng bao g\u1ed3m nghi\u00ean c\u1ee9u desorption k\u00edch th\u00edch electron, desorption k\u00edch th\u00edch photon v\u00e0 desorption nhi\u1ec7t.<\/p>\n<p data-sourcepos=\"5:1-5:12\"><strong>\u1ee8ng d\u1ee5ng<\/strong><\/p>\n<ul data-sourcepos=\"7:1-11:0\">\n<li data-sourcepos=\"7:1-8:0\">\n<p data-sourcepos=\"7:3-7:88\"><strong>Khoa h\u1ecdc b\u1ec1 m\u1eb7t:<\/strong> Nghi\u00ean c\u1ee9u c\u1ea5u tr\u00fac, th\u00e0nh ph\u1ea7n v\u00e0 t\u00ednh ch\u1ea5t c\u1ee7a b\u1ec1 m\u1eb7t v\u1eadt li\u1ec7u.<\/p>\n<\/li>\n<li data-sourcepos=\"9:1-11:0\">\n<p data-sourcepos=\"9:3-9:84\"><strong>X\u00fac t\u00e1c:<\/strong> Nghi\u00ean c\u1ee9u c\u00e1c qu\u00e1 tr\u00ecnh h\u00f3a h\u1ecdc x\u1ea3y ra tr\u00ean b\u1ec1 m\u1eb7t v\u1eadt li\u1ec7u x\u00fac t\u00e1c.<\/p>\n<\/li>\n<\/ul>\n","protected":false},"featured_media":3291,"comment_status":"open","ping_status":"closed","template":"","meta":[],"product_cat":[15],"product_tag":[],"acf":[],"lang":"vi","translations":{"vi":3287,"en":3292},"pll_sync_post":[],"_links":{"self":[{"href":"https:\/\/demo9.thuythu.vn\/reeco\/wp-json\/wp\/v2\/product\/3287"}],"collection":[{"href":"https:\/\/demo9.thuythu.vn\/reeco\/wp-json\/wp\/v2\/product"}],"about":[{"href":"https:\/\/demo9.thuythu.vn\/reeco\/wp-json\/wp\/v2\/types\/product"}],"replies":[{"embeddable":true,"href":"https:\/\/demo9.thuythu.vn\/reeco\/wp-json\/wp\/v2\/comments?post=3287"}],"wp:featuredmedia":[{"embeddable":true,"href":"https:\/\/demo9.thuythu.vn\/reeco\/wp-json\/wp\/v2\/media\/3291"}],"wp:attachment":[{"href":"https:\/\/demo9.thuythu.vn\/reeco\/wp-json\/wp\/v2\/media?parent=3287"}],"wp:term":[{"taxonomy":"product_cat","embeddable":true,"href":"https:\/\/demo9.thuythu.vn\/reeco\/wp-json\/wp\/v2\/product_cat?post=3287"},{"taxonomy":"product_tag","embeddable":true,"href":"https:\/\/demo9.thuythu.vn\/reeco\/wp-json\/wp\/v2\/product_tag?post=3287"}],"curies":[{"name":"wp","href":"https:\/\/api.w.org\/{rel}","templated":true}]}}