{"id":3282,"date":"2024-01-24T11:41:05","date_gmt":"2024-01-24T04:41:05","guid":{"rendered":"https:\/\/demo9.thuythu.vn\/reeco\/?post_type=product&#038;p=3282"},"modified":"2024-01-24T11:43:20","modified_gmt":"2024-01-24T04:43:20","slug":"hpr-90","status":"publish","type":"product","link":"https:\/\/demo9.thuythu.vn\/reeco\/san-pham\/hpr-90\/","title":{"rendered":"HPR-90"},"content":{"rendered":"","protected":false},"excerpt":{"rendered":"<ul>\n<li>Model: HPR 90<\/li>\n<li>Manufacturer: Hiden Analytical<\/li>\n<\/ul>\n<p data-sourcepos=\"1:1-1:137\">H\u1ec7 th\u1ed1ng ph\u00e2n t\u00edch t\u1ef1 \u0111\u1ed9ng v\u1ee1 g\u00f3i HPR-90 l\u00e0 m\u1ed9t h\u1ec7 th\u1ed1ng ho\u00e0n ch\u1ec9nh \u0111\u01b0\u1ee3c t\u1ed1i \u01b0u h\u00f3a \u0111\u1ec3 ph\u00e2n t\u00edch kh\u00ed trong c\u00e1c th\u1ec3 t\u00edch k\u00edn nh\u01b0 b\u00f3ng \u0111\u00e8n.<\/p>\n<p data-sourcepos=\"3:1-3:9\">\u1ee8ng d\u1ee5ng:<\/p>\n<ul data-sourcepos=\"5:1-8:0\">\n<li data-sourcepos=\"5:1-5:19\">Ph\u00e2n t\u00edch kh\u00ed n\u1ea1p<\/li>\n<li data-sourcepos=\"6:1-6:33\">Nghi\u00ean c\u1ee9u ki\u1ec3m so\u00e1t ch\u1ea5t l\u01b0\u1ee3ng<\/li>\n<li data-sourcepos=\"7:1-8:0\">Ph\u00e2n t\u00edch th\u1ec3 t\u00edch k\u00edn<\/li>\n<\/ul>\n","protected":false},"featured_media":3285,"comment_status":"open","ping_status":"closed","template":"","meta":[],"product_cat":[15],"product_tag":[],"acf":[],"lang":"vi","translations":{"vi":3282,"en":3286},"pll_sync_post":[],"_links":{"self":[{"href":"https:\/\/demo9.thuythu.vn\/reeco\/wp-json\/wp\/v2\/product\/3282"}],"collection":[{"href":"https:\/\/demo9.thuythu.vn\/reeco\/wp-json\/wp\/v2\/product"}],"about":[{"href":"https:\/\/demo9.thuythu.vn\/reeco\/wp-json\/wp\/v2\/types\/product"}],"replies":[{"embeddable":true,"href":"https:\/\/demo9.thuythu.vn\/reeco\/wp-json\/wp\/v2\/comments?post=3282"}],"wp:featuredmedia":[{"embeddable":true,"href":"https:\/\/demo9.thuythu.vn\/reeco\/wp-json\/wp\/v2\/media\/3285"}],"wp:attachment":[{"href":"https:\/\/demo9.thuythu.vn\/reeco\/wp-json\/wp\/v2\/media?parent=3282"}],"wp:term":[{"taxonomy":"product_cat","embeddable":true,"href":"https:\/\/demo9.thuythu.vn\/reeco\/wp-json\/wp\/v2\/product_cat?post=3282"},{"taxonomy":"product_tag","embeddable":true,"href":"https:\/\/demo9.thuythu.vn\/reeco\/wp-json\/wp\/v2\/product_tag?post=3282"}],"curies":[{"name":"wp","href":"https:\/\/api.w.org\/{rel}","templated":true}]}}