{"id":3264,"date":"2024-01-23T15:09:00","date_gmt":"2024-01-23T08:09:00","guid":{"rendered":"https:\/\/demo9.thuythu.vn\/reeco\/?post_type=product&#038;p=3264"},"modified":"2024-01-23T15:11:12","modified_gmt":"2024-01-23T08:11:12","slug":"hpr-40-dsa","status":"publish","type":"product","link":"https:\/\/demo9.thuythu.vn\/reeco\/san-pham\/hpr-40-dsa\/","title":{"rendered":"HPR-40 DSA"},"content":{"rendered":"","protected":false},"excerpt":{"rendered":"<ul>\n<li>Model: HPR-40 DSA<\/li>\n<li>Manufacturer: Hiden Analytical<\/li>\n<\/ul>\n<p data-sourcepos=\"3:1-3:509\">Hiden Analytical cung c\u1ea5p c\u00e1c gi\u1ea3i ph\u00e1p gi\u00e1m s\u00e1t kh\u00ed h\u00e0ng \u0111\u1ea7u \u0111\u01b0\u1ee3c thi\u1ebft k\u1ebf \u0111\u1ec3 thu \u0111\u01b0\u1ee3c v\u00e0 \u0111\u1ecbnh l\u01b0\u1ee3ng c\u00e1c th\u00e0nh ph\u1ea7n ph\u1ee9c t\u1ea1p trong c\u00e1c m\u1eabu l\u1ecfng. H\u1ec7 th\u1ed1ng HPR-40 DSA si\u00eau ch\u00ednh x\u00e1c c\u1ee7a ch\u00fang t\u00f4i l\u00e0 m\u1ed9t h\u1ec7 th\u1ed1ng ph\u1ee5 ph\u1ed5 kh\u1ed1i l\u01b0\u1ee3ng \u0111\u1ea7u v\u00e0o m\u00e0ng (MIMS) nh\u1ecf g\u1ecdn v\u00e0 l\u00e0 m\u1ed9t c\u00f4ng c\u1ee5 \u0111a n\u0103ng ph\u00f9 h\u1ee3p \u0111\u1ec3 ph\u00e2n t\u00edch c\u00e1c lo\u00e0i h\u00f2a tan v\u00e0 ph\u00e1t tri\u1ec3n. C\u00e1c \u0111\u1ea7u d\u00f2 tr\u1ef1c ti\u1ebfp, \u0111\u1ea7u d\u00f2 d\u00f2ng ch\u1ea3y xuy\u00ean qua v\u00e0 bu\u1ed3ng m\u00e0ng tr\u00f2n c\u00f3 s\u1eb5n \u0111\u1ec3 gi\u1ea3i quy\u1ebft m\u1ed9t lo\u1ea1t c\u00e1c \u1ee9ng d\u1ee5ng r\u1ed9ng trong nghi\u00ean c\u1ee9u tr\u1ea7m t\u00edch, n\u01b0\u1edbc bi\u1ec3n, b\u00f9n v\u00e0 n\u01b0\u1edbc ng\u1ea7m.<\/p>\n<p data-sourcepos=\"5:1-5:13\"><strong>\u1ee8ng d\u1ee5ng:<\/strong><\/p>\n<ul data-sourcepos=\"7:1-16:0\">\n<li data-sourcepos=\"7:1-7:28\">Ph\u00e2n t\u00edch c\u00e1c lo\u00e0i h\u00f2a tan<\/li>\n<li data-sourcepos=\"8:1-8:12\">Hi\u0111r\u00f4 xanh<\/li>\n<li data-sourcepos=\"9:1-9:21\">Gi\u00e1m s\u00e1t m\u00f4i tr\u01b0\u1eddng<\/li>\n<li data-sourcepos=\"10:1-10:16\">Pin nhi\u00ean li\u1ec7u<\/li>\n<li data-sourcepos=\"11:1-11:42\">Ph\u00e2n t\u00edch kh\u00ed n\u00fai l\u1eeda, n\u01b0\u1edbc v\u00e0 tr\u1ea7m t\u00edch<\/li>\n<li data-sourcepos=\"12:1-12:14\">Kh\u00ed sinh h\u1ecdc<\/li>\n<li data-sourcepos=\"13:1-13:21\">Nghi\u00ean c\u1ee9u kh\u1eed nit\u01a1<\/li>\n<li data-sourcepos=\"14:1-14:22\">Nghi\u00ean c\u1ee9u n\u01b0\u1edbc ng\u1ea7m<\/li>\n<li data-sourcepos=\"15:1-16:0\">Ph\u00e2n t\u00edch n\u01b0\u1edbc th\u1ea3i &amp; b\u00f9n<\/li>\n<\/ul>\n","protected":false},"featured_media":3267,"comment_status":"open","ping_status":"closed","template":"","meta":[],"product_cat":[15],"product_tag":[],"acf":[],"lang":"vi","translations":{"vi":3264,"en":3268},"pll_sync_post":[],"_links":{"self":[{"href":"https:\/\/demo9.thuythu.vn\/reeco\/wp-json\/wp\/v2\/product\/3264"}],"collection":[{"href":"https:\/\/demo9.thuythu.vn\/reeco\/wp-json\/wp\/v2\/product"}],"about":[{"href":"https:\/\/demo9.thuythu.vn\/reeco\/wp-json\/wp\/v2\/types\/product"}],"replies":[{"embeddable":true,"href":"https:\/\/demo9.thuythu.vn\/reeco\/wp-json\/wp\/v2\/comments?post=3264"}],"wp:featuredmedia":[{"embeddable":true,"href":"https:\/\/demo9.thuythu.vn\/reeco\/wp-json\/wp\/v2\/media\/3267"}],"wp:attachment":[{"href":"https:\/\/demo9.thuythu.vn\/reeco\/wp-json\/wp\/v2\/media?parent=3264"}],"wp:term":[{"taxonomy":"product_cat","embeddable":true,"href":"https:\/\/demo9.thuythu.vn\/reeco\/wp-json\/wp\/v2\/product_cat?post=3264"},{"taxonomy":"product_tag","embeddable":true,"href":"https:\/\/demo9.thuythu.vn\/reeco\/wp-json\/wp\/v2\/product_tag?post=3264"}],"curies":[{"name":"wp","href":"https:\/\/api.w.org\/{rel}","templated":true}]}}