{"id":3253,"date":"2024-01-23T14:38:33","date_gmt":"2024-01-23T07:38:33","guid":{"rendered":"https:\/\/demo9.thuythu.vn\/reeco\/?post_type=product&#038;p=3253"},"modified":"2024-01-23T14:43:40","modified_gmt":"2024-01-23T07:43:40","slug":"hpr-60","status":"publish","type":"product","link":"https:\/\/demo9.thuythu.vn\/reeco\/san-pham\/hpr-60\/","title":{"rendered":"HPR-60"},"content":{"rendered":"","protected":false},"excerpt":{"rendered":"<ul>\n<li>Model: CATLAB-PCS<\/li>\n<li>Manufacturer: Hiden Analytical<\/li>\n<\/ul>\n<p data-sourcepos=\"1:1-7:16\">H\u1ec7 th\u1ed1ng Hiden HPR-60 MBMS l\u00e0 m\u1ed9t h\u1ec7 th\u1ed1ng \u0111\u01b0\u1ee3c thi\u1ebft k\u1ebf ri\u00eang \u0111\u1ec3 ph\u00e2n t\u00edch c\u00e1c lo\u00e0i kh\u00ed ph\u1ea3n \u1ee9ng v\u00e0 plasma \u0111\u01b0\u1ee3c t\u1ea1o ra cho nhi\u1ec1u \u1ee9ng d\u1ee5ng nghi\u00ean c\u1ee9u kh\u00e1c nhau.<br \/>\n<strong>\u1ee8ng d\u1ee5ng<\/strong><\/p>\n<ul>\n<li>\u1ee8ng d\u1ee5ng plasma kh\u00ed quy\u1ec3n trong y h\u1ecdc v\u00e0 polymer<\/li>\n<li>Y h\u1ecdc plasma<\/li>\n<li>Ph\u00e1t hi\u1ec7n ch\u1ea5t n\u1ed5 b\u1eb1ng c\u00e1ch s\u1eed d\u1ee5ng plasma h\u1ed7 tr\u1ee3 kh\u1eed h\u1ea5p ph\u1ee5 v\u00e0 ion h\u00f3a (PADI)<\/li>\n<li>\u0110\u1eb7c tr\u01b0ng plasma<\/li>\n<li>C\u00f4ng ngh\u1ec7 nano<\/li>\n<\/ul>\n<div><\/div>\n","protected":false},"featured_media":3256,"comment_status":"open","ping_status":"closed","template":"","meta":[],"product_cat":[15],"product_tag":[],"acf":[],"lang":"vi","translations":{"vi":3253,"en":3263},"pll_sync_post":[],"_links":{"self":[{"href":"https:\/\/demo9.thuythu.vn\/reeco\/wp-json\/wp\/v2\/product\/3253"}],"collection":[{"href":"https:\/\/demo9.thuythu.vn\/reeco\/wp-json\/wp\/v2\/product"}],"about":[{"href":"https:\/\/demo9.thuythu.vn\/reeco\/wp-json\/wp\/v2\/types\/product"}],"replies":[{"embeddable":true,"href":"https:\/\/demo9.thuythu.vn\/reeco\/wp-json\/wp\/v2\/comments?post=3253"}],"wp:featuredmedia":[{"embeddable":true,"href":"https:\/\/demo9.thuythu.vn\/reeco\/wp-json\/wp\/v2\/media\/3256"}],"wp:attachment":[{"href":"https:\/\/demo9.thuythu.vn\/reeco\/wp-json\/wp\/v2\/media?parent=3253"}],"wp:term":[{"taxonomy":"product_cat","embeddable":true,"href":"https:\/\/demo9.thuythu.vn\/reeco\/wp-json\/wp\/v2\/product_cat?post=3253"},{"taxonomy":"product_tag","embeddable":true,"href":"https:\/\/demo9.thuythu.vn\/reeco\/wp-json\/wp\/v2\/product_tag?post=3253"}],"curies":[{"name":"wp","href":"https:\/\/api.w.org\/{rel}","templated":true}]}}