{"id":3244,"date":"2024-01-23T13:59:16","date_gmt":"2024-01-23T06:59:16","guid":{"rendered":"https:\/\/demo9.thuythu.vn\/reeco\/?post_type=product&#038;p=3244"},"modified":"2024-01-23T14:13:20","modified_gmt":"2024-01-23T07:13:20","slug":"catlab-pcs","status":"publish","type":"product","link":"https:\/\/demo9.thuythu.vn\/reeco\/san-pham\/catlab-pcs\/","title":{"rendered":"CATLAB-PCS"},"content":{"rendered":"","protected":false},"excerpt":{"rendered":"<ul>\n<li>Model: CATLAB-PCS<\/li>\n<li>Manufacturer: Hiden Analytica<\/li>\n<\/ul>\n<p data-sourcepos=\"3:1-3:532\">M\u00f4 \u0111un vi ph\u1ea3n \u1ee9ng CATLAB &#8211; PCS \u0111\u01b0\u1ee3c thi\u1ebft k\u1ebf cho c\u1ea3 vi\u1ec7c ph\u00e2n t\u00edch \u0111\u1eb7c t\u00ednh ch\u1ea5t x\u00fac t\u00e1c th\u00f4ng qua m\u1ed9t lo\u1ea1t c\u00e1c ph\u00e9p ph\u00e2n t\u00edch ch\u01b0\u01a1ng tr\u00ecnh nhi\u1ec7t \u0111\u1ed9ng v\u00e0 vi\u1ec7c s\u00e0ng l\u1ecdc nhanh ch\u00f3ng, t\u00e1i t\u1ea1o ho\u1ea1t \u0111\u1ed9ng c\u1ee7a ch\u1ea5t x\u00fac t\u00e1c. Vi ph\u1ea3n \u1ee9ng CATLAB &#8211; PCS l\u00e0 m\u1ed9t h\u1ec7 th\u1ed1ng ph\u1ea3n \u1ee9ng \u0111\u1ed9c \u0111\u00e1o \u0111\u01b0\u1ee3c thi\u1ebft k\u1ebf \u0111\u1ec3 t\u00edch h\u1ee3p chuy\u00ean d\u1ee5ng v\u1edbi m\u00e1y ph\u1ed5 kh\u1ed1i Hiden QIC, cung c\u1ea5p ph\u00e2n t\u00edch ph\u1ed5 kh\u1ed1i theo th\u1eddi gian th\u1ef1c tr\u1ef1c tuy\u1ebfn li\u1ec1n m\u1ea1ch v\u1edbi kh\u1ea3 n\u0103ng \u0111i\u1ec1u khi\u1ec3n to\u00e0n h\u1ec7 th\u1ed1ng, thu th\u1eadp d\u1eef li\u1ec7u v\u00e0 ph\u00e2n t\u00edch tr\u00ean PC th\u00f4ng qua b\u1ed9 ph\u1ea7n m\u1ec1m CATLAB &#8211; PCS Windows\u00ae.<\/p>\n<p data-sourcepos=\"5:1-5:13\"><strong>\u1ee8ng d\u1ee5ng:<\/strong><\/p>\n<ul data-sourcepos=\"7:1-17:0\">\n<li data-sourcepos=\"7:1-7:14\">Ch\u1ea5t x\u00fac t\u00e1c<\/li>\n<li data-sourcepos=\"8:1-8:4\">TD<\/li>\n<li data-sourcepos=\"9:1-9:9\">TPO\/TPR<\/li>\n<li data-sourcepos=\"10:1-10:19\">Kh\u1edbp h\u1ea5p ph\u1ee5 xung<\/li>\n<li data-sourcepos=\"11:1-11:23\">Ki\u1ec3m tra ch\u1ea5t x\u00fac t\u00e1c<\/li>\n<li data-sourcepos=\"12:1-12:16\">\u0110o \u0111\u1ed9 ph\u00e2n t\u00e1n<\/li>\n<li data-sourcepos=\"13:1-13:24\">Nhi\u1ec7t isotherm h\u1ea5p th\u1ee5<\/li>\n<li data-sourcepos=\"14:1-14:21\">Nghi\u00ean c\u1ee9u ph\u1ea3n \u1ee9ng<\/li>\n<li data-sourcepos=\"15:1-17:0\">Pin nhi\u00ean li\u1ec7u<\/li>\n<\/ul>\n","protected":false},"featured_media":3247,"comment_status":"open","ping_status":"closed","template":"","meta":[],"product_cat":[15],"product_tag":[],"acf":[],"lang":"vi","translations":{"vi":3244,"en":3251},"pll_sync_post":[],"_links":{"self":[{"href":"https:\/\/demo9.thuythu.vn\/reeco\/wp-json\/wp\/v2\/product\/3244"}],"collection":[{"href":"https:\/\/demo9.thuythu.vn\/reeco\/wp-json\/wp\/v2\/product"}],"about":[{"href":"https:\/\/demo9.thuythu.vn\/reeco\/wp-json\/wp\/v2\/types\/product"}],"replies":[{"embeddable":true,"href":"https:\/\/demo9.thuythu.vn\/reeco\/wp-json\/wp\/v2\/comments?post=3244"}],"wp:featuredmedia":[{"embeddable":true,"href":"https:\/\/demo9.thuythu.vn\/reeco\/wp-json\/wp\/v2\/media\/3247"}],"wp:attachment":[{"href":"https:\/\/demo9.thuythu.vn\/reeco\/wp-json\/wp\/v2\/media?parent=3244"}],"wp:term":[{"taxonomy":"product_cat","embeddable":true,"href":"https:\/\/demo9.thuythu.vn\/reeco\/wp-json\/wp\/v2\/product_cat?post=3244"},{"taxonomy":"product_tag","embeddable":true,"href":"https:\/\/demo9.thuythu.vn\/reeco\/wp-json\/wp\/v2\/product_tag?post=3244"}],"curies":[{"name":"wp","href":"https:\/\/api.w.org\/{rel}","templated":true}]}}