{"id":3238,"date":"2024-01-23T13:38:31","date_gmt":"2024-01-23T06:38:31","guid":{"rendered":"https:\/\/demo9.thuythu.vn\/reeco\/?post_type=product&#038;p=3238"},"modified":"2024-01-23T13:53:57","modified_gmt":"2024-01-23T06:53:57","slug":"espion","status":"publish","type":"product","link":"https:\/\/demo9.thuythu.vn\/reeco\/san-pham\/espion\/","title":{"rendered":"ESPion"},"content":{"rendered":"","protected":false},"excerpt":{"rendered":"<div>\n<ul>\n<li>Model: ESPion<\/li>\n<li>Manufacturer: Hiden Analytical<\/li>\n<\/ul>\n<\/div>\n<div>H\u1ec7 th\u1ed1ng Hiden ESPION cung c\u1ea5p kh\u1ea3 n\u0103ng thu th\u1eadp c\u00e1c th\u00f4ng s\u1ed1 plasma t\u1ef1 \u0111\u1ed9ng theo th\u1eddi gian th\u1ef1c, mang l\u1ea1i th\u00f4ng tin chi ti\u1ebft \u0111\u1ec3 s\u1eed d\u1ee5ng trong vi\u1ec7c ph\u00e2n t\u00edch \u0111\u1eb7c \u0111i\u1ec3m plasma v\u00e0 gi\u00e1m s\u00e1t t\u00ednh \u0111\u1ed3ng nh\u1ea5t, bao g\u1ed3m:<\/div>\n<ul>\n<li>\u0110i\u1ec7n th\u1ebf Plasma (Plasma Potential)<\/li>\n<li>Nhi\u1ec7t \u0111\u1ed9 Electron (Electron Temperature)<\/li>\n<li>M\u1eadt \u0111\u1ed9 Ion (Ion Density)<\/li>\n<li>M\u1eadt \u0111\u1ed9 Electron (Electron Density)<\/li>\n<li>Th\u00f4ng l\u01b0\u1ee3ng Ion (Ion Flux)<\/li>\n<li>H\u00e0m ph\u00e2n b\u1ed1 n\u0103ng l\u01b0\u1ee3ng electron (Electron Energy Distribution Function &#8211; EEDF)<\/li>\n<\/ul>\n<div><strong>\u1ee8ng d\u1ee5ng<\/strong><\/div>\n<ul>\n<li>Ph\u00e2n t\u00edch \u0111\u1eb7c \u0111i\u1ec3m plasma<\/li>\n<li>Kh\u1eafc plasma v\u00e0 T\u00e1n l\u1edbp nguy\u00ean t\u1eed (ALE)<\/li>\n<li>L\u1edbp ph\u1ee7 Kim c\u01b0\u01a1ng d\u1ea1ng Cacbon (DLC)<\/li>\n<li>HiPIMS<\/li>\n<li>L\u1eafng \u0111\u1ecdng b\u1eb1ng laser xung (PLD)<\/li>\n<li>L\u1eafng \u0111\u1ecdng SiBCN b\u1eb1ng Magnetron DC<\/li>\n<\/ul>\n","protected":false},"featured_media":3240,"comment_status":"open","ping_status":"closed","template":"","meta":[],"product_cat":[15],"product_tag":[],"acf":[],"lang":"vi","translations":{"vi":3238,"en":3243},"pll_sync_post":[],"_links":{"self":[{"href":"https:\/\/demo9.thuythu.vn\/reeco\/wp-json\/wp\/v2\/product\/3238"}],"collection":[{"href":"https:\/\/demo9.thuythu.vn\/reeco\/wp-json\/wp\/v2\/product"}],"about":[{"href":"https:\/\/demo9.thuythu.vn\/reeco\/wp-json\/wp\/v2\/types\/product"}],"replies":[{"embeddable":true,"href":"https:\/\/demo9.thuythu.vn\/reeco\/wp-json\/wp\/v2\/comments?post=3238"}],"wp:featuredmedia":[{"embeddable":true,"href":"https:\/\/demo9.thuythu.vn\/reeco\/wp-json\/wp\/v2\/media\/3240"}],"wp:attachment":[{"href":"https:\/\/demo9.thuythu.vn\/reeco\/wp-json\/wp\/v2\/media?parent=3238"}],"wp:term":[{"taxonomy":"product_cat","embeddable":true,"href":"https:\/\/demo9.thuythu.vn\/reeco\/wp-json\/wp\/v2\/product_cat?post=3238"},{"taxonomy":"product_tag","embeddable":true,"href":"https:\/\/demo9.thuythu.vn\/reeco\/wp-json\/wp\/v2\/product_tag?post=3238"}],"curies":[{"name":"wp","href":"https:\/\/api.w.org\/{rel}","templated":true}]}}