{"id":3232,"date":"2024-01-23T11:52:52","date_gmt":"2024-01-23T04:52:52","guid":{"rendered":"https:\/\/demo9.thuythu.vn\/reeco\/?post_type=product&#038;p=3232"},"modified":"2024-01-23T11:58:06","modified_gmt":"2024-01-23T04:58:06","slug":"eqs-sims-analyser","status":"publish","type":"product","link":"https:\/\/demo9.thuythu.vn\/reeco\/san-pham\/eqs-sims-analyser\/","title":{"rendered":"EQS SIMS Analyser"},"content":{"rendered":"","protected":false},"excerpt":{"rendered":"<ul>\n<li>Model: EQS SIMS<\/li>\n<li>Manufacturer: Hiden Analytical<\/li>\n<\/ul>\n<div>M\u00e1y ph\u00e2n t\u00edch kh\u1ed1i ph\u1ed5 ion th\u1ee9 c\u1ea5p \u0111i\u1ec7n t\u1eed t\u1ee9 c\u1ef1c c\u00f3 \u0111\u1ed9 truy\u1ec1n t\u1ea3i cao (SIMS) d\u00e0nh cho ph\u00e2n t\u00edch b\u1ec1 m\u1eb7t nano m\u00e0ng m\u1ecfng quy m\u00f4 nghi\u00ean c\u1ee9u. M\u00e1y ph\u00e2n t\u00edch EQS SIMS l\u00e0 m\u1ed9t b\u1ed9 ph\u00e2n t\u00edch b\u1ed5 sung l\u00fd t\u01b0\u1edfng cho c\u00e1c h\u1ec7 th\u1ed1ng k\u00ednh hi\u1ec3n vi XPS v\u00e0 ch\u00f9m ion t\u1eadp trung FIB.<\/div>\n<div><strong>\u1ee8ng d\u1ee5ng:<\/strong><\/div>\n<ul>\n<li>FIB-SIMS \u0111\u1ec3 ph\u00e2n t\u00edch v\u1eadt li\u1ec7u nano<\/li>\n<li>Nghi\u00ean c\u1ee9u pin<\/li>\n<li>V\u1eadt li\u1ec7u h\u1ea1t nh\u00e2n<\/li>\n<li>Khoa h\u1ecdc b\u1ec1 m\u1eb7t UHV<\/li>\n<\/ul>\n","protected":false},"featured_media":3235,"comment_status":"open","ping_status":"closed","template":"","meta":[],"product_cat":[15],"product_tag":[],"acf":[],"lang":"vi","translations":{"vi":3232,"en":3236},"pll_sync_post":[],"_links":{"self":[{"href":"https:\/\/demo9.thuythu.vn\/reeco\/wp-json\/wp\/v2\/product\/3232"}],"collection":[{"href":"https:\/\/demo9.thuythu.vn\/reeco\/wp-json\/wp\/v2\/product"}],"about":[{"href":"https:\/\/demo9.thuythu.vn\/reeco\/wp-json\/wp\/v2\/types\/product"}],"replies":[{"embeddable":true,"href":"https:\/\/demo9.thuythu.vn\/reeco\/wp-json\/wp\/v2\/comments?post=3232"}],"wp:featuredmedia":[{"embeddable":true,"href":"https:\/\/demo9.thuythu.vn\/reeco\/wp-json\/wp\/v2\/media\/3235"}],"wp:attachment":[{"href":"https:\/\/demo9.thuythu.vn\/reeco\/wp-json\/wp\/v2\/media?parent=3232"}],"wp:term":[{"taxonomy":"product_cat","embeddable":true,"href":"https:\/\/demo9.thuythu.vn\/reeco\/wp-json\/wp\/v2\/product_cat?post=3232"},{"taxonomy":"product_tag","embeddable":true,"href":"https:\/\/demo9.thuythu.vn\/reeco\/wp-json\/wp\/v2\/product_tag?post=3232"}],"curies":[{"name":"wp","href":"https:\/\/api.w.org\/{rel}","templated":true}]}}