{"id":3222,"date":"2024-01-23T11:31:40","date_gmt":"2024-01-23T04:31:40","guid":{"rendered":"https:\/\/demo9.thuythu.vn\/reeco\/?post_type=product&#038;p=3222"},"modified":"2024-01-23T11:34:34","modified_gmt":"2024-01-23T04:34:34","slug":"eqp-series","status":"publish","type":"product","link":"https:\/\/demo9.thuythu.vn\/reeco\/san-pham\/eqp-series\/","title":{"rendered":"EQP Series"},"content":{"rendered":"","protected":false},"excerpt":{"rendered":"<ul>\n<li>Model: EQP Series<\/li>\n<li>Manufacturer: Hiden Analytical<\/li>\n<\/ul>\n<p data-sourcepos=\"3:1-3:102\">M\u00e1y ph\u00e2n t\u00edch kh\u1ed1i l\u01b0\u1ee3ng\/n\u0103ng l\u01b0\u1ee3ng \u0111\u1ed1i v\u1edbi c\u00e1c ion, ph\u00e2n t\u1eed trung h\u00f2a v\u00e0 g\u1ed1c t\u1ef1 do t\u1eeb Plasma<\/p>\n<p data-sourcepos=\"5:1-5:307\">C\u00e1c h\u1ec7 th\u1ed1ng m\u00e1y ph\u00e2n t\u00edch kh\u1ed1i l\u01b0\u1ee3ng quadrupole d\u00f2ng EQP c\u1ee7a Hiden \u0111\u01b0\u1ee3c thi\u1ebft k\u1ebf \u0111\u1ec3 ph\u00e2n t\u00edch tr\u1ef1c ti\u1ebfp kh\u1ed1i l\u01b0\u1ee3ng v\u00e0 n\u0103ng l\u01b0\u1ee3ng ion plasma trong c\u1ea3 \u1ee9ng d\u1ee5ng \u0111\u1eb7c tr\u01b0ng plasma v\u00e0 ch\u1ea9n \u0111o\u00e1n quy tr\u00ecnh. D\u00f2ng s\u1ea3n ph\u1ea9m \u0111\u01b0\u1ee3c m\u1edf r\u1ed9ng \u0111\u1ec3 bao g\u1ed3m m\u00e1y ph\u00e2n t\u00edch kh\u1ed1i l\u01b0\u1ee3ng quadrupole 20 mm h\u00e0ng \u0111\u1ea7u c\u1ee7a Hiden, EQP-20.<\/p>\n<p data-sourcepos=\"7:1-7:13\"><strong>\u1ee8ng d\u1ee5ng:<\/strong><\/p>\n<ul data-sourcepos=\"9:1-15:0\">\n<li data-sourcepos=\"9:1-9:18\">\u0110\u1eb7c tr\u01b0ng plasma<\/li>\n<li data-sourcepos=\"10:1-10:20\">Kh\u1eafc plasma v\u00e0 ALE<\/li>\n<li data-sourcepos=\"11:1-11:8\">HiPIMS<\/li>\n<li data-sourcepos=\"12:1-12:37\">L\u1edbp ph\u1ee7 kim c\u01b0\u01a1ng d\u1ea1ng carbon (DLC)<\/li>\n<li data-sourcepos=\"13:1-13:36\">L\u1edbp ph\u1ee7 l\u1eafng \u0111\u1ecdng laser xung (PLD)<\/li>\n<li data-sourcepos=\"14:1-15:0\">L\u1eafng \u0111\u1ecdng magnetron DC c\u1ee7a m\u00e0ng SiBCN<\/li>\n<\/ul>\n","protected":false},"featured_media":3229,"comment_status":"open","ping_status":"closed","template":"","meta":[],"product_cat":[15],"product_tag":[],"acf":[],"lang":"vi","translations":{"vi":3222,"en":3231},"pll_sync_post":[],"_links":{"self":[{"href":"https:\/\/demo9.thuythu.vn\/reeco\/wp-json\/wp\/v2\/product\/3222"}],"collection":[{"href":"https:\/\/demo9.thuythu.vn\/reeco\/wp-json\/wp\/v2\/product"}],"about":[{"href":"https:\/\/demo9.thuythu.vn\/reeco\/wp-json\/wp\/v2\/types\/product"}],"replies":[{"embeddable":true,"href":"https:\/\/demo9.thuythu.vn\/reeco\/wp-json\/wp\/v2\/comments?post=3222"}],"wp:featuredmedia":[{"embeddable":true,"href":"https:\/\/demo9.thuythu.vn\/reeco\/wp-json\/wp\/v2\/media\/3229"}],"wp:attachment":[{"href":"https:\/\/demo9.thuythu.vn\/reeco\/wp-json\/wp\/v2\/media?parent=3222"}],"wp:term":[{"taxonomy":"product_cat","embeddable":true,"href":"https:\/\/demo9.thuythu.vn\/reeco\/wp-json\/wp\/v2\/product_cat?post=3222"},{"taxonomy":"product_tag","embeddable":true,"href":"https:\/\/demo9.thuythu.vn\/reeco\/wp-json\/wp\/v2\/product_tag?post=3222"}],"curies":[{"name":"wp","href":"https:\/\/api.w.org\/{rel}","templated":true}]}}