{"id":3218,"date":"2024-01-23T11:11:14","date_gmt":"2024-01-23T04:11:14","guid":{"rendered":"https:\/\/demo9.thuythu.vn\/reeco\/?post_type=product&#038;p=3218"},"modified":"2024-01-23T11:13:50","modified_gmt":"2024-01-23T04:13:50","slug":"hpr-30-series","status":"publish","type":"product","link":"https:\/\/demo9.thuythu.vn\/reeco\/san-pham\/hpr-30-series\/","title":{"rendered":"HPR-30 Series"},"content":{"rendered":"","protected":false},"excerpt":{"rendered":"<ul>\n<li>Model: HPR-30 Series<\/li>\n<li>Manufacturer: Hiden Analytical<\/li>\n<\/ul>\n<div>\n<p data-sourcepos=\"1:1-1:369\"><span style=\"color: #000000;\">H\u1ec7 th\u1ed1ng ph\u00e2n t\u00edch kh\u00ed d\u01b0 HPR-30 \u0111\u01b0\u1ee3c thi\u1ebft l\u1eadp \u0111\u1ec3 ph\u00e2n t\u00edch kh\u00ed v\u00e0 h\u01a1i trong c\u00e1c qu\u00e1 tr\u00ecnh ch\u00e2n kh\u00f4ng v\u00e0 \u0111\u1ec3 ch\u1ea9n \u0111o\u00e1n ch\u00e2n kh\u00f4ng v\u1edbi kh\u1ea3 n\u0103ng l\u1ea5y m\u1eabu t\u1eeb ch\u00e2n kh\u00f4ng cao \u0111\u1ebfn \u00e1p su\u1ea5t kh\u00ed quy\u1ec3n. H\u1ec7 th\u1ed1ng c\u00f3 th\u1ec3 c\u1ea5u h\u00ecnh ho\u00e0n to\u00e0n cho c\u00e1c \u1ee9ng d\u1ee5ng quy tr\u00ecnh c\u00e1 nh\u00e2n nh\u01b0 CVD, ALD, kh\u1eafc plasma, MOCVD, \u0111\u1ed9 tinh khi\u1ebft kh\u00ed quy tr\u00ecnh v\u00e0 gi\u00e1m s\u00e1t ch\u1ea5t g\u00e2y \u00f4 nhi\u1ec5m trong qu\u00e1 tr\u00ecnh.<\/span><\/p>\n<p data-sourcepos=\"3:1-3:13\"><strong>\u1ee8ng d\u1ee5ng:<\/strong><\/p>\n<ul data-sourcepos=\"5:1-12:0\">\n<li data-sourcepos=\"5:1-5:18\">\u0110\u1eb7c tr\u01b0ng Plasma<\/li>\n<li data-sourcepos=\"6:1-6:15\">S\u1ea5y th\u0103ng hoa<\/li>\n<li data-sourcepos=\"7:1-7:19\">CVD \/ MOCVD \/ ALD<\/li>\n<li data-sourcepos=\"8:1-8:21\">Gia c\u00f4ng ch\u00e2n kh\u00f4ng<\/li>\n<li data-sourcepos=\"9:1-9:18\">Ph\u00e2n t\u00edch kh\u00ed d\u01b0<\/li>\n<li data-sourcepos=\"10:1-10:26\">XPS g\u1ea7n kh\u00ed quy\u1ec3n, APXPS<\/li>\n<li data-sourcepos=\"11:1-12:0\">L\u1edbp ph\u1ee7 quang h\u1ecdc m\u00e0ng m\u1ecfng<\/li>\n<\/ul>\n<\/div>\n<div><\/div>\n","protected":false},"featured_media":3220,"comment_status":"open","ping_status":"closed","template":"","meta":[],"product_cat":[15],"product_tag":[],"acf":[],"lang":"vi","translations":{"vi":3218,"en":3221},"pll_sync_post":[],"_links":{"self":[{"href":"https:\/\/demo9.thuythu.vn\/reeco\/wp-json\/wp\/v2\/product\/3218"}],"collection":[{"href":"https:\/\/demo9.thuythu.vn\/reeco\/wp-json\/wp\/v2\/product"}],"about":[{"href":"https:\/\/demo9.thuythu.vn\/reeco\/wp-json\/wp\/v2\/types\/product"}],"replies":[{"embeddable":true,"href":"https:\/\/demo9.thuythu.vn\/reeco\/wp-json\/wp\/v2\/comments?post=3218"}],"wp:featuredmedia":[{"embeddable":true,"href":"https:\/\/demo9.thuythu.vn\/reeco\/wp-json\/wp\/v2\/media\/3220"}],"wp:attachment":[{"href":"https:\/\/demo9.thuythu.vn\/reeco\/wp-json\/wp\/v2\/media?parent=3218"}],"wp:term":[{"taxonomy":"product_cat","embeddable":true,"href":"https:\/\/demo9.thuythu.vn\/reeco\/wp-json\/wp\/v2\/product_cat?post=3218"},{"taxonomy":"product_tag","embeddable":true,"href":"https:\/\/demo9.thuythu.vn\/reeco\/wp-json\/wp\/v2\/product_tag?post=3218"}],"curies":[{"name":"wp","href":"https:\/\/api.w.org\/{rel}","templated":true}]}}