{"id":3214,"date":"2024-01-23T10:51:37","date_gmt":"2024-01-23T03:51:37","guid":{"rendered":"https:\/\/demo9.thuythu.vn\/reeco\/?post_type=product&#038;p=3214"},"modified":"2024-01-23T11:00:09","modified_gmt":"2024-01-23T04:00:09","slug":"hpr-30-rga-cart","status":"publish","type":"product","link":"https:\/\/demo9.thuythu.vn\/reeco\/san-pham\/hpr-30-rga-cart\/","title":{"rendered":"HPR-30 RGA Cart"},"content":{"rendered":"","protected":false},"excerpt":{"rendered":"<div>Model: HPR-30 RGA Cart<\/div>\n<div>Manufacturer: Hiden Analytical<\/div>\n<div><\/div>\n<div><strong>T\u00ednh n\u0103ng:<\/strong><\/div>\n<div>\n<ul>\n<li style=\"font-weight: 400;\" aria-level=\"1\"><span style=\"font-weight: 400;\">G\u00f3i h\u1ec7 th\u1ed1ng ti\u00eau chu\u1ea9n bao g\u1ed3m t\u1ea5t c\u1ea3 ph\u1ea7n c\u1ee9ng c\u1ea7n thi\u1ebft \u0111\u1ec3 ph\u00e2n t\u00edch: Agilent GC, B\u1ed9 s\u1ee5c v\u00e0 b\u1eaby kh\u00ed 4760 Purge-and-Trap OI, \u0110\u1ea7u d\u00f2 4450 Tandem PID \/ FID OI, c\u1ed9t v\u00e0 c\u00e1c c\u1ea5u th\u00e0nh ti\u00eau chu\u1ea9n kh\u00e1c.<\/span><\/li>\n<li style=\"font-weight: 400;\" aria-level=\"1\"><span style=\"font-weight: 400;\">B\u1ed9 c\u00f4 \u0111\u1eb7c m\u1eabu cung c\u1ea5p t\u00ednh n\u0103ng Cyclone Water Management, l\u00e0m n\u00f3ng v\u00e0 l\u00e0m m\u00e1t b\u1eaby nhanh ch\u00f3ng, \u0111\u01b0\u1eddng d\u1eabn m\u1eabu Silcosteel, thi\u1ebft k\u1ebf b\u1ed9 l\u1ecdc sparge b\u1ea3o v\u1ec7<\/span><\/li>\n<li style=\"font-weight: 400;\" aria-level=\"1\"><span style=\"font-weight: 400;\">S\u1eed d\u1ee5ng Tandem PID \/ FID \u0111\u1ec3 c\u00f3 \u0111\u1ed9 nh\u1ea1y v\u00e0 \u0111\u1ed9 tuy\u1ebfn t\u00ednh cao<\/span><\/li>\n<li style=\"font-weight: 400;\" aria-level=\"1\"><span style=\"font-weight: 400;\">Thi\u1ebft k\u1ebf c\u1eeda s\u1ed5 \u1ea9n PID ng\u0103n c\u1ea3n \u0111\u00e8n b\u00e1m b\u1ea9n<\/span><\/li>\n<li style=\"font-weight: 400;\" aria-level=\"1\"><span style=\"font-weight: 400;\">T\u00f9y ch\u1ecdn c\u1ed9t mao qu\u1ea3n<\/span><\/li>\n<li style=\"font-weight: 400;\" aria-level=\"1\"><span style=\"font-weight: 400;\">T\u00f9y ch\u1ecdn c\u00e1c b\u1ed9 l\u1ea5y m\u1eabu t\u1ef1 \u0111\u1ed9ng c\u00f3 s\u1eb5n \u0111\u1ec3 ph\u00e2n t\u00edch t\u1ef1 \u0111\u1ed9ng<\/span><\/li>\n<li style=\"font-weight: 400;\" aria-level=\"1\"><span style=\"font-weight: 400;\">T\u00f9y ch\u1ecdn \u0111o pH t\u1ef1 \u0111\u1ed9ng<\/span><\/li>\n<\/ul>\n<\/div>\n<div><\/div>\n","protected":false},"featured_media":3215,"comment_status":"open","ping_status":"closed","template":"","meta":[],"product_cat":[15],"product_tag":[],"acf":[],"lang":"vi","translations":{"vi":3214,"en":3216},"pll_sync_post":[],"_links":{"self":[{"href":"https:\/\/demo9.thuythu.vn\/reeco\/wp-json\/wp\/v2\/product\/3214"}],"collection":[{"href":"https:\/\/demo9.thuythu.vn\/reeco\/wp-json\/wp\/v2\/product"}],"about":[{"href":"https:\/\/demo9.thuythu.vn\/reeco\/wp-json\/wp\/v2\/types\/product"}],"replies":[{"embeddable":true,"href":"https:\/\/demo9.thuythu.vn\/reeco\/wp-json\/wp\/v2\/comments?post=3214"}],"wp:featuredmedia":[{"embeddable":true,"href":"https:\/\/demo9.thuythu.vn\/reeco\/wp-json\/wp\/v2\/media\/3215"}],"wp:attachment":[{"href":"https:\/\/demo9.thuythu.vn\/reeco\/wp-json\/wp\/v2\/media?parent=3214"}],"wp:term":[{"taxonomy":"product_cat","embeddable":true,"href":"https:\/\/demo9.thuythu.vn\/reeco\/wp-json\/wp\/v2\/product_cat?post=3214"},{"taxonomy":"product_tag","embeddable":true,"href":"https:\/\/demo9.thuythu.vn\/reeco\/wp-json\/wp\/v2\/product_tag?post=3214"}],"curies":[{"name":"wp","href":"https:\/\/api.w.org\/{rel}","templated":true}]}}