{"id":3202,"date":"2024-01-23T09:46:13","date_gmt":"2024-01-23T02:46:13","guid":{"rendered":"https:\/\/demo9.thuythu.vn\/reeco\/?post_type=product&#038;p=3202"},"modified":"2024-01-23T09:51:14","modified_gmt":"2024-01-23T02:51:14","slug":"may-phan-tich-luu-tru-khi-hydro-imi-htp","status":"publish","type":"product","link":"https:\/\/demo9.thuythu.vn\/reeco\/san-pham\/may-phan-tich-luu-tru-khi-hydro-imi-htp\/","title":{"rendered":"M\u00e1y ph\u00e2n t\u00edch l\u01b0u tr\u1eef kh\u00ed hydro v\u1edbi \u0111\u1ed9 ch\u00ednh x\u00e1c cao IMI-HTP"},"content":{"rendered":"","protected":false},"excerpt":{"rendered":"<div>Model: IMI-HTP<\/div>\n<div>Manufacturer: Hiden Isochema<\/div>\n<div><\/div>\n<div><strong>T\u00ednh n\u0103ng:<\/strong><\/div>\n<div>\n<ul>\n<li style=\"font-weight: 400;\" aria-level=\"1\"><span style=\"font-weight: 400;\">\u0110\u1ed9 ph\u00e2n gi\u1ea3i h\u1ea5p ph\u1ee5 hydrogen d\u01b0\u1edbi microgram<\/span><\/li>\n<li style=\"font-weight: 400;\" aria-level=\"1\"><span style=\"font-weight: 400;\">Ho\u1ea1t \u0111\u1ed9ng \u00e1p su\u1ea5t cao t\u1eeb nhi\u1ec7t \u0111\u1ed9 m\u00f4i tr\u01b0\u1eddng \u0111\u1ebfn 773 K<\/span><\/li>\n<li style=\"font-weight: 400;\" aria-level=\"1\"><span style=\"font-weight: 400;\">T\u00f9y ch\u1ecdn l\u00e0m m\u00e1t N2 l\u1ecfng cho h\u1ea5p ph\u1ee5 v\u1eadt l\u00fd nhi\u1ec7t \u0111\u1ed9 th\u1ea5p<\/span><\/li>\n<li style=\"font-weight: 400;\" aria-level=\"1\"><span style=\"font-weight: 400;\">Thi\u1ebft k\u1ebf m\u00f4-\u0111un c\u00f3 th\u1ec3 n\u00e2ng c\u1ea5p ho\u00e0n to\u00e0n<\/span><\/li>\n<li style=\"font-weight: 400;\" aria-level=\"1\"><span style=\"font-weight: 400;\">Ki\u1ec3m so\u00e1t thi\u1ebft b\u1ecb linh ho\u1ea1t, v\u1edbi ph\u1ea7n m\u1ec1m c\u00f3 th\u1ec3 l\u1eadp tr\u00ecnh ho\u00e0n to\u00e0n<\/span><\/li>\n<li style=\"font-weight: 400;\" aria-level=\"1\"><span style=\"font-weight: 400;\">C\u0169ng ho\u1ea1t \u0111\u1ed9ng v\u1edbi m\u1ed9t lo\u1ea1t c\u00e1c lo\u1ea1i kh\u00ed kh\u00e1c (N2, CH4, CO2, O2,\u2026)<\/span><\/li>\n<\/ul>\n<\/div>\n","protected":false},"featured_media":3196,"comment_status":"open","ping_status":"closed","template":"","meta":[],"product_cat":[15],"product_tag":[],"acf":[],"lang":"vi","translations":{"vi":3202,"en":3204},"pll_sync_post":[],"_links":{"self":[{"href":"https:\/\/demo9.thuythu.vn\/reeco\/wp-json\/wp\/v2\/product\/3202"}],"collection":[{"href":"https:\/\/demo9.thuythu.vn\/reeco\/wp-json\/wp\/v2\/product"}],"about":[{"href":"https:\/\/demo9.thuythu.vn\/reeco\/wp-json\/wp\/v2\/types\/product"}],"replies":[{"embeddable":true,"href":"https:\/\/demo9.thuythu.vn\/reeco\/wp-json\/wp\/v2\/comments?post=3202"}],"wp:featuredmedia":[{"embeddable":true,"href":"https:\/\/demo9.thuythu.vn\/reeco\/wp-json\/wp\/v2\/media\/3196"}],"wp:attachment":[{"href":"https:\/\/demo9.thuythu.vn\/reeco\/wp-json\/wp\/v2\/media?parent=3202"}],"wp:term":[{"taxonomy":"product_cat","embeddable":true,"href":"https:\/\/demo9.thuythu.vn\/reeco\/wp-json\/wp\/v2\/product_cat?post=3202"},{"taxonomy":"product_tag","embeddable":true,"href":"https:\/\/demo9.thuythu.vn\/reeco\/wp-json\/wp\/v2\/product_tag?post=3202"}],"curies":[{"name":"wp","href":"https:\/\/api.w.org\/{rel}","templated":true}]}}