{"id":3199,"date":"2024-01-23T09:36:28","date_gmt":"2024-01-23T02:36:28","guid":{"rendered":"https:\/\/demo9.thuythu.vn\/reeco\/?post_type=product&#038;p=3199"},"modified":"2024-01-23T09:40:08","modified_gmt":"2024-01-23T02:40:08","slug":"may-phan-tich-hap-thu-ap-suat-cao-tien-tien-imi-psi","status":"publish","type":"product","link":"https:\/\/demo9.thuythu.vn\/reeco\/san-pham\/may-phan-tich-hap-thu-ap-suat-cao-tien-tien-imi-psi\/","title":{"rendered":"M\u00e1y ph\u00e2n t\u00edch h\u1ea5p th\u1ee5 \u00e1p su\u1ea5t cao ti\u00ean ti\u1ebfn IMI-PSI"},"content":{"rendered":"","protected":false},"excerpt":{"rendered":"<div>Model: IMI-PSI<\/div>\n<div>Manufacturer: Hiden Isochema<\/div>\n<div><\/div>\n<div>\n<p data-sourcepos=\"1:1-1:18\"><strong>T\u00cdNH N\u0102NG CH\u00cdNH<\/strong><\/p>\n<ul data-sourcepos=\"3:1-8:0\">\n<li data-sourcepos=\"3:1-3:39\">\u0110o h\u1ea5p ph\u1ee5 kh\u00ed si\u00eau ph\u00e2n t\u1eed ch\u00ednh x\u00e1c<\/li>\n<li data-sourcepos=\"4:1-4:63\">Ho\u1ea1t \u0111\u1ed9ng \u1edf \u00e1p su\u1ea5t 200 bar, kh\u1ea3 n\u0103ng tho\u00e1t kh\u00ed l\u00ean \u0111\u1ebfn 773 K<\/li>\n<li data-sourcepos=\"5:1-5:66\">Ki\u1ec3m so\u00e1t nhi\u1ec7t \u0111\u1ed9 b\u1eb1ng ch\u1ea5t l\u1ecfng, bao g\u1ed3m LN2 cho ph\u00e2n t\u00edch BET<\/li>\n<li data-sourcepos=\"6:1-6:41\">T\u0103ng c\u01b0\u1eddng \u0111\u1ed9 ch\u00ednh x\u00e1c \u0111o \u00e1p su\u1ea5t th\u1ea5p<\/li>\n<li data-sourcepos=\"7:1-8:0\">Thi\u1ebft k\u1ebf m\u00f4-\u0111un c\u00f3 th\u1ec3 n\u00e2ng c\u1ea5p ho\u00e0n to\u00e0n<\/li>\n<\/ul>\n<\/div>\n<div><\/div>\n<div><\/div>\n","protected":false},"featured_media":3200,"comment_status":"open","ping_status":"closed","template":"","meta":[],"product_cat":[15],"product_tag":[],"acf":[],"lang":"vi","translations":{"vi":3199,"en":3201},"pll_sync_post":[],"_links":{"self":[{"href":"https:\/\/demo9.thuythu.vn\/reeco\/wp-json\/wp\/v2\/product\/3199"}],"collection":[{"href":"https:\/\/demo9.thuythu.vn\/reeco\/wp-json\/wp\/v2\/product"}],"about":[{"href":"https:\/\/demo9.thuythu.vn\/reeco\/wp-json\/wp\/v2\/types\/product"}],"replies":[{"embeddable":true,"href":"https:\/\/demo9.thuythu.vn\/reeco\/wp-json\/wp\/v2\/comments?post=3199"}],"wp:featuredmedia":[{"embeddable":true,"href":"https:\/\/demo9.thuythu.vn\/reeco\/wp-json\/wp\/v2\/media\/3200"}],"wp:attachment":[{"href":"https:\/\/demo9.thuythu.vn\/reeco\/wp-json\/wp\/v2\/media?parent=3199"}],"wp:term":[{"taxonomy":"product_cat","embeddable":true,"href":"https:\/\/demo9.thuythu.vn\/reeco\/wp-json\/wp\/v2\/product_cat?post=3199"},{"taxonomy":"product_tag","embeddable":true,"href":"https:\/\/demo9.thuythu.vn\/reeco\/wp-json\/wp\/v2\/product_tag?post=3199"}],"curies":[{"name":"wp","href":"https:\/\/api.w.org\/{rel}","templated":true}]}}