{"id":3193,"date":"2024-01-23T09:17:56","date_gmt":"2024-01-23T02:17:56","guid":{"rendered":"https:\/\/demo9.thuythu.vn\/reeco\/?post_type=product&#038;p=3193"},"modified":"2024-01-23T09:22:41","modified_gmt":"2024-01-23T02:22:41","slug":"may-phan-tich-hap-thu-khi-do-ap-suat-da-nang-imi-flow","status":"publish","type":"product","link":"https:\/\/demo9.thuythu.vn\/reeco\/san-pham\/may-phan-tich-hap-thu-khi-do-ap-suat-da-nang-imi-flow\/","title":{"rendered":"M\u00e1y ph\u00e2n t\u00edch h\u1ea5p th\u1ee5 kh\u00ed \u0111o \u00e1p su\u1ea5t \u0111a n\u0103ng IMI \u2013 FLOW"},"content":{"rendered":"","protected":false},"excerpt":{"rendered":"<div>Model: IMI \u2013 FLOW<\/div>\n<div>Manufacturer: Hiden Isochema<\/div>\n<div><\/div>\n<p><strong>T\u00ednh n\u0103ng:<\/strong><\/p>\n<ul>\n<li>\u0110\u1ed9 ph\u00e2n gi\u1ea3i h\u1ea5p th\u1ee5 kh\u00ed si\u00eau vi mol<\/li>\n<li>Ho\u1ea1t \u0111\u1ed9ng \u00e1p su\u1ea5t cao t\u1eeb 77 K \u0111\u1ebfn 773 K<\/li>\n<li>T\u1ef1 \u0111\u1ed9ng chuy\u1ec3n \u0111\u1ed5i gi\u1eefa ch\u1ebf \u0111\u1ed9 \u0111o \u00e1p su\u1ea5t t\u0129nh v\u00e0 l\u01b0u th\u00f4ng<\/li>\n<li>Ki\u1ec3m so\u00e1t linh ho\u1ea1t t\u1eeb c\u00e1c ph\u01b0\u01a1ng ph\u00e1p ti\u00eau chu\u1ea9n \u0111\u1ebfn th\u00ed nghi\u1ec7m t\u00f9y ch\u1ec9nh<\/li>\n<li>T\u00edch h\u1ee3p ho\u00e0n to\u00e0n v\u1edbi ph\u1ed5 kh\u1ed1i t\u1eeb Quadrupole c\u1ee7a Hiden<\/li>\n<\/ul>\n","protected":false},"featured_media":3194,"comment_status":"open","ping_status":"closed","template":"","meta":[],"product_cat":[15],"product_tag":[],"acf":[],"lang":"vi","translations":{"vi":3193,"en":3197},"pll_sync_post":[],"_links":{"self":[{"href":"https:\/\/demo9.thuythu.vn\/reeco\/wp-json\/wp\/v2\/product\/3193"}],"collection":[{"href":"https:\/\/demo9.thuythu.vn\/reeco\/wp-json\/wp\/v2\/product"}],"about":[{"href":"https:\/\/demo9.thuythu.vn\/reeco\/wp-json\/wp\/v2\/types\/product"}],"replies":[{"embeddable":true,"href":"https:\/\/demo9.thuythu.vn\/reeco\/wp-json\/wp\/v2\/comments?post=3193"}],"wp:featuredmedia":[{"embeddable":true,"href":"https:\/\/demo9.thuythu.vn\/reeco\/wp-json\/wp\/v2\/media\/3194"}],"wp:attachment":[{"href":"https:\/\/demo9.thuythu.vn\/reeco\/wp-json\/wp\/v2\/media?parent=3193"}],"wp:term":[{"taxonomy":"product_cat","embeddable":true,"href":"https:\/\/demo9.thuythu.vn\/reeco\/wp-json\/wp\/v2\/product_cat?post=3193"},{"taxonomy":"product_tag","embeddable":true,"href":"https:\/\/demo9.thuythu.vn\/reeco\/wp-json\/wp\/v2\/product_tag?post=3193"}],"curies":[{"name":"wp","href":"https:\/\/api.w.org\/{rel}","templated":true}]}}