{"id":3189,"date":"2024-01-23T08:32:04","date_gmt":"2024-01-23T01:32:04","guid":{"rendered":"https:\/\/demo9.thuythu.vn\/reeco\/?post_type=product&#038;p=3189"},"modified":"2024-01-23T10:02:39","modified_gmt":"2024-01-23T03:02:39","slug":"may-phan-tich-hap-phu-hoi-dong-iga-sorp","status":"publish","type":"product","link":"https:\/\/demo9.thuythu.vn\/reeco\/san-pham\/may-phan-tich-hap-phu-hoi-dong-iga-sorp\/","title":{"rendered":"M\u00e1y ph\u00e2n t\u00edch h\u1ea5p ph\u1ee5 h\u01a1i \u0111\u1ed9ng IGA Sorp"},"content":{"rendered":"","protected":false},"excerpt":{"rendered":"<div>Model: IGA Sorp<\/div>\n<div>Manufacturer: Hiden Isochema<\/div>\n<div><\/div>\n<div>\n<p><b>T\u00cdNH N\u0102NG CH\u00cdNH<\/b><\/p>\n<ul>\n<li style=\"font-weight: 400;\" aria-level=\"1\"><span style=\"font-weight: 400;\">\u1ed4n \u0111\u1ecbnh tr\u1ecdng l\u01b0\u1ee3ng, ki\u1ec3m so\u00e1t nhi\u1ec7t \u0111\u1ed9 v\u00e0 \u0111\u1ed9 \u1ea9m d\u1eabn \u0111\u1ea7u th\u1ecb tr\u01b0\u1eddng<\/span><\/li>\n<li style=\"font-weight: 400;\" aria-level=\"1\"><span style=\"font-weight: 400;\">\u0110\u1ed9 ch\u00ednh x\u00e1c, \u0111\u1ed9 ph\u00e2n gi\u1ea3i v\u00e0 \u0111\u1ed9 l\u1eb7p l\u1ea1i c\u1ee7a ph\u00e9p \u0111o v\u00f4 song<\/span><\/li>\n<li style=\"font-weight: 400;\" aria-level=\"1\"><span style=\"font-weight: 400;\">Ho\u1ea1t \u0111\u1ed9ng v\u1edbi n\u01b0\u1edbc v\u00e0 h\u01a1i h\u1eefu c\u01a1<\/span><\/li>\n<li style=\"font-weight: 400;\" aria-level=\"1\"><span style=\"font-weight: 400;\">Ki\u1ec3m tra s\u1ef1 ph\u00f9 h\u1ee3p c\u1ee7a ng\u01b0\u1eddi d\u00f9ng t\u00edch h\u1ee3p \u0111\u1ec3 x\u00e1c minh tr\u1ecdng l\u01b0\u1ee3ng, nhi\u1ec7t \u0111\u1ed9 v\u00e0 \u0111\u1ed9 \u1ea9m<\/span><\/li>\n<li style=\"font-weight: 400;\" aria-level=\"1\"><span style=\"font-weight: 400;\">T\u00f9y ch\u1ecdn ph\u1ea7n m\u1ec1m tu\u00e2n th\u1ee7 21 CFR Ph\u1ea7n 11 b\u1ea3o m\u1eadt cao v\u1edbi 3 c\u1ea5p \u0111\u1eb7c quy\u1ec1n ng\u01b0\u1eddi d\u00f9ng<\/span><\/li>\n<li style=\"font-weight: 400;\" aria-level=\"1\"><span style=\"font-weight: 400;\">C\u00e1c t\u00ednh n\u0103ng ph\u00e2n t\u00edch n\u00e2ng cao bao g\u1ed3m h\u1ec7 s\u1ed1 khu\u1ebfch t\u00e1n, t\u1ed1c \u0111\u1ed9 th\u1ea9m th\u1ea5u v\u00e0 h\u01a1n th\u1ebf n\u1eefa<\/span><\/li>\n<\/ul>\n<\/div>\n<div><\/div>\n","protected":false},"featured_media":3171,"comment_status":"open","ping_status":"closed","template":"","meta":[],"product_cat":[15],"product_tag":[],"acf":[],"lang":"vi","translations":{"vi":3189,"en":3190},"pll_sync_post":[],"_links":{"self":[{"href":"https:\/\/demo9.thuythu.vn\/reeco\/wp-json\/wp\/v2\/product\/3189"}],"collection":[{"href":"https:\/\/demo9.thuythu.vn\/reeco\/wp-json\/wp\/v2\/product"}],"about":[{"href":"https:\/\/demo9.thuythu.vn\/reeco\/wp-json\/wp\/v2\/types\/product"}],"replies":[{"embeddable":true,"href":"https:\/\/demo9.thuythu.vn\/reeco\/wp-json\/wp\/v2\/comments?post=3189"}],"wp:featuredmedia":[{"embeddable":true,"href":"https:\/\/demo9.thuythu.vn\/reeco\/wp-json\/wp\/v2\/media\/3171"}],"wp:attachment":[{"href":"https:\/\/demo9.thuythu.vn\/reeco\/wp-json\/wp\/v2\/media?parent=3189"}],"wp:term":[{"taxonomy":"product_cat","embeddable":true,"href":"https:\/\/demo9.thuythu.vn\/reeco\/wp-json\/wp\/v2\/product_cat?post=3189"},{"taxonomy":"product_tag","embeddable":true,"href":"https:\/\/demo9.thuythu.vn\/reeco\/wp-json\/wp\/v2\/product_tag?post=3189"}],"curies":[{"name":"wp","href":"https:\/\/api.w.org\/{rel}","templated":true}]}}