{"id":3187,"date":"2024-01-23T08:21:44","date_gmt":"2024-01-23T01:21:44","guid":{"rendered":"https:\/\/demo9.thuythu.vn\/reeco\/?post_type=product&#038;p=3187"},"modified":"2024-01-23T10:05:12","modified_gmt":"2024-01-23T03:05:12","slug":"may-phan-tich-hap-phu-hoi-dong-luc-igasorp-xt","status":"publish","type":"product","link":"https:\/\/demo9.thuythu.vn\/reeco\/san-pham\/may-phan-tich-hap-phu-hoi-dong-luc-igasorp-xt\/","title":{"rendered":"M\u00e1y ph\u00e2n t\u00edch h\u1ea5p ph\u1ee5 h\u01a1i \u0111\u1ed9ng l\u1ef1c IGASORP-XT"},"content":{"rendered":"","protected":false},"excerpt":{"rendered":"<div>Model: IGASORP-XT<\/div>\n<div>Manufacturer: Hiden Isochema<\/div>\n<div>\n<p><b>T\u00ednh n\u0103ng ch\u00ednh<\/b><\/p>\n<ul>\n<li style=\"font-weight: 400;\" aria-level=\"1\"><span style=\"font-weight: 400;\">\u0110\u1ed9 \u1ea9m \u0111\u01b0\u1ee3c ki\u1ec3m so\u00e1t t\u1eeb 0,2% RH \u1edf 50 \u00b0C v\u00e0 0,5% RH \u1edf 25 \u00b0C<\/span><\/li>\n<li style=\"font-weight: 400;\" aria-level=\"1\"><span style=\"font-weight: 400;\">\u0110\u01b0\u1eddng \u0111\u1eb3ng nhi\u1ec7t h\u1ea5p ph\u1ee5 n\u01b0\u1edbc t\u1eeb 5 \u0111\u1ebfn 300 \u00b0C<\/span><\/li>\n<li style=\"font-weight: 400;\" aria-level=\"1\"><span style=\"font-weight: 400;\">B\u1ed9 gia nhi\u1ec7t t\u00edch h\u1ee3p \u0111\u1ec3 s\u1ea5y v\u00e0 nghi\u00ean c\u1ee9u gi\u1ea3i h\u1ea5p nhi\u1ec7t \u0111\u1ebfn 350 \u00b0C<\/span><\/li>\n<li style=\"font-weight: 400;\" aria-level=\"1\"><span style=\"font-weight: 400;\">B\u1ea3o v\u1ec7 ng\u01b0\u1eddi d\u00f9ng khi n\u1ea1p m\u1eabu \u1edf nhi\u1ec7t \u0111\u1ed9 cao<\/span><\/li>\n<li style=\"font-weight: 400;\" aria-level=\"1\"><span style=\"font-weight: 400;\">Ho\u1ea1t \u0111\u1ed9ng ho\u00e0n to\u00e0n t\u1ef1 \u0111\u1ed9ng cho c\u00e1c th\u00ed nghi\u1ec7m \u0111\u1eb3ng nhi\u1ec7t, \u0111\u1eb3ng t\u00edch v\u00e0 nhi\u1ec7t \u0111\u1ed9 \u0111\u01b0\u1ee3c l\u1eadp tr\u00ecnh<\/span><\/li>\n<li style=\"font-weight: 400;\" aria-level=\"1\"><span style=\"font-weight: 400;\">H\u1ec7 th\u1ed1ng c\u1ea5p n\u01b0\u1edbc b\u00ean ngo\u00e0i t\u1ef1 \u0111\u1ed9ng \u0111\u1ec3 ho\u1ea1t \u0111\u1ed9ng l\u00e2u d\u00e0i m\u00e0 kh\u00f4ng c\u1ea7n gi\u00e1m s\u00e1t<\/span><\/li>\n<\/ul>\n<\/div>\n","protected":false},"featured_media":3173,"comment_status":"open","ping_status":"closed","template":"","meta":[],"product_cat":[15],"product_tag":[],"acf":[],"lang":"vi","translations":{"vi":3187,"en":3188},"pll_sync_post":[],"_links":{"self":[{"href":"https:\/\/demo9.thuythu.vn\/reeco\/wp-json\/wp\/v2\/product\/3187"}],"collection":[{"href":"https:\/\/demo9.thuythu.vn\/reeco\/wp-json\/wp\/v2\/product"}],"about":[{"href":"https:\/\/demo9.thuythu.vn\/reeco\/wp-json\/wp\/v2\/types\/product"}],"replies":[{"embeddable":true,"href":"https:\/\/demo9.thuythu.vn\/reeco\/wp-json\/wp\/v2\/comments?post=3187"}],"wp:featuredmedia":[{"embeddable":true,"href":"https:\/\/demo9.thuythu.vn\/reeco\/wp-json\/wp\/v2\/media\/3173"}],"wp:attachment":[{"href":"https:\/\/demo9.thuythu.vn\/reeco\/wp-json\/wp\/v2\/media?parent=3187"}],"wp:term":[{"taxonomy":"product_cat","embeddable":true,"href":"https:\/\/demo9.thuythu.vn\/reeco\/wp-json\/wp\/v2\/product_cat?post=3187"},{"taxonomy":"product_tag","embeddable":true,"href":"https:\/\/demo9.thuythu.vn\/reeco\/wp-json\/wp\/v2\/product_tag?post=3187"}],"curies":[{"name":"wp","href":"https:\/\/api.w.org\/{rel}","templated":true}]}}