{"id":3170,"date":"2024-01-22T15:52:50","date_gmt":"2024-01-22T08:52:50","guid":{"rendered":"https:\/\/demo9.thuythu.vn\/reeco\/?post_type=product&#038;p=3170"},"modified":"2024-01-23T10:07:07","modified_gmt":"2024-01-23T03:07:07","slug":"may-phan-tich-hap-thu-hoi-dong-hoc-iga-sorp-ct","status":"publish","type":"product","link":"https:\/\/demo9.thuythu.vn\/reeco\/san-pham\/may-phan-tich-hap-thu-hoi-dong-hoc-iga-sorp-ct\/","title":{"rendered":"M\u00e1y ph\u00e2n t\u00edch h\u1ea5p th\u1ee5 h\u01a1i \u0111\u1ed9ng h\u1ecdc IGA Sorp \u2013 CT"},"content":{"rendered":"","protected":false},"excerpt":{"rendered":"<div>Model: <span style=\"font-weight: 400;\">IGA Sorp \u2013 CT<\/span><\/div>\n<div>Manufacturer: Hiden Isochema<\/div>\n<div>\n<p data-sourcepos=\"1:1-1:18\"><strong>T\u00ednh n\u0103ng<\/strong><\/p>\n<ul data-sourcepos=\"3:1-9:0\">\n<li data-sourcepos=\"3:1-3:31\">\u0110o h\u1ea5p th\u1ee5 h\u01a1i t\u1eeb 5 \u0111\u1ebfn 85 \u00b0C<\/li>\n<li data-sourcepos=\"4:1-4:73\">\u0110\u1ed9 \u1ed5n \u0111\u1ecbnh tr\u1ecdng l\u01b0\u1ee3ng, ki\u1ec3m so\u00e1t nhi\u1ec7t \u0111\u1ed9 v\u00e0 \u0111\u1ed9 \u1ea9m h\u00e0ng \u0111\u1ea7u th\u1ecb tr\u01b0\u1eddng<\/li>\n<li data-sourcepos=\"5:1-5:57\">\u0110\u1ed9 ch\u00ednh x\u00e1c, \u0111\u1ed9 cao v\u00e0 \u0111\u1ed9 ph\u00e2n gi\u1ea3i \u0111o l\u01b0\u1eddng v\u01b0\u1ee3t tr\u1ed9i<\/li>\n<li data-sourcepos=\"6:1-6:38\">Ho\u1ea1t \u0111\u1ed9ng v\u1edbi h\u01a1i n\u01b0\u1edbc v\u00e0 h\u01a1i h\u1eefu c\u01a1<\/li>\n<li data-sourcepos=\"7:1-7:90\">Ki\u1ec3m tra theo y\u00eau c\u1ea7u c\u1ee7a ng\u01b0\u1eddi d\u00f9ng t\u00edch h\u1ee3p \u0111\u1ec3 x\u00e1c nh\u1eadn tr\u1ecdng l\u01b0\u1ee3ng, nhi\u1ec7t \u0111\u1ed9 v\u00e0 \u0111\u1ed9 \u1ea9m<\/li>\n<li data-sourcepos=\"8:1-9:0\">C\u00e1c t\u00ednh n\u0103ng ph\u00e2n t\u00edch n\u00e2ng cao bao g\u1ed3m h\u1ec7 s\u1ed1 khu\u1ebfch t\u00e1n, t\u1ed1c \u0111\u1ed9 th\u1ea5m<\/li>\n<\/ul>\n<\/div>\n","protected":false},"featured_media":3174,"comment_status":"open","ping_status":"closed","template":"","meta":[],"product_cat":[15],"product_tag":[],"acf":[],"lang":"vi","translations":{"vi":3170,"en":3176},"pll_sync_post":[],"_links":{"self":[{"href":"https:\/\/demo9.thuythu.vn\/reeco\/wp-json\/wp\/v2\/product\/3170"}],"collection":[{"href":"https:\/\/demo9.thuythu.vn\/reeco\/wp-json\/wp\/v2\/product"}],"about":[{"href":"https:\/\/demo9.thuythu.vn\/reeco\/wp-json\/wp\/v2\/types\/product"}],"replies":[{"embeddable":true,"href":"https:\/\/demo9.thuythu.vn\/reeco\/wp-json\/wp\/v2\/comments?post=3170"}],"wp:featuredmedia":[{"embeddable":true,"href":"https:\/\/demo9.thuythu.vn\/reeco\/wp-json\/wp\/v2\/media\/3174"}],"wp:attachment":[{"href":"https:\/\/demo9.thuythu.vn\/reeco\/wp-json\/wp\/v2\/media?parent=3170"}],"wp:term":[{"taxonomy":"product_cat","embeddable":true,"href":"https:\/\/demo9.thuythu.vn\/reeco\/wp-json\/wp\/v2\/product_cat?post=3170"},{"taxonomy":"product_tag","embeddable":true,"href":"https:\/\/demo9.thuythu.vn\/reeco\/wp-json\/wp\/v2\/product_tag?post=3170"}],"curies":[{"name":"wp","href":"https:\/\/api.w.org\/{rel}","templated":true}]}}