{"id":3167,"date":"2024-01-22T15:34:32","date_gmt":"2024-01-22T08:34:32","guid":{"rendered":"https:\/\/demo9.thuythu.vn\/reeco\/?post_type=product&#038;p=3167"},"modified":"2024-01-22T15:37:32","modified_gmt":"2024-01-22T08:37:32","slug":"may-phan-tich-hap-phu-hoi-trong-luong-iga-100","status":"publish","type":"product","link":"https:\/\/demo9.thuythu.vn\/reeco\/san-pham\/may-phan-tich-hap-phu-hoi-trong-luong-iga-100\/","title":{"rendered":"M\u00e1y ph\u00e2n t\u00edch h\u1ea5p ph\u1ee5 h\u01a1i tr\u1ecdng l\u01b0\u1ee3ng IGA-100"},"content":{"rendered":"","protected":false},"excerpt":{"rendered":"<div>Model: IGA \u2013 100<\/div>\n<div>Manufacturer: Hiden Isochema<\/div>\n<div><\/div>\n<div>\n<p data-sourcepos=\"1:1-1:23\"><strong>C\u00e1c t\u00ednh n\u0103ng ch\u00ednh:<\/strong><\/p>\n<ul data-sourcepos=\"3:1-9:0\">\n<li data-sourcepos=\"3:1-3:102\"><strong>Ho\u00e0n to\u00e0n c\u00f3 th\u1ec3 l\u1eadp tr\u00ecnh<\/strong>\u00a0v\u1edbi kh\u1ea3 n\u0103ng \u0111i\u1ec1u khi\u1ec3n k\u1ebft h\u1ee3p \u00e1p su\u1ea5t, l\u01b0u l\u01b0\u1ee3ng v\u00e0 th\u00e0nh ph\u1ea7n kh\u00ed.<\/li>\n<li data-sourcepos=\"4:1-4:77\"><strong>B\u1ea3o v\u1ec7 ch\u1ed1ng ng\u01b0ng t\u1ee5 t\u00edch h\u1ee3p<\/strong>\u00a0\u0111\u1ebfn 50 \u00b0C cho s\u1ef1 h\u1ea5p th\u1ee5 h\u01a1i tinh khi\u1ebft.<\/li>\n<li data-sourcepos=\"5:1-5:69\"><strong>M\u00f4-\u0111un t\u1ea1o h\u01a1i t\u00edch h\u1ee3p t\u00f9y ch\u1ecdn<\/strong>\u00a0cho s\u1ef1 h\u1ea5p th\u1ee5 h\u01a1i \u0111\u1ed9ng (DVS).<\/li>\n<li data-sourcepos=\"6:1-6:39\"><strong>Nhi\u1ec7t \u0111\u1ed9 m\u1eabu t\u1eeb 77 K \u0111\u1ebfn 1000 \u00b0C<\/strong>.<\/li>\n<li data-sourcepos=\"7:1-7:85\"><strong>T\u00f9y ch\u1ecdn ph\u1ed5 kh\u1ed1i quadrupol t\u00edch h\u1ee3p ho\u00e0n to\u00e0n<\/strong>\u00a0\u0111\u1ec3 ph\u00e2n t\u00edch kh\u00ed tho\u00e1t ra (EGA).<\/li>\n<li data-sourcepos=\"8:1-9:0\"><strong>S\u1ef1 k\u1ebft h\u1ee3p \u0111\u1ed9c \u0111\u00e1o c\u1ee7a c\u00e1c t\u00f9y ch\u1ecdn h\u1ea5p th\u1ee5 h\u01a1i<\/strong>\u00a0bao g\u1ed3m c\u00e1c ph\u00e9p \u0111o DVS v\u1edbi \u0111i\u1ec1u khi\u1ec3n \u00e1p su\u1ea5t v\u00e0 ch\u00e2n kh\u00f4ng.<\/li>\n<\/ul>\n<\/div>\n<div><\/div>\n","protected":false},"featured_media":3162,"comment_status":"open","ping_status":"closed","template":"","meta":[],"product_cat":[15],"product_tag":[],"acf":[],"lang":"vi","translations":{"vi":3167,"en":3168},"pll_sync_post":[],"_links":{"self":[{"href":"https:\/\/demo9.thuythu.vn\/reeco\/wp-json\/wp\/v2\/product\/3167"}],"collection":[{"href":"https:\/\/demo9.thuythu.vn\/reeco\/wp-json\/wp\/v2\/product"}],"about":[{"href":"https:\/\/demo9.thuythu.vn\/reeco\/wp-json\/wp\/v2\/types\/product"}],"replies":[{"embeddable":true,"href":"https:\/\/demo9.thuythu.vn\/reeco\/wp-json\/wp\/v2\/comments?post=3167"}],"wp:featuredmedia":[{"embeddable":true,"href":"https:\/\/demo9.thuythu.vn\/reeco\/wp-json\/wp\/v2\/media\/3162"}],"wp:attachment":[{"href":"https:\/\/demo9.thuythu.vn\/reeco\/wp-json\/wp\/v2\/media?parent=3167"}],"wp:term":[{"taxonomy":"product_cat","embeddable":true,"href":"https:\/\/demo9.thuythu.vn\/reeco\/wp-json\/wp\/v2\/product_cat?post=3167"},{"taxonomy":"product_tag","embeddable":true,"href":"https:\/\/demo9.thuythu.vn\/reeco\/wp-json\/wp\/v2\/product_tag?post=3167"}],"curies":[{"name":"wp","href":"https:\/\/api.w.org\/{rel}","templated":true}]}}