{"id":3158,"date":"2024-01-22T15:00:35","date_gmt":"2024-01-22T08:00:35","guid":{"rendered":"https:\/\/demo9.thuythu.vn\/reeco\/?post_type=product&#038;p=3158"},"modified":"2024-01-22T15:08:22","modified_gmt":"2024-01-22T08:08:22","slug":"may-phan-tich-hap-thu-khi-do-trong-luong-iga-001","status":"publish","type":"product","link":"https:\/\/demo9.thuythu.vn\/reeco\/san-pham\/may-phan-tich-hap-thu-khi-do-trong-luong-iga-001\/","title":{"rendered":"M\u00e1y ph\u00e2n t\u00edch h\u1ea5p th\u1ee5 kh\u00ed \u0111o tr\u1ecdng l\u01b0\u1ee3ng IGA-001"},"content":{"rendered":"","protected":false},"excerpt":{"rendered":"<div>Model: IGA \u2013 001<\/div>\n<div>Manufacturer: Hiden Isochema<\/div>\n<div>\n<p data-sourcepos=\"1:1-1:20\"><strong>T\u00ednh n\u0103ng<\/strong><\/p>\n<ul data-sourcepos=\"3:1-10:0\">\n<li data-sourcepos=\"3:1-3:72\">\u0110a n\u0103ng v\u00e0 ph\u00f9 h\u1ee3p s\u1eed d\u1ee5ng v\u1edbi nhi\u1ec1u lo\u1ea1i kh\u00ed, v\u1eadt li\u1ec7u v\u00e0 ph\u01b0\u01a1ng ph\u00e1p<\/li>\n<li data-sourcepos=\"4:1-4:56\">\u0110i\u1ec1u ch\u1ec9nh \u00e1p su\u1ea5t ch\u1ee7 \u0111\u1ed9ng t\u1eeb d\u01b0\u1edbi milibar \u0111\u1ebfn 20 bar<\/li>\n<li data-sourcepos=\"5:1-5:64\">C\u00f3 th\u1ec3 l\u1eadp tr\u00ecnh ho\u00e0n to\u00e0n \u0111\u1ec3 ph\u00e1t tri\u1ec3n ph\u01b0\u01a1ng ph\u00e1p ti\u00ean ti\u1ebfn<\/li>\n<li data-sourcepos=\"6:1-6:57\">\u0110\u1ed9 \u1ed5n \u0111\u1ecbnh l\u00e2u d\u00e0i v\u00e0 \u0111o tr\u1ecdng l\u01b0\u1ee3ng li\u00ean t\u1ee5c v\u01b0\u1ee3t tr\u1ed9i<\/li>\n<li data-sourcepos=\"7:1-7:34\">Nhi\u1ec7t \u0111\u1ed9 m\u1eabu t\u1eeb 77 K \u0111\u1ebfn 1000 \u00b0C<\/li>\n<li data-sourcepos=\"8:1-10:0\">C\u00f3 th\u1ec3 n\u00e2ng c\u1ea5p ho\u00e0n to\u00e0n cho kh\u1ea3 n\u0103ng h\u1ea5p th\u1ee5 \u0111\u1ed9ng v\u00e0 h\u1ea5p th\u1ee5 h\u01a1i n\u01b0\u1edbc<\/li>\n<\/ul>\n<\/div>\n","protected":false},"featured_media":3162,"comment_status":"open","ping_status":"closed","template":"","meta":[],"product_cat":[15],"product_tag":[],"acf":[],"lang":"vi","translations":{"vi":3158,"en":3164},"pll_sync_post":[],"_links":{"self":[{"href":"https:\/\/demo9.thuythu.vn\/reeco\/wp-json\/wp\/v2\/product\/3158"}],"collection":[{"href":"https:\/\/demo9.thuythu.vn\/reeco\/wp-json\/wp\/v2\/product"}],"about":[{"href":"https:\/\/demo9.thuythu.vn\/reeco\/wp-json\/wp\/v2\/types\/product"}],"replies":[{"embeddable":true,"href":"https:\/\/demo9.thuythu.vn\/reeco\/wp-json\/wp\/v2\/comments?post=3158"}],"wp:featuredmedia":[{"embeddable":true,"href":"https:\/\/demo9.thuythu.vn\/reeco\/wp-json\/wp\/v2\/media\/3162"}],"wp:attachment":[{"href":"https:\/\/demo9.thuythu.vn\/reeco\/wp-json\/wp\/v2\/media?parent=3158"}],"wp:term":[{"taxonomy":"product_cat","embeddable":true,"href":"https:\/\/demo9.thuythu.vn\/reeco\/wp-json\/wp\/v2\/product_cat?post=3158"},{"taxonomy":"product_tag","embeddable":true,"href":"https:\/\/demo9.thuythu.vn\/reeco\/wp-json\/wp\/v2\/product_tag?post=3158"}],"curies":[{"name":"wp","href":"https:\/\/api.w.org\/{rel}","templated":true}]}}