{"id":3155,"date":"2024-01-22T14:36:36","date_gmt":"2024-01-22T07:36:36","guid":{"rendered":"https:\/\/demo9.thuythu.vn\/reeco\/?post_type=product&#038;p=3155"},"modified":"2024-01-22T14:39:52","modified_gmt":"2024-01-22T07:39:52","slug":"may-tao-do-am-tuong-doi-hg-100","status":"publish","type":"product","link":"https:\/\/demo9.thuythu.vn\/reeco\/san-pham\/may-tao-do-am-tuong-doi-hg-100\/","title":{"rendered":"M\u00e1y t\u1ea1o \u0111\u1ed9 \u1ea9m t\u01b0\u01a1ng \u0111\u1ed1i HG-100"},"content":{"rendered":"","protected":false},"excerpt":{"rendered":"<div>SKU: <span style=\"color: #555555;\">HG-100<\/span><\/div>\n<p>Manufacturer: L&amp;C Science and Technology<\/p>\n<p><strong>T\u00ednh n\u0103ng<\/strong><\/p>\n<p data-sourcepos=\"3:1-3:20\"><strong>\u0110\u1ed9 \u1ea9m t\u01b0\u01a1ng \u0111\u1ed1i:<\/strong><\/p>\n<ul data-sourcepos=\"5:1-7:0\">\n<li data-sourcepos=\"5:1-5:54\">T\u1eeb 2% \u0111\u1ebfn 95% RH t\u00f9y theo nhi\u1ec7t \u0111\u1ed9 c\u1ee7a thi\u1ebft b\u1ecb nh\u1eadn<\/li>\n<li data-sourcepos=\"6:1-7:0\">\u0110\u1ed9 ch\u00ednh x\u00e1c: \u00b12,0%<\/li>\n<\/ul>\n<p data-sourcepos=\"8:1-8:21\"><strong>M\u00e1y chu\u1ea9n HG-100:<\/strong><\/p>\n<ul data-sourcepos=\"10:1-12:0\">\n<li data-sourcepos=\"10:1-10:77\">T\u00f9y ch\u1ecdn k\u00e8m theo m\u00e1y t\u00ednh v\u1edbi ph\u1ea7n m\u1ec1m Lab Windows t\u1eeb National Instruments<\/li>\n<li data-sourcepos=\"11:1-12:0\">Ph\u1ea7n m\u1ec1m cho ph\u00e9p ng\u01b0\u1eddi d\u00f9ng t\u00f9y ch\u1ec9nh c\u00e1c ch\u1ebf \u0111\u1ed9 v\u1edbi c\u00e1c b\u01b0\u1edbc \u0111i\u1ec1u ch\u1ec9nh nhi\u1ec7t \u0111\u1ed9 v\u00e0 \u0111\u1ed9 \u1ea9m t\u01b0\u01a1ng \u0111\u1ed1i<\/li>\n<\/ul>\n<p data-sourcepos=\"13:1-13:24\"><strong>Nhi\u1ec7t \u0111\u1ed9 \u0111i\u1ec3m s\u01b0\u01a1ng:<\/strong><\/p>\n<ul data-sourcepos=\"15:1-16:0\">\n<li data-sourcepos=\"15:1-16:0\">T\u1eeb 0,2\u00b0C \u0111\u1ebfn 40\u00b0C, c\u00f3 t\u00f9y ch\u1ecdn l\u00ean \u0111\u1ebfn 85\u00b0C<\/li>\n<\/ul>\n<p data-sourcepos=\"17:1-17:31\"><strong>C\u1ea3m bi\u1ebfn RH t\u1eeb xa t\u00f9y ch\u1ecdn:<\/strong><\/p>\n<ul data-sourcepos=\"19:1-20:0\">\n<li data-sourcepos=\"19:1-20:0\">C\u00f3 th\u1ec3 s\u1eed d\u1ee5ng v\u1edbi m\u00e1y t\u00ednh \u0111\u1ec3 theo d\u00f5i thi\u1ebft b\u1ecb m\u1ee5c ti\u00eau, ghi l\u1ea1i %RH v\u00e0 nhi\u1ec7t \u0111\u1ed9 \u0111\u01b0\u1ee3c cung c\u1ea5p th\u00f4ng qua ph\u1ea7n m\u1ec1m HG-100<\/li>\n<\/ul>\n<p data-sourcepos=\"21:1-21:15\"><strong>M\u00e1y t\u1ea1o \u1ea9m:<\/strong><\/p>\n<ul data-sourcepos=\"23:1-25:0\">\n<li data-sourcepos=\"23:1-23:112\">\u0110\u01b0\u1ee3c c\u00e0i \u0111\u1eb7t th\u1ee7 c\u00f4ng \u0111\u1ec3 t\u1ea1o ra nhi\u1ec7t \u0111\u1ed9 \u0111i\u1ec3m s\u01b0\u01a1ng kh\u00ed \u0111\u1ea7u ra t\u01b0\u01a1ng \u1ee9ng v\u1edbi %RH mong mu\u1ed1n \u1edf thi\u1ebft b\u1ecb m\u1ee5c ti\u00eau<\/li>\n<li data-sourcepos=\"24:1-25:0\">Thi\u1ebft b\u1ecb \u0111\u01b0\u1ee3c hi\u1ec7u chu\u1ea9n t\u1ea1i nh\u00e0 m\u00e1y b\u1eb1ng m\u00e1y ph\u00e2n t\u00edch \u0111i\u1ec3m s\u01b0\u01a1ng c\u00f3 th\u1ec3 truy nguy\u00ean NIST<\/li>\n<\/ul>\n<p data-sourcepos=\"26:1-26:27\"><strong>\u1ed0ng d\u1eabn nhi\u1ec7t t\u00f9y ch\u1ecdn:<\/strong><\/p>\n<ul data-sourcepos=\"28:1-29:0\">\n<li data-sourcepos=\"28:1-29:0\">C\u00f3 s\u1eb5n cho \u0111i\u1ec7n \u00e1p 110 ho\u1eb7c 220 volt, d\u00e0i 1 ho\u1eb7c 2 m\u00e9t, \u0111i k\u00e8m v\u1edbi b\u1ed9 gia nhi\u1ec7t, c\u1eb7p nhi\u1ec7t \u0111i\u1ec7n v\u00e0 b\u1ed9 \u0111i\u1ec1u khi\u1ec3n nhi\u1ec7t \u0111\u1ed9<\/li>\n<\/ul>\n<p data-sourcepos=\"30:1-30:25\"><strong>L\u01b0u l\u01b0\u1ee3ng ti\u00eau chu\u1ea9n:<\/strong><\/p>\n<ul data-sourcepos=\"32:1-33:0\">\n<li data-sourcepos=\"32:1-33:0\">500 cc\/ph\u00fat, c\u00f3 t\u00f9y ch\u1ecdn l\u00ean \u0111\u1ebfn 1 l\u00edt\/ph\u00fat<\/li>\n<\/ul>\n<div><\/div>\n","protected":false},"featured_media":3156,"comment_status":"open","ping_status":"closed","template":"","meta":[],"product_cat":[15],"product_tag":[],"acf":[],"lang":"vi","translations":{"vi":3155,"en":3157},"pll_sync_post":[],"_links":{"self":[{"href":"https:\/\/demo9.thuythu.vn\/reeco\/wp-json\/wp\/v2\/product\/3155"}],"collection":[{"href":"https:\/\/demo9.thuythu.vn\/reeco\/wp-json\/wp\/v2\/product"}],"about":[{"href":"https:\/\/demo9.thuythu.vn\/reeco\/wp-json\/wp\/v2\/types\/product"}],"replies":[{"embeddable":true,"href":"https:\/\/demo9.thuythu.vn\/reeco\/wp-json\/wp\/v2\/comments?post=3155"}],"wp:featuredmedia":[{"embeddable":true,"href":"https:\/\/demo9.thuythu.vn\/reeco\/wp-json\/wp\/v2\/media\/3156"}],"wp:attachment":[{"href":"https:\/\/demo9.thuythu.vn\/reeco\/wp-json\/wp\/v2\/media?parent=3155"}],"wp:term":[{"taxonomy":"product_cat","embeddable":true,"href":"https:\/\/demo9.thuythu.vn\/reeco\/wp-json\/wp\/v2\/product_cat?post=3155"},{"taxonomy":"product_tag","embeddable":true,"href":"https:\/\/demo9.thuythu.vn\/reeco\/wp-json\/wp\/v2\/product_tag?post=3155"}],"curies":[{"name":"wp","href":"https:\/\/api.w.org\/{rel}","templated":true}]}}