{"id":3148,"date":"2024-01-22T14:17:52","date_gmt":"2024-01-22T07:17:52","guid":{"rendered":"https:\/\/demo9.thuythu.vn\/reeco\/?post_type=product&#038;p=3148"},"modified":"2024-01-22T14:20:41","modified_gmt":"2024-01-22T07:20:41","slug":"may-phan-tich-tong-cacbon-huu-co-toc-1080","status":"publish","type":"product","link":"https:\/\/demo9.thuythu.vn\/reeco\/san-pham\/may-phan-tich-tong-cacbon-huu-co-toc-1080\/","title":{"rendered":"M\u00e1y ph\u00e2n t\u00edch t\u1ed5ng cacbon h\u1eefu c\u01a1 (TOC) 1080"},"content":{"rendered":"","protected":false},"excerpt":{"rendered":"<div>SKU: 331275<\/div>\n<div>Manufacturer: OI Analytical<\/div>\n<div><\/div>\n<div>\n<p data-sourcepos=\"1:1-1:22\"><strong>T\u00ednh n\u0103ng:<\/strong><\/p>\n<ul data-sourcepos=\"3:1-8:0\">\n<li data-sourcepos=\"3:1-3:168\"><strong>D\u1ea3i ho\u1ea1t \u0111\u1ed9ng r\u1ed9ng (50 ppb &#8211; 2.000 ppm C):<\/strong>\u00a0C\u00f3 th\u1ec3 ph\u00e2n t\u00edch c\u00e1c m\u1eabu v\u1edbi n\u1ed3ng \u0111\u1ed9 cacbon h\u1eefu c\u01a1 t\u1eeb r\u1ea5t th\u1ea5p \u0111\u1ebfn r\u1ea5t cao, \u0111\u00e1p \u1ee9ng nhu c\u1ea7u \u0111a d\u1ea1ng c\u1ee7a nhi\u1ec1u l\u0129nh v\u1ef1c.<\/li>\n<li data-sourcepos=\"4:1-4:276\"><strong>H\u1ed7 tr\u1ee3 c\u00e1c k\u1ef9 thu\u1eadt ph\u00e2n t\u00edch TC\/TIC\/TOC\/NPOC v\u00e0 \u0111o l\u01b0\u1eddng ti\u00eau chu\u1ea9n:<\/strong>\u00a0Th\u1ef1c hi\u1ec7n \u0111\u01b0\u1ee3c nhi\u1ec1u ph\u00e9p \u0111o kh\u00e1c nhau, bao g\u1ed3m t\u1ed5ng cacbon (TC), t\u1ed5ng cacbon v\u00f4 c\u01a1 (TIC), t\u1ed5ng cacbon h\u1eefu c\u01a1 (TOC) v\u00e0 cacbon h\u1eefu c\u01a1 kh\u00f4ng bay h\u01a1i (NPOC), gi\u00fap ph\u00e2n t\u00edch m\u1eabu chi ti\u1ebft v\u00e0 to\u00e0n di\u1ec7n h\u01a1n.<\/li>\n<li data-sourcepos=\"5:1-5:158\"><strong>\u1ed0ng ti\u00eam Smart Slide \u0111\u01b0\u1ee3c c\u1ea5p b\u1eb1ng s\u00e1ng ch\u1ebf:<\/strong>\u00a0K\u00e9o d\u00e0i tu\u1ed5i th\u1ecd c\u1ee7a v\u00f2ng ch\u1eef O, gi\u1ea3m nhu c\u1ea7u b\u1ea3o tr\u00ec v\u00e0 thay th\u1ebf, ti\u1ebft ki\u1ec7m chi ph\u00ed v\u00e0 th\u1eddi gian v\u1eadn h\u00e0nh.<\/li>\n<li data-sourcepos=\"6:1-8:0\"><strong>\u1ed0ng b\u1ea3o v\u1ec7 Tube Guard \u0111\u01b0\u1ee3c c\u1ea5p b\u1eb1ng s\u00e1ng ch\u1ebf:<\/strong>\u00a0B\u1ea3o v\u1ec7 \u1ed1ng l\u00f2, t\u0103ng tu\u1ed5i th\u1ecd linh ki\u1ec7n, gi\u1ea3m t\u1ea7n su\u1ea5t b\u1ea3o tr\u00ec, g\u00f3p ph\u1ea7n n\u00e2ng cao hi\u1ec7u qu\u1ea3 v\u00e0 \u0111\u1ed9 b\u1ec1n c\u1ee7a m\u00e1y.<\/li>\n<\/ul>\n<\/div>\n","protected":false},"featured_media":3152,"comment_status":"open","ping_status":"closed","template":"","meta":[],"product_cat":[15],"product_tag":[],"acf":[],"lang":"vi","translations":{"vi":3148,"en":3153},"pll_sync_post":[],"_links":{"self":[{"href":"https:\/\/demo9.thuythu.vn\/reeco\/wp-json\/wp\/v2\/product\/3148"}],"collection":[{"href":"https:\/\/demo9.thuythu.vn\/reeco\/wp-json\/wp\/v2\/product"}],"about":[{"href":"https:\/\/demo9.thuythu.vn\/reeco\/wp-json\/wp\/v2\/types\/product"}],"replies":[{"embeddable":true,"href":"https:\/\/demo9.thuythu.vn\/reeco\/wp-json\/wp\/v2\/comments?post=3148"}],"wp:featuredmedia":[{"embeddable":true,"href":"https:\/\/demo9.thuythu.vn\/reeco\/wp-json\/wp\/v2\/media\/3152"}],"wp:attachment":[{"href":"https:\/\/demo9.thuythu.vn\/reeco\/wp-json\/wp\/v2\/media?parent=3148"}],"wp:term":[{"taxonomy":"product_cat","embeddable":true,"href":"https:\/\/demo9.thuythu.vn\/reeco\/wp-json\/wp\/v2\/product_cat?post=3148"},{"taxonomy":"product_tag","embeddable":true,"href":"https:\/\/demo9.thuythu.vn\/reeco\/wp-json\/wp\/v2\/product_tag?post=3148"}],"curies":[{"name":"wp","href":"https:\/\/api.w.org\/{rel}","templated":true}]}}