{"id":3143,"date":"2024-01-22T13:59:06","date_gmt":"2024-01-22T06:59:06","guid":{"rendered":"https:\/\/demo9.thuythu.vn\/reeco\/?post_type=product&#038;p=3143"},"modified":"2024-01-22T14:02:27","modified_gmt":"2024-01-22T07:02:27","slug":"bo-phan-tich-toc-trong-mau-ran-1030s","status":"publish","type":"product","link":"https:\/\/demo9.thuythu.vn\/reeco\/san-pham\/bo-phan-tich-toc-trong-mau-ran-1030s\/","title":{"rendered":"B\u1ed9 ph\u00e2n t\u00edch TOC trong m\u1eabu r\u1eafn 1030S"},"content":{"rendered":"","protected":false},"excerpt":{"rendered":"<p>SKU: 326917<\/p>\n<p>H\u00e3ng s\u1ea3n xu\u1ea5t: OI Analytical<\/p>\n<p data-sourcepos=\"1:1-1:21\"><strong>T\u00ednh n\u0103ng:<\/strong><\/p>\n<ul data-sourcepos=\"2:1-6:0\">\n<li data-sourcepos=\"2:1-2:80\">\u0110\u1ed1t ch\u00e1y v\u1eadt li\u1ec7u r\u1eafn: \u0111\u1ea5t, b\u00f9n, ch\u1ea5t l\u1ecfng lo\u00e3ng v\u00e0 b\u1ed9t \u0111\u1ec3 ph\u00e2n t\u00edch TC v\u00e0 TOC<\/li>\n<li data-sourcepos=\"3:1-3:103\">K\u1ebft n\u1ed1i v\u1edbi m\u00e1y ph\u00e2n t\u00edch TOC Aurora 1030, cho ph\u00e9p ph\u00e2n t\u00edch c\u1ea3 m\u1eabu r\u1eafn v\u00e0 l\u1ecfng ch\u1ec9 v\u1edbi m\u1ed9t thi\u1ebft b\u1ecb<\/li>\n<li data-sourcepos=\"4:1-4:156\">Thi\u1ebft b\u1ecb l\u1ea5y m\u1eabu kh\u00ed thu th\u1eadp carbon dioxide (CO2) t\u1eeb qu\u00e1 tr\u00ecnh \u0111\u1ed1t ch\u00e1y m\u1eabu \u0111\u1ec3 \u0111\u1ecbnh l\u01b0\u1ee3ng v\u00e0 ph\u00e2n t\u00edch c\u00e1c b\u1ea3n sao trong m\u1eabu<\/li>\n<li data-sourcepos=\"5:1-6:0\">Thi\u1ebft k\u1ebf nh\u1ecf g\u1ecdn theo chi\u1ec1u d\u1ecdc gi\u00fap ti\u1ebft ki\u1ec7m di\u1ec7n t\u00edch b\u00e0n ph\u00f2ng th\u00ed nghi\u1ec7m<\/li>\n<\/ul>\n","protected":false},"featured_media":3146,"comment_status":"open","ping_status":"closed","template":"","meta":[],"product_cat":[15],"product_tag":[],"acf":[],"lang":"vi","translations":{"vi":3143,"en":3147},"pll_sync_post":[],"_links":{"self":[{"href":"https:\/\/demo9.thuythu.vn\/reeco\/wp-json\/wp\/v2\/product\/3143"}],"collection":[{"href":"https:\/\/demo9.thuythu.vn\/reeco\/wp-json\/wp\/v2\/product"}],"about":[{"href":"https:\/\/demo9.thuythu.vn\/reeco\/wp-json\/wp\/v2\/types\/product"}],"replies":[{"embeddable":true,"href":"https:\/\/demo9.thuythu.vn\/reeco\/wp-json\/wp\/v2\/comments?post=3143"}],"wp:featuredmedia":[{"embeddable":true,"href":"https:\/\/demo9.thuythu.vn\/reeco\/wp-json\/wp\/v2\/media\/3146"}],"wp:attachment":[{"href":"https:\/\/demo9.thuythu.vn\/reeco\/wp-json\/wp\/v2\/media?parent=3143"}],"wp:term":[{"taxonomy":"product_cat","embeddable":true,"href":"https:\/\/demo9.thuythu.vn\/reeco\/wp-json\/wp\/v2\/product_cat?post=3143"},{"taxonomy":"product_tag","embeddable":true,"href":"https:\/\/demo9.thuythu.vn\/reeco\/wp-json\/wp\/v2\/product_tag?post=3143"}],"curies":[{"name":"wp","href":"https:\/\/api.w.org\/{rel}","templated":true}]}}