{"id":3137,"date":"2024-01-22T11:30:59","date_gmt":"2024-01-22T04:30:59","guid":{"rendered":"https:\/\/demo9.thuythu.vn\/reeco\/?post_type=product&#038;p=3137"},"modified":"2024-01-22T11:32:44","modified_gmt":"2024-01-22T04:32:44","slug":"cam-bien-do-sang-nen-lm21","status":"publish","type":"product","link":"https:\/\/demo9.thuythu.vn\/reeco\/san-pham\/cam-bien-do-sang-nen-lm21\/","title":{"rendered":"C\u1ea3m bi\u1ebfn \u0111\u1ed9 s\u00e1ng n\u1ec1n LM21"},"content":{"rendered":"","protected":false},"excerpt":{"rendered":"<p>Model: LM21<br \/>\nH\u00e3ng SX: Vaisala \u2013 Ph\u1ea7n Lan<\/p>\n<p><strong>T\u00ednh n\u0103ng<\/strong><\/p>\n<ul>\n<li>C\u1ea3m bi\u1ebfn th\u00f4ng minh, \u0111\u1ed9c l\u1eadp<\/li>\n<li>K\u1ebft qu\u1ea3 \u0111o tin c\u1eady, ph\u1ea3n \u00e1nh ch\u00ednh x\u00e1c l\u01b0\u1ee3ng \u00e1nh s\u00e1ng chi\u1ebfu t\u1edbi<\/li>\n<li>T\u1ef1 \u0111\u1ed9ng ki\u1ec3m tra ho\u1ea1t \u0111\u1ed9ng, ph\u00e1t hi\u1ec7n v\u00e0 b\u00e1o l\u1ed7i k\u1ecbp th\u1eddi<\/li>\n<li>\u0110o v\u00e0 b\u00f9 tr\u1eeb \u0111\u1ed9 b\u1ea9n c\u1eeda s\u1ed5<\/li>\n<li>Ng\u0103n ng\u1eeba nh\u1eefng \u1ea3nh h\u01b0\u1edfng g\u00e2y sai s\u1ed1 do v\u1eadt c\u1ea3n che \u0111\u01b0\u1eddng truy\u1ec1n \u00e1nh s\u00e1ng<\/li>\n<li>Ki\u1ec3m chu\u1ea9n theo ti\u00eau chu\u1ea9n \u0111o l\u01b0\u1eddng<\/li>\n<li>Cho ph\u00e9p ki\u1ec3m chu\u1ea9n nhanh ch\u00f3ng, ti\u1ec7n l\u1ee3i t\u1ea1i hi\u1ec7n tr\u01b0\u1eddng<\/li>\n<\/ul>\n","protected":false},"featured_media":3140,"comment_status":"open","ping_status":"closed","template":"","meta":[],"product_cat":[15],"product_tag":[],"acf":[],"lang":"vi","translations":{"vi":3137,"en":3141},"pll_sync_post":[],"_links":{"self":[{"href":"https:\/\/demo9.thuythu.vn\/reeco\/wp-json\/wp\/v2\/product\/3137"}],"collection":[{"href":"https:\/\/demo9.thuythu.vn\/reeco\/wp-json\/wp\/v2\/product"}],"about":[{"href":"https:\/\/demo9.thuythu.vn\/reeco\/wp-json\/wp\/v2\/types\/product"}],"replies":[{"embeddable":true,"href":"https:\/\/demo9.thuythu.vn\/reeco\/wp-json\/wp\/v2\/comments?post=3137"}],"wp:featuredmedia":[{"embeddable":true,"href":"https:\/\/demo9.thuythu.vn\/reeco\/wp-json\/wp\/v2\/media\/3140"}],"wp:attachment":[{"href":"https:\/\/demo9.thuythu.vn\/reeco\/wp-json\/wp\/v2\/media?parent=3137"}],"wp:term":[{"taxonomy":"product_cat","embeddable":true,"href":"https:\/\/demo9.thuythu.vn\/reeco\/wp-json\/wp\/v2\/product_cat?post=3137"},{"taxonomy":"product_tag","embeddable":true,"href":"https:\/\/demo9.thuythu.vn\/reeco\/wp-json\/wp\/v2\/product_tag?post=3137"}],"curies":[{"name":"wp","href":"https:\/\/api.w.org\/{rel}","templated":true}]}}