{"id":3128,"date":"2024-01-22T11:09:12","date_gmt":"2024-01-22T04:09:12","guid":{"rendered":"https:\/\/demo9.thuythu.vn\/reeco\/?post_type=product&#038;p=3128"},"modified":"2024-01-22T11:11:49","modified_gmt":"2024-01-22T04:11:49","slug":"cam-bien-do-tam-nhin-duong-bang-lt31","status":"publish","type":"product","link":"https:\/\/demo9.thuythu.vn\/reeco\/san-pham\/cam-bien-do-tam-nhin-duong-bang-lt31\/","title":{"rendered":"C\u1ea3m bi\u1ebfn \u0111o t\u1ea7m nh\u00ecn \u0111\u01b0\u1eddng b\u0103ng LT31"},"content":{"rendered":"","protected":false},"excerpt":{"rendered":"<p>Model: LT30<br \/>\nH\u00e3ng SX: Vaisala \u2013 Ph\u1ea7n Lan<\/p>\n<p><strong>T\u00ednh n\u0103ng<\/strong><\/p>\n<ul>\n<li>Kho\u1ea3ng \u0111o MOR \u0111\u01a1n: T\u1eeb 10m \u0111\u1ebfn 10.000m (33ft \u0111\u1ebfn 32.800ft)<\/li>\n<li>Cung c\u1ea5p \u0111\u1ed9 ch\u00ednh x\u00e1c v\u00e0 \u0111\u1ed9 tin c\u1eady cao trong m\u1ecdi \u0111i\u1ec1u ki\u1ec7n \u00e1nh s\u00e1ng<\/li>\n<li>T\u1ef1 \u0111\u1ed9ng c\u0103n ch\u1ec9nh v\u00e0 ki\u1ec3m so\u00e1t ch\u1ea5t l\u01b0\u1ee3ng<\/li>\n<li>T\u1ef1 \u0111\u1ed9ng hi\u1ec7u chu\u1ea9n<\/li>\n<li>Pin d\u1ef1 ph\u00f2ng t\u00edch h\u1ee3p \u0111\u1ea3m b\u1ea3o ho\u1ea1t \u0111\u1ed9ng li\u00ean t\u1ee5c ngay c\u1ea3 khi m\u1ea5t ngu\u1ed3n \u0111i\u1ec7n ch\u00ednh<\/li>\n<li>\u0110\u00e1p \u1ee9ng c\u00e1c y\u00eau c\u1ea7u c\u1ee7a ICAO v\u00e0 WMO v\u1ec1 RVR v\u00e0 \u0111\u1ed9 nh\u00ecn<\/li>\n<li>Cung c\u1ea5p k\u1ebft qu\u1ea3 \u0111o ch\u00ednh x\u00e1c ngay c\u1ea3 khi c\u1eeda s\u1ed5 b\u1ecb b\u1ea9n<\/li>\n<li>Ch\u1ea9n \u0111o\u00e1n t\u1ef1 \u0111\u1ed9ng th\u00f4ng minh<\/li>\n<\/ul>\n","protected":false},"featured_media":3135,"comment_status":"open","ping_status":"closed","template":"","meta":[],"product_cat":[15],"product_tag":[],"acf":[],"lang":"vi","translations":{"vi":3128,"en":3136},"pll_sync_post":[],"_links":{"self":[{"href":"https:\/\/demo9.thuythu.vn\/reeco\/wp-json\/wp\/v2\/product\/3128"}],"collection":[{"href":"https:\/\/demo9.thuythu.vn\/reeco\/wp-json\/wp\/v2\/product"}],"about":[{"href":"https:\/\/demo9.thuythu.vn\/reeco\/wp-json\/wp\/v2\/types\/product"}],"replies":[{"embeddable":true,"href":"https:\/\/demo9.thuythu.vn\/reeco\/wp-json\/wp\/v2\/comments?post=3128"}],"wp:featuredmedia":[{"embeddable":true,"href":"https:\/\/demo9.thuythu.vn\/reeco\/wp-json\/wp\/v2\/media\/3135"}],"wp:attachment":[{"href":"https:\/\/demo9.thuythu.vn\/reeco\/wp-json\/wp\/v2\/media?parent=3128"}],"wp:term":[{"taxonomy":"product_cat","embeddable":true,"href":"https:\/\/demo9.thuythu.vn\/reeco\/wp-json\/wp\/v2\/product_cat?post=3128"},{"taxonomy":"product_tag","embeddable":true,"href":"https:\/\/demo9.thuythu.vn\/reeco\/wp-json\/wp\/v2\/product_tag?post=3128"}],"curies":[{"name":"wp","href":"https:\/\/api.w.org\/{rel}","templated":true}]}}