{"id":3120,"date":"2024-01-22T10:42:00","date_gmt":"2024-01-22T03:42:00","guid":{"rendered":"https:\/\/demo9.thuythu.vn\/reeco\/?post_type=product&#038;p=3120"},"modified":"2024-01-22T11:56:01","modified_gmt":"2024-01-22T04:56:01","slug":"cam-bien-thoi-tiet-va-tam-nhin-pwd","status":"publish","type":"product","link":"https:\/\/demo9.thuythu.vn\/reeco\/san-pham\/cam-bien-thoi-tiet-va-tam-nhin-pwd\/","title":{"rendered":"C\u1ea3m bi\u1ebfn th\u1eddi ti\u1ebft v\u00e0 t\u1ea7m nh\u00ecn PWD"},"content":{"rendered":"","protected":false},"excerpt":{"rendered":"<p>Model: <span style=\"font-weight: 400;\">PWD Series<\/span><br \/>\nH\u00e3ng SX: Vaisala \u2013 Ph\u1ea7n Lan<\/p>\n<p><strong>T\u00ednh n\u0103ng<\/strong><\/p>\n<p data-sourcepos=\"3:1-3:21\"><strong>T\u1ea5t c\u1ea3 c\u00e1c model:<\/strong><\/p>\n<ul data-sourcepos=\"5:1-8:0\">\n<li data-sourcepos=\"5:1-5:70\">\u0110o l\u01b0\u1eddng ch\u00ednh x\u00e1c v\u00e0 c\u00f3 th\u1ec3 truy v\u1ebft \u0111\u1ed9 che khu\u1ea5t th\u1ecb gi\u00e1c hi\u1ec7n t\u1ea1i<\/li>\n<li data-sourcepos=\"6:1-6:26\">Ki\u1ec3u d\u00e1ng nh\u1ecf g\u1ecdn v\u00e0 nh\u1eb9<\/li>\n<li data-sourcepos=\"7:1-8:0\">D\u1ec5 d\u00e0ng l\u1eafp \u0111\u1eb7t<\/li>\n<\/ul>\n<p data-sourcepos=\"9:1-9:39\"><strong>Ngo\u00e0i ra, model PWD12 v\u00e0 PWD22 c\u00f2n:<\/strong><\/p>\n<ul data-sourcepos=\"11:1-16:0\">\n<li data-sourcepos=\"11:1-11:38\">Ch\u1ec9 ra nguy\u00ean nh\u00e2n g\u00e2y gi\u1ea3m t\u1ea7m nh\u00ecn<\/li>\n<li data-sourcepos=\"12:1-12:57\">Nh\u1eadn d\u1ea1ng lo\u1ea1i precipitation (l\u01b0\u1ee3ng m\u01b0a, tuy\u1ebft r\u01a1i,&#8230;)<\/li>\n<li data-sourcepos=\"13:1-13:48\">\u0110o c\u01b0\u1eddng \u0111\u1ed9 v\u00e0 l\u01b0\u1ee3ng t\u00edch t\u1ee5 c\u1ee7a precipitation<\/li>\n<li data-sourcepos=\"14:1-16:0\">D\u1ef1 b\u00e1o l\u01b0\u1ee3ng tuy\u1ebft t\u00edch t\u1ee5<\/li>\n<\/ul>\n","protected":false},"featured_media":3125,"comment_status":"open","ping_status":"closed","template":"","meta":[],"product_cat":[15],"product_tag":[],"acf":[],"lang":"vi","translations":{"vi":3120,"en":3127},"pll_sync_post":[],"_links":{"self":[{"href":"https:\/\/demo9.thuythu.vn\/reeco\/wp-json\/wp\/v2\/product\/3120"}],"collection":[{"href":"https:\/\/demo9.thuythu.vn\/reeco\/wp-json\/wp\/v2\/product"}],"about":[{"href":"https:\/\/demo9.thuythu.vn\/reeco\/wp-json\/wp\/v2\/types\/product"}],"replies":[{"embeddable":true,"href":"https:\/\/demo9.thuythu.vn\/reeco\/wp-json\/wp\/v2\/comments?post=3120"}],"wp:featuredmedia":[{"embeddable":true,"href":"https:\/\/demo9.thuythu.vn\/reeco\/wp-json\/wp\/v2\/media\/3125"}],"wp:attachment":[{"href":"https:\/\/demo9.thuythu.vn\/reeco\/wp-json\/wp\/v2\/media?parent=3120"}],"wp:term":[{"taxonomy":"product_cat","embeddable":true,"href":"https:\/\/demo9.thuythu.vn\/reeco\/wp-json\/wp\/v2\/product_cat?post=3120"},{"taxonomy":"product_tag","embeddable":true,"href":"https:\/\/demo9.thuythu.vn\/reeco\/wp-json\/wp\/v2\/product_tag?post=3120"}],"curies":[{"name":"wp","href":"https:\/\/api.w.org\/{rel}","templated":true}]}}