{"id":3116,"date":"2024-01-22T10:25:44","date_gmt":"2024-01-22T03:25:44","guid":{"rendered":"https:\/\/demo9.thuythu.vn\/reeco\/?post_type=product&#038;p=3116"},"modified":"2024-01-22T11:57:43","modified_gmt":"2024-01-22T04:57:43","slug":"cam-bien-do-tam-nhin-xa-va-thoi-tiet-hien-tai-pwd52","status":"publish","type":"product","link":"https:\/\/demo9.thuythu.vn\/reeco\/san-pham\/cam-bien-do-tam-nhin-xa-va-thoi-tiet-hien-tai-pwd52\/","title":{"rendered":"C\u1ea3m bi\u1ebfn \u0111o t\u1ea7m nh\u00ecn xa v\u00e0 th\u1eddi ti\u1ebft hi\u1ec7n t\u1ea1i PWD52"},"content":{"rendered":"","protected":false},"excerpt":{"rendered":"<p>Model: PWD52<br \/>\nH\u00e3ng SX: Vaisala \u2013 Ph\u1ea7n Lan<\/p>\n<h2 data-sourcepos=\"1:1-1:13\">T\u00ednh n\u0103ng:<\/h2>\n<ul data-sourcepos=\"3:1-10:0\">\n<li data-sourcepos=\"3:1-3:64\">\u0110o l\u01b0\u1eddng ch\u00ednh x\u00e1c, c\u00f3 th\u1ec3 truy nguy\u00ean v\u1ec1 t\u1ea7m nh\u00ecn hi\u1ec7n t\u1ea1i<\/li>\n<li data-sourcepos=\"4:1-4:25\">Ph\u00e1t hi\u1ec7n lo\u1ea1i h\u00ecnh m\u01b0a<\/li>\n<li data-sourcepos=\"5:1-5:38\">\u0110o c\u01b0\u1eddng \u0111\u1ed9 v\u00e0 l\u01b0\u1ee3ng t\u00edch t\u1ee5 c\u1ee7a m\u01b0a<\/li>\n<li data-sourcepos=\"6:1-6:28\">D\u1ef1 b\u00e1o l\u01b0\u1ee3ng t\u00edch t\u1ee5 tuy\u1ebft<\/li>\n<li data-sourcepos=\"7:1-7:34\">C\u1ea5u tr\u00fac m\u1ea1nh m\u1ebd v\u00e0 \u0111\u00e1ng tin c\u1eady<\/li>\n<li data-sourcepos=\"8:1-8:47\">Thi\u1ebft k\u1ebf ch\u1ed1ng th\u1eddi ti\u1ebft gi\u1ea3m nhu c\u1ea7u b\u1ea3o tr\u00ec<\/li>\n<li data-sourcepos=\"9:1-10:0\">D\u1ec5 d\u00e0ng l\u1eafp \u0111\u1eb7t, d\u1ec5 d\u00e0ng t\u00edch h\u1ee3p<\/li>\n<\/ul>\n","protected":false},"featured_media":3118,"comment_status":"open","ping_status":"closed","template":"","meta":[],"product_cat":[15],"product_tag":[],"acf":[],"lang":"vi","translations":{"vi":3116,"en":3119},"pll_sync_post":[],"_links":{"self":[{"href":"https:\/\/demo9.thuythu.vn\/reeco\/wp-json\/wp\/v2\/product\/3116"}],"collection":[{"href":"https:\/\/demo9.thuythu.vn\/reeco\/wp-json\/wp\/v2\/product"}],"about":[{"href":"https:\/\/demo9.thuythu.vn\/reeco\/wp-json\/wp\/v2\/types\/product"}],"replies":[{"embeddable":true,"href":"https:\/\/demo9.thuythu.vn\/reeco\/wp-json\/wp\/v2\/comments?post=3116"}],"wp:featuredmedia":[{"embeddable":true,"href":"https:\/\/demo9.thuythu.vn\/reeco\/wp-json\/wp\/v2\/media\/3118"}],"wp:attachment":[{"href":"https:\/\/demo9.thuythu.vn\/reeco\/wp-json\/wp\/v2\/media?parent=3116"}],"wp:term":[{"taxonomy":"product_cat","embeddable":true,"href":"https:\/\/demo9.thuythu.vn\/reeco\/wp-json\/wp\/v2\/product_cat?post=3116"},{"taxonomy":"product_tag","embeddable":true,"href":"https:\/\/demo9.thuythu.vn\/reeco\/wp-json\/wp\/v2\/product_tag?post=3116"}],"curies":[{"name":"wp","href":"https:\/\/api.w.org\/{rel}","templated":true}]}}