{"id":3112,"date":"2024-01-22T10:13:52","date_gmt":"2024-01-22T03:13:52","guid":{"rendered":"https:\/\/demo9.thuythu.vn\/reeco\/?post_type=product&#038;p=3112"},"modified":"2024-01-22T11:57:17","modified_gmt":"2024-01-22T04:57:17","slug":"cam-bien-do-tam-nhin-xa-pwd50","status":"publish","type":"product","link":"https:\/\/demo9.thuythu.vn\/reeco\/san-pham\/cam-bien-do-tam-nhin-xa-pwd50\/","title":{"rendered":"C\u1ea3m bi\u1ebfn \u0111o t\u1ea7m nh\u00ecn xa PWD50"},"content":{"rendered":"","protected":false},"excerpt":{"rendered":"<p>Model: PWD50<br \/>\nH\u00e3ng SX: Vaisala \u2013 Ph\u1ea7n Lan<\/p>\n<p data-sourcepos=\"1:1-1:14\"><strong>C\u00e1c t\u00ednh n\u0103ng:<\/strong><\/p>\n<ul data-sourcepos=\"3:1-8:0\">\n<li data-sourcepos=\"3:1-3:61\">\u0110o l\u01b0\u1eddng ch\u00ednh x\u00e1c, c\u00f3 th\u1ec3 truy nguy\u00ean v\u1ec1 t\u1ea7m nh\u00ecn hi\u1ec7n t\u1ea1i<\/li>\n<li data-sourcepos=\"4:1-4:23\">\u0110a n\u0103ng v\u00e0 d\u1ec5 l\u1eafp \u0111\u1eb7t<\/li>\n<li data-sourcepos=\"5:1-5:18\">D\u1ec5 d\u00e0ng t\u00edch h\u1ee3p<\/li>\n<li data-sourcepos=\"6:1-6:25\">Ki\u00ean c\u1ed1 v\u00e0 \u0111\u00e1ng tin c\u1eady<\/li>\n<li data-sourcepos=\"7:1-8:0\">Thi\u1ebft k\u1ebf ch\u1ed1ng th\u1eddi ti\u1ebft gi\u1ea3m nhu c\u1ea7u b\u1ea3o tr\u00ec<\/li>\n<\/ul>\n","protected":false},"featured_media":3114,"comment_status":"open","ping_status":"closed","template":"","meta":[],"product_cat":[15],"product_tag":[],"acf":[],"lang":"vi","translations":{"vi":3112,"en":3115},"pll_sync_post":[],"_links":{"self":[{"href":"https:\/\/demo9.thuythu.vn\/reeco\/wp-json\/wp\/v2\/product\/3112"}],"collection":[{"href":"https:\/\/demo9.thuythu.vn\/reeco\/wp-json\/wp\/v2\/product"}],"about":[{"href":"https:\/\/demo9.thuythu.vn\/reeco\/wp-json\/wp\/v2\/types\/product"}],"replies":[{"embeddable":true,"href":"https:\/\/demo9.thuythu.vn\/reeco\/wp-json\/wp\/v2\/comments?post=3112"}],"wp:featuredmedia":[{"embeddable":true,"href":"https:\/\/demo9.thuythu.vn\/reeco\/wp-json\/wp\/v2\/media\/3114"}],"wp:attachment":[{"href":"https:\/\/demo9.thuythu.vn\/reeco\/wp-json\/wp\/v2\/media?parent=3112"}],"wp:term":[{"taxonomy":"product_cat","embeddable":true,"href":"https:\/\/demo9.thuythu.vn\/reeco\/wp-json\/wp\/v2\/product_cat?post=3112"},{"taxonomy":"product_tag","embeddable":true,"href":"https:\/\/demo9.thuythu.vn\/reeco\/wp-json\/wp\/v2\/product_tag?post=3112"}],"curies":[{"name":"wp","href":"https:\/\/api.w.org\/{rel}","templated":true}]}}