{"id":3098,"date":"2024-01-22T09:50:12","date_gmt":"2024-01-22T02:50:12","guid":{"rendered":"https:\/\/demo9.thuythu.vn\/reeco\/?post_type=product&#038;p=3098"},"modified":"2024-01-22T09:52:12","modified_gmt":"2024-01-22T02:52:12","slug":"bo-do-gio-wa25","status":"publish","type":"product","link":"https:\/\/demo9.thuythu.vn\/reeco\/san-pham\/bo-do-gio-wa25\/","title":{"rendered":"B\u1ed9 \u0111o gi\u00f3 WA25"},"content":{"rendered":"","protected":false},"excerpt":{"rendered":"<p>Model: WA25<br \/>\nH\u00e3ng SX: Vaisala \u2013 Ph\u1ea7n Lan<\/p>\n<p><strong>T\u00ednh n\u0103ng ch\u00ednh:<\/strong><\/p>\n<ul>\n<li>B\u1ed9 \u0111o gi\u00f3 hi\u1ec7u su\u1ea5t cao<\/li>\n<li>\u0110o t\u1ed1c \u0111\u1ed9 v\u00e0 h\u01b0\u1edbng gi\u00f3 ch\u00ednh x\u00e1c<\/li>\n<li>Ng\u01b0\u1ee1ng ho\u1ea1t \u0111\u1ed9ng \u0111o l\u01b0\u1eddng th\u1ea5p<\/li>\n<li>C\u1ed1c gi\u00f3 h\u00ecnh n\u00f3n cung c\u1ea5p \u0111\u1ed9 tuy\u1ebfn t\u00ednh tuy\u1ec7t v\u1eddi<\/li>\n<\/ul>\n","protected":false},"featured_media":3100,"comment_status":"open","ping_status":"closed","template":"","meta":[],"product_cat":[15],"product_tag":[],"acf":[],"lang":"vi","translations":{"vi":3098,"en":3101},"pll_sync_post":[],"_links":{"self":[{"href":"https:\/\/demo9.thuythu.vn\/reeco\/wp-json\/wp\/v2\/product\/3098"}],"collection":[{"href":"https:\/\/demo9.thuythu.vn\/reeco\/wp-json\/wp\/v2\/product"}],"about":[{"href":"https:\/\/demo9.thuythu.vn\/reeco\/wp-json\/wp\/v2\/types\/product"}],"replies":[{"embeddable":true,"href":"https:\/\/demo9.thuythu.vn\/reeco\/wp-json\/wp\/v2\/comments?post=3098"}],"wp:featuredmedia":[{"embeddable":true,"href":"https:\/\/demo9.thuythu.vn\/reeco\/wp-json\/wp\/v2\/media\/3100"}],"wp:attachment":[{"href":"https:\/\/demo9.thuythu.vn\/reeco\/wp-json\/wp\/v2\/media?parent=3098"}],"wp:term":[{"taxonomy":"product_cat","embeddable":true,"href":"https:\/\/demo9.thuythu.vn\/reeco\/wp-json\/wp\/v2\/product_cat?post=3098"},{"taxonomy":"product_tag","embeddable":true,"href":"https:\/\/demo9.thuythu.vn\/reeco\/wp-json\/wp\/v2\/product_tag?post=3098"}],"curies":[{"name":"wp","href":"https:\/\/api.w.org\/{rel}","templated":true}]}}