{"id":3080,"date":"2024-01-22T09:14:42","date_gmt":"2024-01-22T02:14:42","guid":{"rendered":"https:\/\/demo9.thuythu.vn\/reeco\/?post_type=product&#038;p=3080"},"modified":"2024-01-22T09:17:23","modified_gmt":"2024-01-22T02:17:23","slug":"cam-bien-gio-sieu-am-windcap-wmt700","status":"publish","type":"product","link":"https:\/\/demo9.thuythu.vn\/reeco\/san-pham\/cam-bien-gio-sieu-am-windcap-wmt700\/","title":{"rendered":"C\u1ea3m bi\u1ebfn gi\u00f3 si\u00eau \u00e2m WINDCAP WMT700"},"content":{"rendered":"","protected":false},"excerpt":{"rendered":"<p>Model: WINDCAP WMT700<br \/>\nH\u00e3ng SX: Vaisala \u2013 Ph\u1ea7n Lan<\/p>\n<h2 data-sourcepos=\"1:1-1:12\">T\u00ednh n\u0103ng<\/h2>\n<ul>\n<li data-sourcepos=\"3:1-16:106\">\u0110\u1ea1t ti\u00eau chu\u1ea9n WMO v\u00e0 ICAO<\/li>\n<li data-sourcepos=\"3:1-16:106\">T\u1ed1c \u0111\u1ed9 xu\u1ea5t d\u1eef li\u1ec7u 4 Hz v\u00e0 8 Hz<\/li>\n<li data-sourcepos=\"3:1-16:106\">K\u1ebft c\u1ea5u th\u00e9p kh\u00f4ng g\u1ec9<\/li>\n<li data-sourcepos=\"3:1-16:106\">Kh\u00f4ng c\u1ea7n b\u1ea3o tr\u00ec<\/li>\n<li data-sourcepos=\"3:1-16:106\">Thi\u1ebft k\u1ebf 3 b\u1ed9 thu t\u00edn hi\u1ec7u mang l\u1ea1i d\u1eef li\u1ec7u ch\u00ednh x\u00e1c<\/li>\n<li data-sourcepos=\"3:1-16:106\">C\u00e1c \u0111\u1ecbnh d\u1ea1ng xu\u1ea5t d\u1eef li\u1ec7u: t\u1ecda \u0111\u1ed9 c\u1ef1c v\u00e0 vector<\/li>\n<li data-sourcepos=\"3:1-16:106\">B\u00f9 ho\u00e0n to\u00e0n \u1ea3nh h\u01b0\u1edfng c\u1ee7a nhi\u1ec7t \u0111\u1ed9, \u0111\u1ed9 \u1ea9m v\u00e0 \u00e1p su\u1ea5t<\/li>\n<li data-sourcepos=\"3:1-16:106\">D\u1ea3i \u0111o l\u00ean \u0111\u1ebfn 90 m\/s (201 mph)<\/li>\n<li data-sourcepos=\"3:1-16:106\">C\u00f4ng su\u1ea5t s\u01b0\u1edfi l\u00ean \u0111\u1ebfn 250 W<\/li>\n<li data-sourcepos=\"3:1-16:106\">Ti\u00eau chu\u1ea9n IP66 v\u00e0 IP67<\/li>\n<li data-sourcepos=\"3:1-16:106\">B\u1ed9 truy\u1ec1n t\u00edn hi\u1ec7u l\u1edbn cung c\u1ea5p c\u00f4ng su\u1ea5t si\u00eau \u00e2m cao<\/li>\n<li data-sourcepos=\"3:1-16:106\">T\u00f9y ch\u1ecdn b\u1ed9 ng\u0103n chim<\/li>\n<li data-sourcepos=\"3:1-16:106\">T\u1ed1c \u0111\u1ed9 gi\u00f3 gi\u1eadt \u0111\u01b0\u1ee3c t\u00ednh to\u00e1n theo h\u01b0\u1edbng d\u1eabn c\u1ee7a WMO<\/li>\n<li data-sourcepos=\"3:1-16:106\">C\u1ee5c Kh\u00ed t\u01b0\u1ee3ng Qu\u1ed1c gia Hoa K\u1ef3 v\u00e0 C\u1ee5c H\u00e0ng kh\u00f4ng Li\u00ean bang Hoa K\u1ef3 tin t\u01b0\u1edfng v\u00e0o c\u00f4ng ngh\u1ec7 Vaisala WINDCAP<\/li>\n<\/ul>\n","protected":false},"featured_media":3085,"comment_status":"open","ping_status":"closed","template":"","meta":[],"product_cat":[15],"product_tag":[],"acf":[],"lang":"vi","translations":{"vi":3080,"en":3089},"pll_sync_post":[],"_links":{"self":[{"href":"https:\/\/demo9.thuythu.vn\/reeco\/wp-json\/wp\/v2\/product\/3080"}],"collection":[{"href":"https:\/\/demo9.thuythu.vn\/reeco\/wp-json\/wp\/v2\/product"}],"about":[{"href":"https:\/\/demo9.thuythu.vn\/reeco\/wp-json\/wp\/v2\/types\/product"}],"replies":[{"embeddable":true,"href":"https:\/\/demo9.thuythu.vn\/reeco\/wp-json\/wp\/v2\/comments?post=3080"}],"wp:featuredmedia":[{"embeddable":true,"href":"https:\/\/demo9.thuythu.vn\/reeco\/wp-json\/wp\/v2\/media\/3085"}],"wp:attachment":[{"href":"https:\/\/demo9.thuythu.vn\/reeco\/wp-json\/wp\/v2\/media?parent=3080"}],"wp:term":[{"taxonomy":"product_cat","embeddable":true,"href":"https:\/\/demo9.thuythu.vn\/reeco\/wp-json\/wp\/v2\/product_cat?post=3080"},{"taxonomy":"product_tag","embeddable":true,"href":"https:\/\/demo9.thuythu.vn\/reeco\/wp-json\/wp\/v2\/product_tag?post=3080"}],"curies":[{"name":"wp","href":"https:\/\/api.w.org\/{rel}","templated":true}]}}