{"id":3074,"date":"2024-01-22T08:58:20","date_gmt":"2024-01-22T01:58:20","guid":{"rendered":"https:\/\/demo9.thuythu.vn\/reeco\/?post_type=product&#038;p=3074"},"modified":"2024-01-22T11:48:11","modified_gmt":"2024-01-22T04:48:11","slug":"thiet-bi-phan-tich-khi-quyen-da10","status":"publish","type":"product","link":"https:\/\/demo9.thuythu.vn\/reeco\/san-pham\/thiet-bi-phan-tich-khi-quyen-da10\/","title":{"rendered":"Thi\u1ebft b\u1ecb ph\u00e2n t\u00edch kh\u00ed quy\u1ec3n DA10"},"content":{"rendered":"","protected":false},"excerpt":{"rendered":"<p>Model: DA10<br \/>\nH\u00e3ng SX: Vaisala \u2013 Ph\u1ea7n Lan<\/p>\n<p data-sourcepos=\"1:1-1:21\"><strong>\u0110\u1eb7c t\u00ednh k\u1ef9 thu\u1eadt:<\/strong><\/p>\n<ul data-sourcepos=\"3:1-12:0\">\n<li data-sourcepos=\"3:1-3:49\">\u0110o th\u00e0nh ph\u1ea7n h\u01a1i n\u01b0\u1edbc l\u00ean \u0111\u1ebfn 4 km (13.000 ft)<\/li>\n<li data-sourcepos=\"4:1-4:59\">\u0110o c\u00e1c t\u00edn hi\u1ec7u t\u00e1n x\u1ea1 suy gi\u1ea3m l\u00ean \u0111\u1ebfn 18 km (59.000 ft)<\/li>\n<li data-sourcepos=\"5:1-5:99\">\u0110\u01b0\u1ee3c thi\u1ebft k\u1ebf \u0111\u1ec3 h\u1ed7 tr\u1ee3 d\u1ef1 b\u00e1o t\u1ee9c th\u1eddi, d\u1ef1 b\u00e1o theo m\u00f9a, m\u00f4 h\u00ecnh kh\u00ed h\u1eadu v\u00e0 nghi\u00ean c\u1ee9u kh\u00ed quy\u1ec3n<\/li>\n<li data-sourcepos=\"6:1-6:77\">T\u1ef7 l\u1ec7 t\u00edn hi\u1ec7u tr\u00ean nhi\u1ec5u (SNR) t\u1ed1t h\u01a1n cho c\u00e1c c\u1ea5u h\u00ecnh kh\u00ed quy\u1ec3n n\u00e2ng cao<\/li>\n<li data-sourcepos=\"7:1-7:56\">S\u1eed d\u1ee5ng c\u00f4ng ngh\u1ec7 m\u1ed9t \u1ed1ng k\u00ednh \u0111\u1ec3 \u0111\u1ea1t hi\u1ec7u su\u1ea5t t\u1ed1i \u01b0u<\/li>\n<li data-sourcepos=\"8:1-8:38\">\u0110\u1ed9 ch\u00ednh x\u00e1c tuy\u1ec7t v\u1eddi \u1edf \u0111\u1ed9 cao th\u1ea5p<\/li>\n<li data-sourcepos=\"9:1-9:37\">D\u1eef li\u1ec7u \u0111o l\u01b0\u1eddng \u1edf \u0111\u1ecbnh d\u1ea1ng netCDF<\/li>\n<li data-sourcepos=\"10:1-10:41\">Ho\u1ea1t \u0111\u1ed9ng kh\u00f4ng ng\u01b0\u1eddi l\u00e1i, t\u1ef1 \u0111\u1ed9ng 24\/7<\/li>\n<li data-sourcepos=\"11:1-12:0\">Truy c\u1eadp t\u1eeb xa, gi\u00e1m s\u00e1t v\u00e0 t\u1ef1 ch\u1ea9n \u0111o\u00e1n<\/li>\n<\/ul>\n","protected":false},"featured_media":3077,"comment_status":"open","ping_status":"closed","template":"","meta":[],"product_cat":[15],"product_tag":[],"acf":[],"lang":"vi","translations":{"vi":3074,"en":3079},"pll_sync_post":[],"_links":{"self":[{"href":"https:\/\/demo9.thuythu.vn\/reeco\/wp-json\/wp\/v2\/product\/3074"}],"collection":[{"href":"https:\/\/demo9.thuythu.vn\/reeco\/wp-json\/wp\/v2\/product"}],"about":[{"href":"https:\/\/demo9.thuythu.vn\/reeco\/wp-json\/wp\/v2\/types\/product"}],"replies":[{"embeddable":true,"href":"https:\/\/demo9.thuythu.vn\/reeco\/wp-json\/wp\/v2\/comments?post=3074"}],"wp:featuredmedia":[{"embeddable":true,"href":"https:\/\/demo9.thuythu.vn\/reeco\/wp-json\/wp\/v2\/media\/3077"}],"wp:attachment":[{"href":"https:\/\/demo9.thuythu.vn\/reeco\/wp-json\/wp\/v2\/media?parent=3074"}],"wp:term":[{"taxonomy":"product_cat","embeddable":true,"href":"https:\/\/demo9.thuythu.vn\/reeco\/wp-json\/wp\/v2\/product_cat?post=3074"},{"taxonomy":"product_tag","embeddable":true,"href":"https:\/\/demo9.thuythu.vn\/reeco\/wp-json\/wp\/v2\/product_tag?post=3074"}],"curies":[{"name":"wp","href":"https:\/\/api.w.org\/{rel}","templated":true}]}}