{"id":3069,"date":"2024-01-22T08:40:03","date_gmt":"2024-01-22T01:40:03","guid":{"rendered":"https:\/\/demo9.thuythu.vn\/reeco\/?post_type=product&#038;p=3069"},"modified":"2024-01-26T08:48:43","modified_gmt":"2024-01-26T01:48:43","slug":"thiet-bi-do-do-cao-may-bang-lidar-cl61","status":"publish","type":"product","link":"https:\/\/demo9.thuythu.vn\/reeco\/san-pham\/thiet-bi-do-do-cao-may-bang-lidar-cl61\/","title":{"rendered":"Thi\u1ebft b\u1ecb \u0111o \u0111\u1ed9 cao m\u00e2y b\u1eb1ng Lidar CL61"},"content":{"rendered":"","protected":false},"excerpt":{"rendered":"<p>Model: CL61<br \/>\nH\u00e3ng SX: Vaisala \u2013 Ph\u1ea7n Lan<\/p>\n<p><strong>T\u00ednh n\u0103ng<\/strong><\/p>\n<ul>\n<li>C\u00e1c ph\u00e9p \u0111o kh\u1eed c\u1ef1c \u0111\u1ec3 h\u1ed7 tr\u1ee3 ph\u00e2n bi\u1ec7t ch\u1ea5t l\u1ecfng\/r\u1eafn, c\u0169ng nh\u01b0 b\u1ee5i v\u00e0 tro n\u00fai l\u1eeda<\/li>\n<li>C\u1ea5u h\u00ecnh t\u00e1n x\u1ea1 ng\u01b0\u1ee3c suy gi\u1ea3m cho to\u00e0n d\u1ea3i l\u00ean t\u1edbi 15,4 km (9,6 mi)<\/li>\n<li>C\u1ea3i thi\u1ec7n t\u1ef7 l\u1ec7 t\u00edn hi\u1ec7u tr\u00ean nhi\u1ec5u (SNR) \u0111\u1ec3 n\u00e2ng cao kh\u1ea3 n\u0103ng b\u00e1o c\u00e1o c\u1ea5u tr\u00fac kh\u00ed quy\u1ec3n<\/li>\n<li>Quang h\u1ecdc \u1ed1ng k\u00ednh \u0111\u01a1n \u0111\u1ed9c \u0111\u00e1o v\u1edbi hi\u1ec7u su\u1ea5t v\u01b0\u1ee3t tr\u1ed9i ngay c\u1ea3 \u1edf \u0111\u1ed9 cao th\u1ea5p<\/li>\n<li>C\u00f4ng ngh\u1ec7 \u0111\u01b0\u1ee3c c\u1ea5p b\u1eb1ng s\u00e1ng ch\u1ebf \u0111\u1ec3 gi\u1ea3m thi\u1ec3u t\u00e1c \u0111\u1ed9ng c\u1ee7a h\u01a1i n\u01b0\u1edbc s\u1ef1 h\u1ea5p th\u1ee5<\/li>\n<li>D\u1eef li\u1ec7u \u0111o c\u00f3 s\u1eb5n \u1edf \u0111\u1ecbnh d\u1ea1ng netCDF<\/li>\n<li>Ki\u1ec3m chu\u1ea9n nh\u00e0 m\u00e1y c\u00f3 th\u1ec3 truy nguy\u00ean<\/li>\n<\/ul>\n","protected":false},"featured_media":3072,"comment_status":"open","ping_status":"closed","template":"","meta":[],"product_cat":[15],"product_tag":[],"acf":[],"lang":"vi","translations":{"vi":3069,"en":3073},"pll_sync_post":[],"_links":{"self":[{"href":"https:\/\/demo9.thuythu.vn\/reeco\/wp-json\/wp\/v2\/product\/3069"}],"collection":[{"href":"https:\/\/demo9.thuythu.vn\/reeco\/wp-json\/wp\/v2\/product"}],"about":[{"href":"https:\/\/demo9.thuythu.vn\/reeco\/wp-json\/wp\/v2\/types\/product"}],"replies":[{"embeddable":true,"href":"https:\/\/demo9.thuythu.vn\/reeco\/wp-json\/wp\/v2\/comments?post=3069"}],"wp:featuredmedia":[{"embeddable":true,"href":"https:\/\/demo9.thuythu.vn\/reeco\/wp-json\/wp\/v2\/media\/3072"}],"wp:attachment":[{"href":"https:\/\/demo9.thuythu.vn\/reeco\/wp-json\/wp\/v2\/media?parent=3069"}],"wp:term":[{"taxonomy":"product_cat","embeddable":true,"href":"https:\/\/demo9.thuythu.vn\/reeco\/wp-json\/wp\/v2\/product_cat?post=3069"},{"taxonomy":"product_tag","embeddable":true,"href":"https:\/\/demo9.thuythu.vn\/reeco\/wp-json\/wp\/v2\/product_tag?post=3069"}],"curies":[{"name":"wp","href":"https:\/\/api.w.org\/{rel}","templated":true}]}}