{"id":3065,"date":"2024-01-22T08:19:49","date_gmt":"2024-01-22T01:19:49","guid":{"rendered":"https:\/\/demo9.thuythu.vn\/reeco\/?post_type=product&#038;p=3065"},"modified":"2024-01-26T08:49:05","modified_gmt":"2024-01-26T01:49:05","slug":"thiet-bi-do-do-cao-dam-may-cl51","status":"publish","type":"product","link":"https:\/\/demo9.thuythu.vn\/reeco\/san-pham\/thiet-bi-do-do-cao-dam-may-cl51\/","title":{"rendered":"Thi\u1ebft b\u1ecb \u0111o \u0111\u1ed9 cao \u0111\u00e1m m\u00e2y CL51"},"content":{"rendered":"","protected":false},"excerpt":{"rendered":"<p>Model: CL51<br \/>\nH\u00e3ng SX: Vaisala \u2013 Ph\u1ea7n Lan<\/p>\n<p data-sourcepos=\"3:1-3:13\"><strong>T\u00ednh n\u0103ng<\/strong><\/p>\n<ul data-sourcepos=\"5:1-15:0\">\n<li data-sourcepos=\"5:1-5:47\">Ph\u1ea1m vi b\u00e1o c\u00e1o m\u00e2y l\u00ean \u0111\u1ebfn 13 km (43.000 ft)<\/li>\n<li data-sourcepos=\"6:1-6:74\">Ki\u1ec3m tra ph\u00e2n t\u00e1n ng\u01b0\u1ee3c tr\u00ean to\u00e0n b\u1ed9 ph\u1ea1m vi l\u00ean \u0111\u1ebfn 15 km (49.200 feet)<\/li>\n<li data-sourcepos=\"7:1-7:105\">H\u1ec7 th\u1ed1ng quang h\u1ecdc m\u1ed9t th\u1ea5u k\u00ednh ti\u00ean ti\u1ebfn th\u1ebf h\u1ec7 th\u1ee9 hai v\u1edbi hi\u1ec7u su\u1ea5t tuy\u1ec7t v\u1eddi ngay c\u1ea3 \u1edf \u0111\u1ed9 cao th\u1ea5p<\/li>\n<li data-sourcepos=\"8:1-8:93\">Ho\u1ea1t \u0111\u1ed9ng 24\/7 ho\u00e0n to\u00e0n t\u1ef1 \u0111\u1ed9ng, \u0111\u00e3 \u0111\u01b0\u1ee3c ki\u1ec3m ch\u1ee9ng th\u1ef1c \u0111\u1ecba trong m\u1ecdi \u0111i\u1ec1u ki\u1ec7n th\u1eddi ti\u1ebft<\/li>\n<li data-sourcepos=\"9:1-9:47\">Thi\u1ebft k\u1ebf m\u00f4-\u0111un \u0111\u1ec3 d\u1ec5 d\u00e0ng l\u1eafp \u0111\u1eb7t v\u00e0 b\u1ea3o tr\u00ec<\/li>\n<li data-sourcepos=\"10:1-10:45\">Ch\u1ea9n \u0111o\u00e1n t\u1ef1 \u0111\u1ed9ng m\u1edf r\u1ed9ng v\u1edbi ph\u00e2n t\u00edch l\u1ed7i<\/li>\n<li data-sourcepos=\"11:1-11:95\">Ho\u1ea1t \u0111\u1ed9ng \u0111\u00e1ng tin c\u1eady trong m\u1ecdi \u0111i\u1ec1u ki\u1ec7n th\u1eddi ti\u1ebft: hi\u1ec7u su\u1ea5t v\u01b0\u1ee3t tr\u1ed9i trong \u0111i\u1ec1u ki\u1ec7n m\u01b0a<\/li>\n<li data-sourcepos=\"12:1-12:61\">D\u1ef1a tr\u00ean c\u00f4ng ngh\u1ec7 diode laser m\u1ea1nh m\u1ebd v\u00e0 gi\u00e1 c\u1ea3 ph\u1ea3i ch\u0103ng<\/li>\n<li data-sourcepos=\"13:1-13:27\">Ph\u00e1t hi\u1ec7n m\u00e2y ti (cirrus)<\/li>\n<li data-sourcepos=\"14:1-15:0\">C\u00f4ng ngh\u1ec7 m\u1edbi nh\u1ea5t t\u1eeb \u200b\u200bnh\u00e0 s\u1ea3n xu\u1ea5t h\u00e0ng \u0111\u1ea7u th\u1ebf gi\u1edbi &#8211; h\u01a1n 5000 l\u1eafp \u0111\u1eb7t m\u00e1y \u0111o l\u01b0\u1eddng tr\u00ean to\u00e0n th\u1ebf gi\u1edbi<\/li>\n<\/ul>\n","protected":false},"featured_media":3067,"comment_status":"open","ping_status":"closed","template":"","meta":[],"product_cat":[15],"product_tag":[],"acf":[],"lang":"vi","translations":{"vi":3065,"en":3068},"pll_sync_post":[],"_links":{"self":[{"href":"https:\/\/demo9.thuythu.vn\/reeco\/wp-json\/wp\/v2\/product\/3065"}],"collection":[{"href":"https:\/\/demo9.thuythu.vn\/reeco\/wp-json\/wp\/v2\/product"}],"about":[{"href":"https:\/\/demo9.thuythu.vn\/reeco\/wp-json\/wp\/v2\/types\/product"}],"replies":[{"embeddable":true,"href":"https:\/\/demo9.thuythu.vn\/reeco\/wp-json\/wp\/v2\/comments?post=3065"}],"wp:featuredmedia":[{"embeddable":true,"href":"https:\/\/demo9.thuythu.vn\/reeco\/wp-json\/wp\/v2\/media\/3067"}],"wp:attachment":[{"href":"https:\/\/demo9.thuythu.vn\/reeco\/wp-json\/wp\/v2\/media?parent=3065"}],"wp:term":[{"taxonomy":"product_cat","embeddable":true,"href":"https:\/\/demo9.thuythu.vn\/reeco\/wp-json\/wp\/v2\/product_cat?post=3065"},{"taxonomy":"product_tag","embeddable":true,"href":"https:\/\/demo9.thuythu.vn\/reeco\/wp-json\/wp\/v2\/product_tag?post=3065"}],"curies":[{"name":"wp","href":"https:\/\/api.w.org\/{rel}","templated":true}]}}