{"id":3059,"date":"2024-01-19T11:28:14","date_gmt":"2024-01-19T04:28:14","guid":{"rendered":"https:\/\/demo9.thuythu.vn\/reeco\/?post_type=product&#038;p=3059"},"modified":"2024-01-22T11:50:04","modified_gmt":"2024-01-22T04:50:04","slug":"thiet-bi-do-do-cao-may-cl31","status":"publish","type":"product","link":"https:\/\/demo9.thuythu.vn\/reeco\/san-pham\/thiet-bi-do-do-cao-may-cl31\/","title":{"rendered":"Thi\u1ebft b\u1ecb \u0111o \u0111\u1ed9 cao m\u00e2y CL31"},"content":{"rendered":"","protected":false},"excerpt":{"rendered":"<p>Model: CL31<br \/>\nH\u00e3ng SX: Vaisala \u2013 Ph\u1ea7n Lan<\/p>\n<p data-sourcepos=\"3:1-3:14\"><strong>T\u00ednh n\u0103ng<\/strong>:<\/p>\n<ul data-sourcepos=\"5:1-12:0\">\n<li data-sourcepos=\"5:1-5:51\">Ph\u1ea1m vi \u0111o t\u1eeb 0 \u0111\u1ebfn 7,6 km (t\u1eeb 0 \u0111\u1ebfn 25.000 feet)<\/li>\n<li data-sourcepos=\"6:1-6:49\">Thi\u1ebft k\u1ebf d\u1ea1ng m\u00f4-\u0111un d\u1ec5 d\u00e0ng l\u1eafp \u0111\u1eb7t v\u00e0 b\u1ea3o tr\u00ec<\/li>\n<li data-sourcepos=\"7:1-7:111\">H\u1ec7 th\u1ed1ng quang h\u1ecdc m\u1ed9t th\u1ea5u k\u00ednh th\u1ebf h\u1ec7 th\u1ee9 hai ti\u00ean ti\u1ebfn, mang l\u1ea1i hi\u1ec7u su\u1ea5t tuy\u1ec7t v\u1eddi ngay c\u1ea3 \u1edf \u0111\u1ed9 cao th\u1ea5p<\/li>\n<li data-sourcepos=\"8:1-8:49\">T\u1ed1c \u0111\u1ed9 \u0111o nhanh gi\u00fap ph\u00e1t hi\u1ec7n c\u00e1c l\u1edbp m\u00e2y m\u1ecfng<\/li>\n<li data-sourcepos=\"9:1-9:148\">Ho\u1ea1t \u0111\u1ed9ng \u0111\u00e1ng tin c\u1eady trong m\u1ecdi \u0111i\u1ec1u ki\u1ec7n th\u1eddi ti\u1ebft; hi\u1ec7u su\u1ea5t v\u01b0\u1ee3t tr\u1ed9i v\u1ec1 kh\u1ea3 n\u0103ng hi\u1ec3n th\u1ecb theo chi\u1ec1u d\u1ecdc v\u00e0 ph\u00e1t hi\u1ec7n m\u00e2y trong \u0111i\u1ec1u ki\u1ec7n m\u01b0a<\/li>\n<li data-sourcepos=\"10:1-10:147\">C\u00f4ng ngh\u1ec7 ti\u00ean ti\u1ebfn nh\u1ea5t t\u1eeb nh\u00e0 s\u1ea3n xu\u1ea5t h\u00e0ng \u0111\u1ea7u th\u1ebf gi\u1edbi &#8211; d\u1ef1a tr\u00ean kinh nghi\u1ec7m t\u1eeb h\u01a1n 5.000 m\u00e1y \u0111o m\u00e2y Vaisala \u0111\u01b0\u1ee3c l\u1eafp \u0111\u1eb7t tr\u00ean to\u00e0n th\u1ebf gi\u1edbi<\/li>\n<li data-sourcepos=\"11:1-12:0\">Ch\u1ea9n \u0111o\u00e1n t\u1ef1 \u0111\u1ed9ng m\u1edf r\u1ed9ng v\u1edbi ph\u00e2n t\u00edch l\u1ed7i<\/li>\n<\/ul>\n","protected":false},"featured_media":3061,"comment_status":"open","ping_status":"closed","template":"","meta":[],"product_cat":[15],"product_tag":[],"acf":[],"lang":"vi","translations":{"vi":3059,"en":3062},"pll_sync_post":[],"_links":{"self":[{"href":"https:\/\/demo9.thuythu.vn\/reeco\/wp-json\/wp\/v2\/product\/3059"}],"collection":[{"href":"https:\/\/demo9.thuythu.vn\/reeco\/wp-json\/wp\/v2\/product"}],"about":[{"href":"https:\/\/demo9.thuythu.vn\/reeco\/wp-json\/wp\/v2\/types\/product"}],"replies":[{"embeddable":true,"href":"https:\/\/demo9.thuythu.vn\/reeco\/wp-json\/wp\/v2\/comments?post=3059"}],"wp:featuredmedia":[{"embeddable":true,"href":"https:\/\/demo9.thuythu.vn\/reeco\/wp-json\/wp\/v2\/media\/3061"}],"wp:attachment":[{"href":"https:\/\/demo9.thuythu.vn\/reeco\/wp-json\/wp\/v2\/media?parent=3059"}],"wp:term":[{"taxonomy":"product_cat","embeddable":true,"href":"https:\/\/demo9.thuythu.vn\/reeco\/wp-json\/wp\/v2\/product_cat?post=3059"},{"taxonomy":"product_tag","embeddable":true,"href":"https:\/\/demo9.thuythu.vn\/reeco\/wp-json\/wp\/v2\/product_tag?post=3059"}],"curies":[{"name":"wp","href":"https:\/\/api.w.org\/{rel}","templated":true}]}}