{"id":3026,"date":"2024-01-19T09:03:54","date_gmt":"2024-01-19T02:03:54","guid":{"rendered":"https:\/\/demo9.thuythu.vn\/reeco\/?post_type=product&#038;p=3026"},"modified":"2024-01-19T09:06:55","modified_gmt":"2024-01-19T02:06:55","slug":"thiet-bi-do-mua-rg13","status":"publish","type":"product","link":"https:\/\/demo9.thuythu.vn\/reeco\/san-pham\/thiet-bi-do-mua-rg13\/","title":{"rendered":"Thi\u1ebft b\u1ecb \u0111o m\u01b0a RG13"},"content":{"rendered":"","protected":false},"excerpt":{"rendered":"<p>Model: RG13<br \/>\nH\u00e3ng SX: Vaisala \u2013 Ph\u1ea7n Lan<\/p>\n<p><b>T\u00ednh n\u0103ng<\/b><\/p>\n<ul>\n<li style=\"font-weight: 400;\" aria-level=\"1\"><span style=\"font-weight: 400;\">\u0110\u01b0\u1ee3c thi\u1ebft k\u1ebf \u0111\u1ec3 \u0111o l\u01b0\u1ee3ng m\u01b0a<\/span><\/li>\n<li style=\"font-weight: 400;\" aria-level=\"1\"><span style=\"font-weight: 400;\">S\u1eed d\u1ee5ng nguy\u00ean l\u00fd x\u00f4 l\u1eadt<\/span><\/li>\n<li style=\"font-weight: 400;\" aria-level=\"1\"><span style=\"font-weight: 400;\">Th\u00edch h\u1ee3p cho nh\u1ef1ng \u0111\u1ecba \u0111i\u1ec3m xa x\u00f4i v\u00e0 kh\u00f4ng c\u00f3 ng\u01b0\u1eddi gi\u00e1m s\u00e1t<\/span><\/li>\n<li style=\"font-weight: 400;\" aria-level=\"1\"><span style=\"font-weight: 400;\">Cung c\u1ea5p c\u00e1c ph\u00e9p \u0111o ch\u00ednh x\u00e1c<\/span><\/li>\n<li style=\"font-weight: 400;\" aria-level=\"1\"><span style=\"font-weight: 400;\">Ti\u1ebft ki\u1ec7m v\u00e0 ho\u1ea1t \u0111\u1ed9ng \u1ed5n \u0111\u1ecbnh<\/span><\/li>\n<li style=\"font-weight: 400;\" aria-level=\"1\"><span style=\"font-weight: 400;\">Th\u00e0nh ph\u1ea7n h\u1ec7 th\u1ed1ng m\u1ea1nh m\u1ebd<\/span><\/li>\n<\/ul>\n","protected":false},"featured_media":3028,"comment_status":"open","ping_status":"closed","template":"","meta":[],"product_cat":[15],"product_tag":[],"acf":[],"lang":"vi","translations":{"vi":3026,"en":3029},"pll_sync_post":[],"_links":{"self":[{"href":"https:\/\/demo9.thuythu.vn\/reeco\/wp-json\/wp\/v2\/product\/3026"}],"collection":[{"href":"https:\/\/demo9.thuythu.vn\/reeco\/wp-json\/wp\/v2\/product"}],"about":[{"href":"https:\/\/demo9.thuythu.vn\/reeco\/wp-json\/wp\/v2\/types\/product"}],"replies":[{"embeddable":true,"href":"https:\/\/demo9.thuythu.vn\/reeco\/wp-json\/wp\/v2\/comments?post=3026"}],"wp:featuredmedia":[{"embeddable":true,"href":"https:\/\/demo9.thuythu.vn\/reeco\/wp-json\/wp\/v2\/media\/3028"}],"wp:attachment":[{"href":"https:\/\/demo9.thuythu.vn\/reeco\/wp-json\/wp\/v2\/media?parent=3026"}],"wp:term":[{"taxonomy":"product_cat","embeddable":true,"href":"https:\/\/demo9.thuythu.vn\/reeco\/wp-json\/wp\/v2\/product_cat?post=3026"},{"taxonomy":"product_tag","embeddable":true,"href":"https:\/\/demo9.thuythu.vn\/reeco\/wp-json\/wp\/v2\/product_tag?post=3026"}],"curies":[{"name":"wp","href":"https:\/\/api.w.org\/{rel}","templated":true}]}}