{"id":3022,"date":"2024-01-19T08:50:09","date_gmt":"2024-01-19T01:50:09","guid":{"rendered":"https:\/\/demo9.thuythu.vn\/reeco\/?post_type=product&#038;p=3022"},"modified":"2024-02-19T13:09:22","modified_gmt":"2024-02-19T06:09:22","slug":"cam-bien-do-mua-drd11a","status":"publish","type":"product","link":"https:\/\/demo9.thuythu.vn\/reeco\/san-pham\/cam-bien-do-mua-drd11a\/","title":{"rendered":"C\u1ea3m bi\u1ebfn \u0111o m\u01b0a DRD11A"},"content":{"rendered":"","protected":false},"excerpt":{"rendered":"<p>Model: DRD11A<br \/>\nH\u00e3ng SX: Vaisala \u2013 Ph\u1ea7n Lan<\/p>\n<p><b>T\u00ednh n\u0103ng:<\/b><\/p>\n<ul>\n<li style=\"font-weight: 400;\" aria-level=\"1\"><span style=\"font-weight: 400;\">Ph\u00e1t hi\u1ec7n l\u01b0\u1ee3ng m\u01b0a nhanh ch\u00f3ng v\u00e0 ch\u00ednh x\u00e1c (B\u1eacT\/T\u1eaeT)<\/span><\/li>\n<li style=\"font-weight: 400;\" aria-level=\"1\"><span style=\"font-weight: 400;\">\u0110o c\u01b0\u1eddng \u0111\u1ed9 m\u01b0a v\u1edbi b\u1ed9 x\u1eed l\u00fd t\u00edch h\u1ee3p<\/span><\/li>\n<li style=\"font-weight: 400;\" aria-level=\"1\"><span style=\"font-weight: 400;\">B\u1ed9 ph\u1eadn gia nhi\u1ec7t gi\u00fap c\u1ea3m bi\u1ebfn kh\u00f4ng b\u1ecb tuy\u1ebft v\u00e0 s\u01b0\u01a1ng ng\u01b0ng t\u1ee5, \u0111\u1ed3ng th\u1eddi gi\u00fap kh\u00f4 nhanh<\/span><\/li>\n<li style=\"font-weight: 400;\" aria-level=\"1\"><span style=\"font-weight: 400;\">Kh\u00f4ng c\u1ea7n b\u1ea3o tr\u00ec<\/span><\/li>\n<\/ul>\n","protected":false},"featured_media":3024,"comment_status":"open","ping_status":"closed","template":"","meta":[],"product_cat":[15],"product_tag":[],"acf":[],"lang":"vi","translations":{"vi":3022,"en":3025},"pll_sync_post":[],"_links":{"self":[{"href":"https:\/\/demo9.thuythu.vn\/reeco\/wp-json\/wp\/v2\/product\/3022"}],"collection":[{"href":"https:\/\/demo9.thuythu.vn\/reeco\/wp-json\/wp\/v2\/product"}],"about":[{"href":"https:\/\/demo9.thuythu.vn\/reeco\/wp-json\/wp\/v2\/types\/product"}],"replies":[{"embeddable":true,"href":"https:\/\/demo9.thuythu.vn\/reeco\/wp-json\/wp\/v2\/comments?post=3022"}],"wp:featuredmedia":[{"embeddable":true,"href":"https:\/\/demo9.thuythu.vn\/reeco\/wp-json\/wp\/v2\/media\/3024"}],"wp:attachment":[{"href":"https:\/\/demo9.thuythu.vn\/reeco\/wp-json\/wp\/v2\/media?parent=3022"}],"wp:term":[{"taxonomy":"product_cat","embeddable":true,"href":"https:\/\/demo9.thuythu.vn\/reeco\/wp-json\/wp\/v2\/product_cat?post=3022"},{"taxonomy":"product_tag","embeddable":true,"href":"https:\/\/demo9.thuythu.vn\/reeco\/wp-json\/wp\/v2\/product_tag?post=3022"}],"curies":[{"name":"wp","href":"https:\/\/api.w.org\/{rel}","templated":true}]}}