{"id":3016,"date":"2024-01-19T08:39:05","date_gmt":"2024-01-19T01:39:05","guid":{"rendered":"https:\/\/demo9.thuythu.vn\/reeco\/?post_type=product&#038;p=3016"},"modified":"2024-01-22T11:59:46","modified_gmt":"2024-01-22T04:59:46","slug":"thiet-bi-do-mua-qmr101-qmr102","status":"publish","type":"product","link":"https:\/\/demo9.thuythu.vn\/reeco\/san-pham\/thiet-bi-do-mua-qmr101-qmr102\/","title":{"rendered":"Thi\u1ebft b\u1ecb \u0111o m\u01b0a QMR101 &#038; QMR102"},"content":{"rendered":"","protected":false},"excerpt":{"rendered":"<p>Model: QMR101 &amp; QMR102<br \/>\nH\u00e3ng SX: Vaisala \u2013 Ph\u1ea7n Lan<\/p>\n<p><b>T\u00ednh n\u0103ng<\/b><\/p>\n<ul>\n<li style=\"font-weight: 400;\" aria-level=\"1\"><span style=\"font-weight: 400;\">Cung c\u1ea5p d\u1eef li\u1ec7u m\u01b0a ch\u00ednh x\u00e1c<\/span><\/li>\n<li style=\"font-weight: 400;\" aria-level=\"1\"><span style=\"font-weight: 400;\">Ch\u1ed1ng ch\u1ecbu th\u1eddi ti\u1ebft<\/span><\/li>\n<li style=\"font-weight: 400;\" aria-level=\"1\"><span style=\"font-weight: 400;\">V\u1ecf b\u1ecdc b\u1eb1ng nh\u1ef1a ch\u1ed1ng \u0103n m\u00f2n v\u00e0 ch\u1ed1ng tia UV<\/span><\/li>\n<li style=\"font-weight: 400;\" aria-level=\"1\"><span style=\"font-weight: 400;\">Th\u00edch h\u1ee3p l\u1eafp \u0111\u1eb7t t\u1ea1m th\u1eddi<\/span><\/li>\n<\/ul>\n","protected":false},"featured_media":3018,"comment_status":"open","ping_status":"closed","template":"","meta":[],"product_cat":[15],"product_tag":[850],"acf":[],"lang":"vi","translations":{"vi":3016,"en":3021},"pll_sync_post":[],"_links":{"self":[{"href":"https:\/\/demo9.thuythu.vn\/reeco\/wp-json\/wp\/v2\/product\/3016"}],"collection":[{"href":"https:\/\/demo9.thuythu.vn\/reeco\/wp-json\/wp\/v2\/product"}],"about":[{"href":"https:\/\/demo9.thuythu.vn\/reeco\/wp-json\/wp\/v2\/types\/product"}],"replies":[{"embeddable":true,"href":"https:\/\/demo9.thuythu.vn\/reeco\/wp-json\/wp\/v2\/comments?post=3016"}],"wp:featuredmedia":[{"embeddable":true,"href":"https:\/\/demo9.thuythu.vn\/reeco\/wp-json\/wp\/v2\/media\/3018"}],"wp:attachment":[{"href":"https:\/\/demo9.thuythu.vn\/reeco\/wp-json\/wp\/v2\/media?parent=3016"}],"wp:term":[{"taxonomy":"product_cat","embeddable":true,"href":"https:\/\/demo9.thuythu.vn\/reeco\/wp-json\/wp\/v2\/product_cat?post=3016"},{"taxonomy":"product_tag","embeddable":true,"href":"https:\/\/demo9.thuythu.vn\/reeco\/wp-json\/wp\/v2\/product_tag?post=3016"}],"curies":[{"name":"wp","href":"https:\/\/api.w.org\/{rel}","templated":true}]}}