{"id":3007,"date":"2024-01-18T16:43:12","date_gmt":"2024-01-18T09:43:12","guid":{"rendered":"https:\/\/demo9.thuythu.vn\/reeco\/?post_type=product&#038;p=3007"},"modified":"2024-01-22T11:59:05","modified_gmt":"2024-01-22T04:59:05","slug":"cam-bien-thoi-tiet-hien-tai-fs11p","status":"publish","type":"product","link":"https:\/\/demo9.thuythu.vn\/reeco\/san-pham\/cam-bien-thoi-tiet-hien-tai-fs11p\/","title":{"rendered":"C\u1ea3m bi\u1ebfn th\u1eddi ti\u1ebft hi\u1ec7n t\u1ea1i FS11P"},"content":{"rendered":"","protected":false},"excerpt":{"rendered":"<p>Model: FS11P<br \/>\nH\u00e3ng SX: Vaisala \u2013 Ph\u1ea7n Lan<\/p>\n<p><b>\u0110\u1eb7c \u0111i\u1ec3m:<\/b><\/p>\n<ul>\n<li style=\"font-weight: 400;\" aria-level=\"1\"><span style=\"font-weight: 400;\">Kh\u1ea3 n\u0103ng hi\u1ec7u \u1ee9ng \u00f4 nhi\u1ec5m c\u1eeda s\u1ed5 \u0111\u1ed9c \u0111\u00e1o<\/span><\/li>\n<li style=\"font-weight: 400;\" aria-level=\"1\"><span style=\"font-weight: 400;\">S\u1eed d\u1ee5ng c\u00e1c nguy\u00ean t\u1eafc t\u01b0\u01a1ng t\u1ef1 nh\u01b0 c\u1ea3m bi\u1ebfn th\u1eddi ti\u1ebft FD12P n\u1ed5i ti\u1ebfng<\/span><\/li>\n<li style=\"font-weight: 400;\" aria-level=\"1\"><span style=\"font-weight: 400;\">\u0110o t\u00e1n x\u1ea1 thu\u1eadn ch\u00ednh x\u00e1c v\u00e0 c\u00f3 th\u1ec3 theo d\u00f5i<\/span><\/li>\n<li style=\"font-weight: 400;\" aria-level=\"1\"><span style=\"font-weight: 400;\">Thi\u1ebft k\u1ebf k\u1ef9 thu\u1eadt v\u00e0 s\u01b0\u1edfi c\u00f4ng su\u1ea5t cao theo ti\u00eau chu\u1ea9n FAA<\/span><\/li>\n<li style=\"font-weight: 400;\" aria-level=\"1\"><span style=\"font-weight: 400;\">C\u1ed9t s\u1ee3i composit d\u1ec5 th\u00e1o l\u1eafp<\/span><\/li>\n<\/ul>\n","protected":false},"featured_media":3009,"comment_status":"open","ping_status":"closed","template":"","meta":[],"product_cat":[15],"product_tag":[],"acf":[],"lang":"vi","translations":{"vi":3007,"en":3010},"pll_sync_post":[],"_links":{"self":[{"href":"https:\/\/demo9.thuythu.vn\/reeco\/wp-json\/wp\/v2\/product\/3007"}],"collection":[{"href":"https:\/\/demo9.thuythu.vn\/reeco\/wp-json\/wp\/v2\/product"}],"about":[{"href":"https:\/\/demo9.thuythu.vn\/reeco\/wp-json\/wp\/v2\/types\/product"}],"replies":[{"embeddable":true,"href":"https:\/\/demo9.thuythu.vn\/reeco\/wp-json\/wp\/v2\/comments?post=3007"}],"wp:featuredmedia":[{"embeddable":true,"href":"https:\/\/demo9.thuythu.vn\/reeco\/wp-json\/wp\/v2\/media\/3009"}],"wp:attachment":[{"href":"https:\/\/demo9.thuythu.vn\/reeco\/wp-json\/wp\/v2\/media?parent=3007"}],"wp:term":[{"taxonomy":"product_cat","embeddable":true,"href":"https:\/\/demo9.thuythu.vn\/reeco\/wp-json\/wp\/v2\/product_cat?post=3007"},{"taxonomy":"product_tag","embeddable":true,"href":"https:\/\/demo9.thuythu.vn\/reeco\/wp-json\/wp\/v2\/product_tag?post=3007"}],"curies":[{"name":"wp","href":"https:\/\/api.w.org\/{rel}","templated":true}]}}