{"id":2999,"date":"2024-01-18T16:24:40","date_gmt":"2024-01-18T09:24:40","guid":{"rendered":"https:\/\/demo9.thuythu.vn\/reeco\/?post_type=product&#038;p=2999"},"modified":"2024-01-22T11:55:14","modified_gmt":"2024-01-22T04:55:14","slug":"cam-bien-tan-xa-phia-truoc-fd70","status":"publish","type":"product","link":"https:\/\/demo9.thuythu.vn\/reeco\/san-pham\/cam-bien-tan-xa-phia-truoc-fd70\/","title":{"rendered":"C\u1ea3m bi\u1ebfn t\u00e1n x\u1ea1 ph\u00eda tr\u01b0\u1edbc FD70"},"content":{"rendered":"","protected":false},"excerpt":{"rendered":"<p>Model: FD70<br \/>\nH\u00e3ng SX: Vaisala \u2013 Ph\u1ea7n Lan<\/p>\n<p><b>\u0110\u1eb7c \u0111i\u1ec3m<\/b><\/p>\n<ul>\n<li style=\"font-weight: 400;\" aria-level=\"1\"><span style=\"font-weight: 400;\">Tu\u00e2n th\u1ee7 ho\u00e0n to\u00e0n c\u00e1c quy \u0111\u1ecbnh c\u1ee7a ICAO, FAA v\u00e0 WMO trong ngh\u00e0nh<\/span><\/li>\n<li style=\"font-weight: 400;\" aria-level=\"1\"><span style=\"font-weight: 400;\">H\u1ec7 th\u1ed1ng b\u1ea3o m\u1eadt ph\u1ea7n m\u1ec1m ti\u00ean ti\u1ebfn gi\u00fap ng\u0103n ch\u1eb7n truy c\u1eadp tr\u00e1i ph\u00e9p<\/span><\/li>\n<li style=\"font-weight: 400;\" aria-level=\"1\"><span style=\"font-weight: 400;\">Thi\u1ebft k\u1ebf m\u00f4-dun d\u1ec5 b\u1ea3o tr\u00ec v\u1edbi th\u1eddi gian s\u1eeda ch\u1eefa d\u01b0\u1edbi 30 ph\u00fat<\/span><\/li>\n<li style=\"font-weight: 400;\" aria-level=\"1\"><span style=\"font-weight: 400;\">Chu\u1ed7i t\u1ea7m nh\u00ecn c\u00f3 th\u1ec3 theo d\u00f5i v\u00e0 hi\u1ec7u chu\u1ea9n m\u01b0a \u0111\u1ea3m b\u1ea3o d\u1eef li\u1ec7u ch\u00ednh x\u00e1c v\u00e0 \u0111\u00e1ng tin c\u1eady.<\/span><\/li>\n<li style=\"font-weight: 400;\" aria-level=\"1\"><span style=\"font-weight: 400;\">B\u00e1o c\u00e1o to\u00e0n di\u1ec7n bao g\u1ed3m: t\u1ea7m nh\u00ecn, th\u1eddi ti\u1ebft hi\u1ec7n t\u1ea1i, l\u01b0\u1ee3ng m\u01b0a t\u00edch t\u1ee5, nhi\u1ec7t \u0111\u1ed9, \u0111\u1ed9 \u1ea9m,\u00a0 ph\u00e2n b\u1ed1 k\u00edch th\u01b0\u1edbc gi\u1ecdt n\u01b0\u1edbc, ph\u00e2n b\u1ed1 t\u1ed1c \u0111\u1ed9 r\u01a1i, \u0111\u1ed9ng n\u0103ng v\u00e0 \u0111\u1ed9 ph\u1ea3n x\u1ea1 c\u1ee7a radar.<\/span><\/li>\n<li style=\"font-weight: 400;\" aria-level=\"1\"><span style=\"font-weight: 400;\">C\u1ea5u tr\u00fac c\u1ed9t d\u1ec5 th\u00e1o l\u1eafp cho ph\u00e9p \u0111i\u1ec1u ch\u1ec9nh \u0111\u1ed9 nghi\u00eang v\u00e0 chi\u1ec1u cao.<\/span><\/li>\n<li style=\"font-weight: 400;\" aria-level=\"1\"><span style=\"font-weight: 400;\">Gi\u1ea3m thi\u1ec3u nhi\u1ec5u lo\u1ea1n \u0111o l\u01b0\u1eddng v\u1edbi c\u00e1c t\u00ednh n\u0103ng nh\u01b0 h\u00ecnh h\u1ecdc h\u01b0\u1edbng xu\u1ed1ng, b\u00f9 tr\u1eeb \u00f4 nhi\u1ec5m, l\u1ecdc c\u00f4n tr\u00f9ng bay v\u00e0 b\u1ed9 s\u01b0\u1edfi c\u00f4ng su\u1ea5t cao.<\/span><\/li>\n<li style=\"font-weight: 400;\" aria-level=\"1\"><span style=\"font-weight: 400;\">C\u00f4ng ngh\u1ec7 chi\u1ebfu s\u00e1ng t\u00e1n x\u1ea1 h\u01b0\u1edbng tr\u01b0\u1edbc \u0111\u1ed9c \u0111\u00e1o gi\u00fap x\u00e1c \u0111\u1ecbnh ch\u00ednh x\u00e1c c\u00e1c \u0111i\u1ec1u ki\u1ec7n nh\u01b0 m\u01b0a \u0111\u00f3ng b\u0103ng, b\u00e3o c\u00e1t b\u1ee5i v\u00e0 m\u01b0a ph\u00f9n nh\u1eb9.<\/span><\/li>\n<\/ul>\n","protected":false},"featured_media":3001,"comment_status":"open","ping_status":"closed","template":"","meta":[],"product_cat":[15],"product_tag":[],"acf":[],"lang":"vi","translations":{"vi":2999,"en":3005},"pll_sync_post":[],"_links":{"self":[{"href":"https:\/\/demo9.thuythu.vn\/reeco\/wp-json\/wp\/v2\/product\/2999"}],"collection":[{"href":"https:\/\/demo9.thuythu.vn\/reeco\/wp-json\/wp\/v2\/product"}],"about":[{"href":"https:\/\/demo9.thuythu.vn\/reeco\/wp-json\/wp\/v2\/types\/product"}],"replies":[{"embeddable":true,"href":"https:\/\/demo9.thuythu.vn\/reeco\/wp-json\/wp\/v2\/comments?post=2999"}],"wp:featuredmedia":[{"embeddable":true,"href":"https:\/\/demo9.thuythu.vn\/reeco\/wp-json\/wp\/v2\/media\/3001"}],"wp:attachment":[{"href":"https:\/\/demo9.thuythu.vn\/reeco\/wp-json\/wp\/v2\/media?parent=2999"}],"wp:term":[{"taxonomy":"product_cat","embeddable":true,"href":"https:\/\/demo9.thuythu.vn\/reeco\/wp-json\/wp\/v2\/product_cat?post=2999"},{"taxonomy":"product_tag","embeddable":true,"href":"https:\/\/demo9.thuythu.vn\/reeco\/wp-json\/wp\/v2\/product_tag?post=2999"}],"curies":[{"name":"wp","href":"https:\/\/api.w.org\/{rel}","templated":true}]}}