{"id":2981,"date":"2024-01-17T16:43:16","date_gmt":"2024-01-17T09:43:16","guid":{"rendered":"https:\/\/demo9.thuythu.vn\/reeco\/?post_type=product&#038;p=2981"},"modified":"2024-01-26T08:45:22","modified_gmt":"2024-01-26T01:45:22","slug":"cam-bien-do-cac-thong-so-khi-tuong-wxt530","status":"publish","type":"product","link":"https:\/\/demo9.thuythu.vn\/reeco\/san-pham\/cam-bien-do-cac-thong-so-khi-tuong-wxt530\/","title":{"rendered":"C\u1ea3m bi\u1ebfn \u0111o c\u00e1c th\u00f4ng s\u1ed1 kh\u00ed t\u01b0\u1ee3ng WXT530"},"content":{"rendered":"","protected":false},"excerpt":{"rendered":"<p>Model: WXT530<br \/>\nH\u00e3ng SX: Vaisala \u2013 Ph\u1ea7n Lan<\/p>\n<p><strong>T\u00ednh n\u0103ng<\/strong><\/p>\n<ul>\n<li>\u00a0Cung c\u1ea5p k\u1ebft qu\u1ea3 \u0111o \u0111\u00e1ng tin c\u1eady v\u00e0 ch\u00ednh x\u00e1c nh\u1edd l\u1ef1a ch\u1ecdn th\u00f4ng s\u1ed1 ph\u00f9 h\u1ee3p.<\/li>\n<li>Thi\u1ebft k\u1ebf th\u00e2n thi\u1ec7n v\u1edbi ng\u01b0\u1eddi d\u00f9ng, d\u1ec5 d\u00e0ng l\u1eafp \u0111\u1eb7t v\u00e0 k\u1ebft n\u1ed1i v\u1edbi c\u00e1c h\u1ec7 th\u1ed1ng kh\u00e1c.<\/li>\n<li>T\u00edch h\u1ee3p nhi\u1ec1u c\u1ea3m bi\u1ebfn th\u1eddi ti\u1ebft cho ph\u00e9p theo d\u00f5i nhi\u1ec1u th\u00f4ng s\u1ed1 m\u00f4i tr\u01b0\u1eddng quan tr\u1ecdng.<\/li>\n<li>H\u1ed7 tr\u1ee3 c\u1ea3m bi\u1ebfn analog<\/li>\n<li>K\u00edch th\u01b0\u1edbc nh\u1ecf v\u00e0 tr\u1ecdng l\u01b0\u1ee3ng nh\u1eb9, ph\u00f9 h\u1ee3p v\u1edbi nhi\u1ec1u \u1ee9ng d\u1ee5ng kh\u00e1c nhau.<\/li>\n<li>Ti\u1ebft ki\u1ec7m n\u0103ng l\u01b0\u1ee3ng, ph\u00f9 h\u1ee3p v\u1edbi c\u00e1c \u1ee9ng d\u1ee5ng ch\u1ea1y b\u1eb1ng pin ho\u1eb7c n\u0103ng l\u01b0\u1ee3ng m\u1eb7t tr\u1eddi.<\/li>\n<li>Cung c\u1ea5p ng\u00f5 ra mA chu\u1ea9n c\u00f4ng nghi\u1ec7p, t\u01b0\u01a1ng th\u00edch v\u1edbi nhi\u1ec1u thi\u1ebft b\u1ecb \u0111\u1ea7u cu\u1ed1i.<\/li>\n<li>Gi\u00e1 th\u00e0nh h\u1ee3p l\u00fd, ph\u00f9 h\u1ee3p cho nhi\u1ec1u d\u1ef1 \u00e1n v\u00e0 nhu c\u1ea7u.<\/li>\n<li>Ch\u1ee9ng nh\u1eadn DNV GL Type Examination<\/li>\n<\/ul>\n","protected":false},"featured_media":2983,"comment_status":"open","ping_status":"closed","template":"","meta":[],"product_cat":[15],"product_tag":[],"acf":[],"lang":"vi","translations":{"vi":2981,"en":3006},"pll_sync_post":[],"_links":{"self":[{"href":"https:\/\/demo9.thuythu.vn\/reeco\/wp-json\/wp\/v2\/product\/2981"}],"collection":[{"href":"https:\/\/demo9.thuythu.vn\/reeco\/wp-json\/wp\/v2\/product"}],"about":[{"href":"https:\/\/demo9.thuythu.vn\/reeco\/wp-json\/wp\/v2\/types\/product"}],"replies":[{"embeddable":true,"href":"https:\/\/demo9.thuythu.vn\/reeco\/wp-json\/wp\/v2\/comments?post=2981"}],"wp:featuredmedia":[{"embeddable":true,"href":"https:\/\/demo9.thuythu.vn\/reeco\/wp-json\/wp\/v2\/media\/2983"}],"wp:attachment":[{"href":"https:\/\/demo9.thuythu.vn\/reeco\/wp-json\/wp\/v2\/media?parent=2981"}],"wp:term":[{"taxonomy":"product_cat","embeddable":true,"href":"https:\/\/demo9.thuythu.vn\/reeco\/wp-json\/wp\/v2\/product_cat?post=2981"},{"taxonomy":"product_tag","embeddable":true,"href":"https:\/\/demo9.thuythu.vn\/reeco\/wp-json\/wp\/v2\/product_tag?post=2981"}],"curies":[{"name":"wp","href":"https:\/\/api.w.org\/{rel}","templated":true}]}}