{"id":2975,"date":"2024-01-17T16:18:13","date_gmt":"2024-01-17T09:18:13","guid":{"rendered":"https:\/\/demo9.thuythu.vn\/reeco\/?post_type=product&#038;p=2975"},"modified":"2024-01-17T16:21:38","modified_gmt":"2024-01-17T09:21:38","slug":"cam-bien-do-cac-thong-so-khi-tuong-co-ban-ptu300","status":"publish","type":"product","link":"https:\/\/demo9.thuythu.vn\/reeco\/san-pham\/cam-bien-do-cac-thong-so-khi-tuong-co-ban-ptu300\/","title":{"rendered":"C\u1ea3m bi\u1ebfn \u0111o c\u00e1c th\u00f4ng s\u1ed1 kh\u00ed t\u01b0\u1ee3ng c\u01a1 b\u1ea3n PTU300"},"content":{"rendered":"","protected":false},"excerpt":{"rendered":"<p>Model: PTU300<br \/>\nH\u00e3ng SX: Vaisala \u2013 Ph\u1ea7n Lan<\/p>\n<p data-sourcepos=\"1:1-1:13\"><strong>T\u00ednh n\u0103ng:<\/strong><\/p>\n<ul>\n<li data-sourcepos=\"3:1-8:48\">\u0110o \u00e1p su\u1ea5t kh\u00ed quy\u1ec3n, \u0111\u1ed9 \u1ea9m v\u00e0 nhi\u1ec7t \u0111\u1ed9 trong m\u1ed9t b\u1ed9 truy\u1ec1n<\/li>\n<li data-sourcepos=\"3:1-8:48\">Giao di\u1ec7n n\u1ed1i ti\u1ebfp RS-232C v\u1edbi giao th\u1ee9c NMEA cho s\u1eed d\u1ee5ng GPS<\/li>\n<li data-sourcepos=\"3:1-8:48\">M\u00e0n h\u00ecnh \u0111\u1ed3 h\u1ecda v\u00e0 b\u00e0n ph\u00edm cho thao t\u00e1c thu\u1eadn ti\u1ec7n<\/li>\n<li data-sourcepos=\"3:1-8:48\">\u0110\u1ea7u ra analog, RS-232\/485<\/li>\n<li data-sourcepos=\"3:1-8:48\">H\u1ed7 tr\u1ee3 giao th\u1ee9c Modbus RTU<\/li>\n<li data-sourcepos=\"3:1-8:48\">C\u00f3 th\u1ec3 truy nguy\u00ean theo c\u00e1c ti\u00eau chu\u1ea9n qu\u1ed1c t\u1ebf<\/li>\n<\/ul>\n","protected":false},"featured_media":2979,"comment_status":"open","ping_status":"closed","template":"","meta":[],"product_cat":[15],"product_tag":[839,761,841],"acf":[],"lang":"vi","translations":{"vi":2975,"en":2980},"pll_sync_post":[],"_links":{"self":[{"href":"https:\/\/demo9.thuythu.vn\/reeco\/wp-json\/wp\/v2\/product\/2975"}],"collection":[{"href":"https:\/\/demo9.thuythu.vn\/reeco\/wp-json\/wp\/v2\/product"}],"about":[{"href":"https:\/\/demo9.thuythu.vn\/reeco\/wp-json\/wp\/v2\/types\/product"}],"replies":[{"embeddable":true,"href":"https:\/\/demo9.thuythu.vn\/reeco\/wp-json\/wp\/v2\/comments?post=2975"}],"wp:featuredmedia":[{"embeddable":true,"href":"https:\/\/demo9.thuythu.vn\/reeco\/wp-json\/wp\/v2\/media\/2979"}],"wp:attachment":[{"href":"https:\/\/demo9.thuythu.vn\/reeco\/wp-json\/wp\/v2\/media?parent=2975"}],"wp:term":[{"taxonomy":"product_cat","embeddable":true,"href":"https:\/\/demo9.thuythu.vn\/reeco\/wp-json\/wp\/v2\/product_cat?post=2975"},{"taxonomy":"product_tag","embeddable":true,"href":"https:\/\/demo9.thuythu.vn\/reeco\/wp-json\/wp\/v2\/product_tag?post=2975"}],"curies":[{"name":"wp","href":"https:\/\/api.w.org\/{rel}","templated":true}]}}