{"id":2970,"date":"2024-01-17T16:01:22","date_gmt":"2024-01-17T09:01:22","guid":{"rendered":"https:\/\/demo9.thuythu.vn\/reeco\/?post_type=product&#038;p=2970"},"modified":"2024-01-17T16:04:15","modified_gmt":"2024-01-17T09:04:15","slug":"bo-loc-ap-suat-tinh-sph10-20","status":"publish","type":"product","link":"https:\/\/demo9.thuythu.vn\/reeco\/san-pham\/bo-loc-ap-suat-tinh-sph10-20\/","title":{"rendered":"B\u1ed9 l\u1ecdc \u00e1p su\u1ea5t t\u0129nh SPH10\/20"},"content":{"rendered":"","protected":false},"excerpt":{"rendered":"<p>Model: SPH10\/20<br \/>\nH\u00e3ng SX: Vaisala \u2013 Ph\u1ea7n Lan<\/p>\n<p><span style=\"font-weight: 400;\">C\u00e1c bi\u1ebfn \u0111\u1ed9ng \u0111o gi\u00f3 m\u1ea1nh v\u00e0 gi\u00f3 gi\u1eadt c\u00f3 th\u1ec3 \u0111\u01b0\u1ee3c kh\u1eafc ph\u1ee5c b\u1eb1ng c\u00e1ch s\u1eed d\u1ee5ng b\u1ed9 l\u1ecdc \u00e1p su\u1ea5t t\u0129nh \u0111\u1ec3 lo\u1ea1i b\u1ecf c\u00e1c t\u00e1c \u0111\u1ed9ng c\u1ee7a \u00e1p su\u1ea5t. B\u1ed9 l\u1ecdc \u00e1p su\u1ea5t t\u0129nh SPH10\/20 c\u1ee7a Vaisala \u0111\u01b0\u1ee3c thi\u1ebft k\u1ebf \u0111\u1ec3 gi\u1ea3m thi\u1ec3u t\u1ed1i \u0111a sai s\u1ed1 do gi\u00f3 g\u00e2y ra.\u00a0<\/span><\/p>\n<p><span style=\"font-weight: 400;\">Khi b\u1ed9 l\u1ecdc \u00e1p su\u1ea5t t\u0129nh SPH10\/20 \u0111\u01b0\u1ee3c k\u1ebft h\u1ee3p v\u1edbi m\u1ed9t trong c\u00e1c c\u1ea3m bi\u1ebfn \u00e1p su\u1ea5t kh\u00ed quy c\u1ee7a Vaisala, ch\u1eb3ng h\u1ea1n nh\u01b0 PTB210, thi\u1ebft k\u1ebf n\u00e0y \u0111\u1ea3m b\u1ea3o c\u00e1c ph\u00e9p \u0111o \u00e1p su\u1ea5t kh\u00ed quy \u0111\u00e1ng tin c\u1eady trong m\u1ecdi \u0111i\u1ec1u ki\u1ec7n th\u1eddi ti\u1ebft.<\/span><\/p>\n","protected":false},"featured_media":2972,"comment_status":"open","ping_status":"closed","template":"","meta":[],"product_cat":[15],"product_tag":[],"acf":[],"lang":"vi","translations":{"vi":2970,"en":2974},"pll_sync_post":[],"_links":{"self":[{"href":"https:\/\/demo9.thuythu.vn\/reeco\/wp-json\/wp\/v2\/product\/2970"}],"collection":[{"href":"https:\/\/demo9.thuythu.vn\/reeco\/wp-json\/wp\/v2\/product"}],"about":[{"href":"https:\/\/demo9.thuythu.vn\/reeco\/wp-json\/wp\/v2\/types\/product"}],"replies":[{"embeddable":true,"href":"https:\/\/demo9.thuythu.vn\/reeco\/wp-json\/wp\/v2\/comments?post=2970"}],"wp:featuredmedia":[{"embeddable":true,"href":"https:\/\/demo9.thuythu.vn\/reeco\/wp-json\/wp\/v2\/media\/2972"}],"wp:attachment":[{"href":"https:\/\/demo9.thuythu.vn\/reeco\/wp-json\/wp\/v2\/media?parent=2970"}],"wp:term":[{"taxonomy":"product_cat","embeddable":true,"href":"https:\/\/demo9.thuythu.vn\/reeco\/wp-json\/wp\/v2\/product_cat?post=2970"},{"taxonomy":"product_tag","embeddable":true,"href":"https:\/\/demo9.thuythu.vn\/reeco\/wp-json\/wp\/v2\/product_tag?post=2970"}],"curies":[{"name":"wp","href":"https:\/\/api.w.org\/{rel}","templated":true}]}}